{"id":1442,"date":"2022-04-28T17:27:42","date_gmt":"2022-04-28T15:27:42","guid":{"rendered":"https:\/\/stiroporcena.rs\/?page_id=1442"},"modified":"2025-06-19T07:41:44","modified_gmt":"2025-06-19T05:41:44","slug":"o-nama","status":"publish","type":"page","link":"https:\/\/stiroporcena.rs\/?page_id=1442","title":{"rendered":"O nama"},"content":{"rendered":"\t\t<div data-elementor-type=\"wp-page\" data-elementor-id=\"1442\" class=\"elementor elementor-1442\">\n\t\t\t\t\t\t<section class=\"elementor-section elementor-top-section elementor-element elementor-element-21f7f29e envato-kit-141-top-0 elementor-section-boxed elementor-section-height-default elementor-section-height-default\" data-id=\"21f7f29e\" data-element_type=\"section\" data-e-type=\"section\" data-settings=\"{&quot;background_background&quot;:&quot;classic&quot;}\">\n\t\t\t\t\t\t\t<div class=\"elementor-background-overlay\"><\/div>\n\t\t\t\t\t\t\t<div class=\"elementor-container elementor-column-gap-wider\">\n\t\t\t\t\t<div class=\"elementor-column elementor-col-50 elementor-top-column elementor-element elementor-element-678aa140\" data-id=\"678aa140\" data-element_type=\"column\" data-e-type=\"column\">\n\t\t\t<div class=\"elementor-widget-wrap elementor-element-populated\">\n\t\t\t\t\t\t<div class=\"elementor-element elementor-element-20c5602b elementor-invisible elementor-widget elementor-widget-heading\" data-id=\"20c5602b\" data-element_type=\"widget\" data-e-type=\"widget\" data-settings=\"{&quot;_animation&quot;:&quot;fadeIn&quot;,&quot;_animation_delay&quot;:50}\" data-widget_type=\"heading.default\">\n\t\t\t\t<div class=\"elementor-widget-container\">\n\t\t\t\t\t<h2 class=\"elementor-heading-title elementor-size-default\">Farbara M5 Elektro<\/h2>\t\t\t\t<\/div>\n\t\t\t\t<\/div>\n\t\t\t\t<div class=\"elementor-element elementor-element-54232dd4 elementor-invisible elementor-widget elementor-widget-heading\" data-id=\"54232dd4\" data-element_type=\"widget\" data-e-type=\"widget\" data-settings=\"{&quot;_animation&quot;:&quot;fadeIn&quot;,&quot;_animation_delay&quot;:100}\" data-widget_type=\"heading.default\">\n\t\t\t\t<div class=\"elementor-widget-container\">\n\t\t\t\t\t<h2 class=\"elementor-heading-title elementor-size-default\">O nama<\/h2>\t\t\t\t<\/div>\n\t\t\t\t<\/div>\n\t\t\t\t<div class=\"elementor-element elementor-element-54abd616 elementor-widget-divider--view-line elementor-invisible elementor-widget elementor-widget-divider\" data-id=\"54abd616\" data-element_type=\"widget\" data-e-type=\"widget\" data-settings=\"{&quot;_animation&quot;:&quot;fadeIn&quot;,&quot;_animation_delay&quot;:150}\" data-widget_type=\"divider.default\">\n\t\t\t\t<div class=\"elementor-widget-container\">\n\t\t\t\t\t\t\t<div class=\"elementor-divider\">\n\t\t\t<span class=\"elementor-divider-separator\">\n\t\t\t\t\t\t<\/span>\n\t\t<\/div>\n\t\t\t\t\t\t<\/div>\n\t\t\t\t<\/div>\n\t\t\t\t<div class=\"elementor-element elementor-element-3669a35 elementor-widget elementor-widget-text-editor\" data-id=\"3669a35\" data-element_type=\"widget\" data-e-type=\"widget\" data-widget_type=\"text-editor.default\">\n\t\t\t\t<div class=\"elementor-widget-container\">\n\t\t\t\t\t\t\t\t\t<p>Preduze\u0107e <strong>Farbara M5 i Elektro M5<\/strong> uspe\u0161no posluje od svog osnivanja 2014. godine, sa sedi\u0161tem u Obrenovcu, ulica Zdravkovi\u0107eva br. 1 i drugom prodavnicom u ulici Cara Lazara 1.<\/p><p>U svom sastavu posedujemo moderno ure\u0111en maloprodajnI objekat sa magacinskim prostorom 400m2.<\/p><p>Osnovna delatnost preduze\u0107a Farbara M5 i Elektro M5 je trgovina bojama, lakovima i elektro materijala a kod nas mo\u017eete prona\u0107i veliki izbor fasadnih sistema, izolacija, molerskog alata, sandolina, stiropora uvek na akcijskim cenama, termoizolacija, lepkova, fasada, fasadnih boja, silikona, pur pena, sve za hidroizolacije, termoizolacije, ukrasni dekorativni stiropor,<br \/>dekorativne tehnike (sahara,sunset), mix sistem boja i fasada, gips karton plo\u010de, osb ploce i aluminijumske profile.<\/p>\t\t\t\t\t\t\t\t<\/div>\n\t\t\t\t<\/div>\n\t\t\t\t<div class=\"elementor-element elementor-element-1745943 elementor-widget elementor-widget-heading\" data-id=\"1745943\" data-element_type=\"widget\" data-e-type=\"widget\" data-widget_type=\"heading.default\">\n\t\t\t\t<div class=\"elementor-widget-container\">\n\t\t\t\t\t<h2 class=\"elementor-heading-title elementor-size-default\">Imamo stalne popuste i akcije<\/h2>\t\t\t\t<\/div>\n\t\t\t\t<\/div>\n\t\t\t\t<section class=\"elementor-section elementor-inner-section elementor-element elementor-element-57952bcc elementor-section-boxed elementor-section-height-default elementor-section-height-default elementor-invisible\" data-id=\"57952bcc\" data-element_type=\"section\" data-e-type=\"section\" data-settings=\"{&quot;animation&quot;:&quot;fadeIn&quot;,&quot;animation_delay&quot;:300}\">\n\t\t\t\t\t\t<div class=\"elementor-container elementor-column-gap-no\">\n\t\t\t\t\t<div class=\"elementor-column elementor-col-100 elementor-inner-column elementor-element elementor-element-2a52712\" data-id=\"2a52712\" data-element_type=\"column\" data-e-type=\"column\">\n\t\t\t<div class=\"elementor-widget-wrap elementor-element-populated\">\n\t\t\t\t\t\t<div class=\"elementor-element elementor-element-78dfeb3 elementor-widget elementor-widget-text-editor\" data-id=\"78dfeb3\" data-element_type=\"widget\" data-e-type=\"widget\" data-widget_type=\"text-editor.default\">\n\t\t\t\t<div class=\"elementor-widget-container\">\n\t\t\t\t\t\t\t\t\t<p>Iz \u0161irokog programa elektro materijala izdvajamo kablove, aling program, uti\u010dnice, prekida\u010de, dozne, modularni program, automatske osigura\u010de i razvodne table,<br \/>led panele, led sijalice, led trake, led reflektore, fasadne svetiljke, fasadne fenjere, neonsku rasvetu, produ\u017ene kablove i sve za Va\u0161 dom.<\/p>\t\t\t\t\t\t\t\t<\/div>\n\t\t\t\t<\/div>\n\t\t\t\t<div class=\"elementor-element elementor-element-2772772 elementor-widget elementor-widget-heading\" data-id=\"2772772\" data-element_type=\"widget\" data-e-type=\"widget\" data-widget_type=\"heading.default\">\n\t\t\t\t<div class=\"elementor-widget-container\">\n\t\t\t\t\t<h2 class=\"elementor-heading-title elementor-size-default\">Dostava na adresu<\/h2>\t\t\t\t<\/div>\n\t\t\t\t<\/div>\n\t\t\t\t<div class=\"elementor-element elementor-element-1634d1f elementor-widget elementor-widget-text-editor\" data-id=\"1634d1f\" data-element_type=\"widget\" data-e-type=\"widget\" data-widget_type=\"text-editor.default\">\n\t\t\t\t<div class=\"elementor-widget-container\">\n\t\t\t\t\t\t\t\t\t<p>U sklopu firme posedujemo dostavna vozila i na\u0161im uva\u017eenim potro\u0161a\u010dima obezbedjuejmo dostavu do \u017eeljene adrese. Stiropor koji kupite kod nas po akcijskim cenama zbog svojih gabarita mo\u017eemo vam dostaviti na \u017eeljenu adresu.<\/p>\t\t\t\t\t\t\t\t<\/div>\n\t\t\t\t<\/div>\n\t\t\t\t\t<\/div>\n\t\t<\/div>\n\t\t\t\t\t<\/div>\n\t\t<\/section>\n\t\t\t\t\t<\/div>\n\t\t<\/div>\n\t\t\t\t<div class=\"elementor-column elementor-col-50 elementor-top-column elementor-element elementor-element-521c365d\" data-id=\"521c365d\" data-element_type=\"column\" data-e-type=\"column\">\n\t\t\t<div class=\"elementor-widget-wrap elementor-element-populated\">\n\t\t\t\t\t\t<div class=\"elementor-element elementor-element-9d372b4 elementor-invisible elementor-widget elementor-widget-image\" data-id=\"9d372b4\" data-element_type=\"widget\" data-e-type=\"widget\" data-settings=\"{&quot;_animation&quot;:&quot;fadeIn&quot;,&quot;_animation_delay&quot;:350}\" data-widget_type=\"image.default\">\n\t\t\t\t<div class=\"elementor-widget-container\">\n\t\t\t\t\t\t\t\t\t\t\t\t\t\t\t<img decoding=\"async\" src=\"https:\/\/stiroporcena.rs\/wp-content\/uploads\/elementor\/thumbs\/prodavnica1-pnlh5ndh4n1yxrk1cm7f5qoqupgrpzui2wffhbnc9e.jpg\" title=\"prodavnica1\" alt=\"prodavnica1\" loading=\"lazy\" \/>\t\t\t\t\t\t\t\t\t\t\t\t\t\t\t<\/div>\n\t\t\t\t<\/div>\n\t\t\t\t<div class=\"elementor-element elementor-element-f629835 elementor-widget elementor-widget-text-editor\" data-id=\"f629835\" data-element_type=\"widget\" data-e-type=\"widget\" data-widget_type=\"text-editor.default\">\n\t\t\t\t<div class=\"elementor-widget-container\">\n\t\t\t\t\t\t\t\t\t<p>Misija Farbare M5 i Elektro M5 je da svoj asortiman organizuje prema zahtevima i \u017eeljama klijenata.<br \/>Nastojimo da iz dana u dan pobolj\u0161aVamo saradnju sa na\u0161im potro\u0161a\u010dima u svakom pogledu.<br \/>Svesni da su pojedinci istinski sre\u0107ni i zadovoljni samo u takvom okru\u017eenju, vodimo ra\u010duna da zadovoljimo interese svih zaposlenih, poslovnih partnera i dru\u0161tvenog okru\u017eenja.<br \/>Na\u0161a vizija je razvijanje firme u pravcu ponude najboljih proizvoda po najpovoljnijim uslovima i to sve na jednom mestu.<\/p>\t\t\t\t\t\t\t\t<\/div>\n\t\t\t\t<\/div>\n\t\t\t\t<div class=\"elementor-element elementor-element-aef1bcd elementor-widget elementor-widget-image\" data-id=\"aef1bcd\" data-element_type=\"widget\" data-e-type=\"widget\" data-widget_type=\"image.default\">\n\t\t\t\t<div class=\"elementor-widget-container\">\n\t\t\t\t\t\t\t\t\t\t\t\t\t\t\t<img fetchpriority=\"high\" decoding=\"async\" width=\"1024\" height=\"468\" src=\"https:\/\/stiroporcena.rs\/wp-content\/uploads\/2022\/04\/prodavnica-2-1024x468.jpg\" class=\"attachment-large size-large wp-image-1374\" alt=\"\" srcset=\"https:\/\/stiroporcena.rs\/wp-content\/uploads\/2022\/04\/prodavnica-2-1024x468.jpg 1024w, https:\/\/stiroporcena.rs\/wp-content\/uploads\/2022\/04\/prodavnica-2-300x137.jpg 300w, https:\/\/stiroporcena.rs\/wp-content\/uploads\/2022\/04\/prodavnica-2-768x351.jpg 768w, https:\/\/stiroporcena.rs\/wp-content\/uploads\/2022\/04\/prodavnica-2-1536x702.jpg 1536w, https:\/\/stiroporcena.rs\/wp-content\/uploads\/2022\/04\/prodavnica-2-504x230.jpg 504w, https:\/\/stiroporcena.rs\/wp-content\/uploads\/2022\/04\/prodavnica-2.jpg 1800w\" sizes=\"(max-width: 1024px) 100vw, 1024px\" \/>\t\t\t\t\t\t\t\t\t\t\t\t\t\t\t<\/div>\n\t\t\t\t<\/div>\n\t\t\t\t<div class=\"elementor-element elementor-element-2a7edc6 elementor-widget elementor-widget-button\" data-id=\"2a7edc6\" data-element_type=\"widget\" data-e-type=\"widget\" data-widget_type=\"button.default\">\n\t\t\t\t<div class=\"elementor-widget-container\">\n\t\t\t\t\t\t\t\t\t<div class=\"elementor-button-wrapper\">\n\t\t\t\t\t<a class=\"elementor-button elementor-button-link elementor-size-sm\" href=\"tel:+381652787606\">\n\t\t\t\t\t\t<span class=\"elementor-button-content-wrapper\">\n\t\t\t\t\t\t\t\t\t<span class=\"elementor-button-text\">Mob: 065 27 87 606<\/span>\n\t\t\t\t\t<\/span>\n\t\t\t\t\t<\/a>\n\t\t\t\t<\/div>\n\t\t\t\t\t\t\t\t<\/div>\n\t\t\t\t<\/div>\n\t\t\t\t<div class=\"elementor-element elementor-element-1dcb2f5 elementor-widget elementor-widget-button\" data-id=\"1dcb2f5\" data-element_type=\"widget\" data-e-type=\"widget\" data-widget_type=\"button.default\">\n\t\t\t\t<div class=\"elementor-widget-container\">\n\t\t\t\t\t\t\t\t\t<div class=\"elementor-button-wrapper\">\n\t\t\t\t\t<a class=\"elementor-button elementor-button-link elementor-size-sm\" href=\"tel:+381118727485\">\n\t\t\t\t\t\t<span class=\"elementor-button-content-wrapper\">\n\t\t\t\t\t\t\t\t\t<span class=\"elementor-button-text\">011\/8727-485-Zdravkoviceva 1<\/span>\n\t\t\t\t\t<\/span>\n\t\t\t\t\t<\/a>\n\t\t\t\t<\/div>\n\t\t\t\t\t\t\t\t<\/div>\n\t\t\t\t<\/div>\n\t\t\t\t<div class=\"elementor-element elementor-element-d4bc1f2 elementor-widget elementor-widget-button\" data-id=\"d4bc1f2\" data-element_type=\"widget\" data-e-type=\"widget\" data-widget_type=\"button.default\">\n\t\t\t\t<div class=\"elementor-widget-container\">\n\t\t\t\t\t\t\t\t\t<div class=\"elementor-button-wrapper\">\n\t\t\t\t\t<a class=\"elementor-button elementor-button-link elementor-size-sm\" href=\"tel:+38111\/6902210\">\n\t\t\t\t\t\t<span class=\"elementor-button-content-wrapper\">\n\t\t\t\t\t\t\t\t\t<span class=\"elementor-button-text\">011\/690-22-10 Cara Lazara 1<\/span>\n\t\t\t\t\t<\/span>\n\t\t\t\t\t<\/a>\n\t\t\t\t<\/div>\n\t\t\t\t\t\t\t\t<\/div>\n\t\t\t\t<\/div>\n\t\t\t\t\t<\/div>\n\t\t<\/div>\n\t\t\t\t\t<\/div>\n\t\t<\/section>\n\t\t\t\t<\/div>\n\t\t","protected":false},"excerpt":{"rendered":"<p>Farbara M5 Elektro O nama Preduze\u0107e Farbara M5 i Elektro M5 uspe\u0161no posluje od svog osnivanja 2014. godine, sa sedi\u0161tem u Obrenovcu, ulica Zdravkovi\u0107eva br. 1 i drugom prodavnicom u ulici Cara Lazara 1. U svom sastavu posedujemo moderno ure\u0111en maloprodajnI objekat sa magacinskim prostorom 400m2. Osnovna delatnost preduze\u0107a Farbara M5 i Elektro M5 je [&hellip;]<\/p>\n","protected":false},"author":1,"featured_media":0,"parent":0,"menu_order":0,"comment_status":"closed","ping_status":"closed","template":"","meta":{"ocean_post_layout":"","ocean_both_sidebars_style":"","ocean_both_sidebars_content_width":0,"ocean_both_sidebars_sidebars_width":0,"ocean_sidebar":"0","ocean_second_sidebar":"0","ocean_disable_margins":"enable","ocean_add_body_class":"","ocean_shortcode_before_top_bar":"","ocean_shortcode_after_top_bar":"","ocean_shortcode_before_header":"","ocean_shortcode_after_header":"","ocean_has_shortcode":"","ocean_shortcode_after_title":"","ocean_shortcode_before_footer_widgets":"","ocean_shortcode_after_footer_widgets":"","ocean_shortcode_before_footer_bottom":"","ocean_shortcode_after_footer_bottom":"","ocean_display_top_bar":"default","ocean_display_header":"default","ocean_header_style":"","ocean_center_header_left_menu":"0","ocean_custom_header_template":"0","ocean_custom_logo":0,"ocean_custom_retina_logo":0,"ocean_custom_logo_max_width":0,"ocean_custom_logo_tablet_max_width":0,"ocean_custom_logo_mobile_max_width":0,"ocean_custom_logo_max_height":0,"ocean_custom_logo_tablet_max_height":0,"ocean_custom_logo_mobile_max_height":0,"ocean_header_custom_menu":"0","ocean_menu_typo_font_family":"0","ocean_menu_typo_font_subset":"","ocean_menu_typo_font_size":0,"ocean_menu_typo_font_size_tablet":0,"ocean_menu_typo_font_size_mobile":0,"ocean_menu_typo_font_size_unit":"px","ocean_menu_typo_font_weight":"","ocean_menu_typo_font_weight_tablet":"","ocean_menu_typo_font_weight_mobile":"","ocean_menu_typo_transform":"","ocean_menu_typo_transform_tablet":"","ocean_menu_typo_transform_mobile":"","ocean_menu_typo_line_height":0,"ocean_menu_typo_line_height_tablet":0,"ocean_menu_typo_line_height_mobile":0,"ocean_menu_typo_line_height_unit":"","ocean_menu_typo_spacing":0,"ocean_menu_typo_spacing_tablet":0,"ocean_menu_typo_spacing_mobile":0,"ocean_menu_typo_spacing_unit":"","ocean_menu_link_color":"","ocean_menu_link_color_hover":"","ocean_menu_link_color_active":"","ocean_menu_link_background":"","ocean_menu_link_hover_background":"","ocean_menu_link_active_background":"","ocean_menu_social_links_bg":"","ocean_menu_social_hover_links_bg":"","ocean_menu_social_links_color":"","ocean_menu_social_hover_links_color":"","ocean_disable_title":"default","ocean_disable_heading":"default","ocean_post_title":"","ocean_post_subheading":"","ocean_post_title_style":"","ocean_post_title_background_color":"","ocean_post_title_background":0,"ocean_post_title_bg_image_position":"","ocean_post_title_bg_image_attachment":"","ocean_post_title_bg_image_repeat":"","ocean_post_title_bg_image_size":"","ocean_post_title_height":0,"ocean_post_title_bg_overlay":0.5,"ocean_post_title_bg_overlay_color":"","ocean_disable_breadcrumbs":"default","ocean_breadcrumbs_color":"","ocean_breadcrumbs_separator_color":"","ocean_breadcrumbs_links_color":"","ocean_breadcrumbs_links_hover_color":"","ocean_display_footer_widgets":"default","ocean_display_footer_bottom":"default","ocean_custom_footer_template":"0","footnotes":""},"class_list":["post-1442","page","type-page","status-publish","hentry","entry","owp-thumbs-layout-horizontal","owp-btn-normal","owp-tabs-layout-horizontal","has-no-thumbnails","has-product-nav"],"yoast_head":"<!-- This site is optimized with the Yoast SEO plugin v27.5 - https:\/\/yoast.com\/product\/yoast-seo-wordpress\/ -->\n<title>O nama - Stiropor Cena<\/title>\n<meta name=\"robots\" content=\"index, follow, max-snippet:-1, max-image-preview:large, max-video-preview:-1\" \/>\n<link rel=\"canonical\" href=\"https:\/\/stiroporcena.rs\/?page_id=1442\" \/>\n<meta property=\"og:locale\" content=\"sr_RS\" \/>\n<meta property=\"og:type\" content=\"article\" \/>\n<meta property=\"og:title\" content=\"O nama - Stiropor Cena\" \/>\n<meta property=\"og:description\" content=\"Farbara M5 Elektro O nama Preduze\u0107e Farbara M5 i Elektro M5 uspe\u0161no posluje od svog osnivanja 2014. godine, sa sedi\u0161tem u Obrenovcu, ulica Zdravkovi\u0107eva br. 1 i drugom prodavnicom u ulici Cara Lazara 1. U svom sastavu posedujemo moderno ure\u0111en maloprodajnI objekat sa magacinskim prostorom 400m2. Osnovna delatnost preduze\u0107a Farbara M5 i Elektro M5 je [&hellip;]\" \/>\n<meta property=\"og:url\" content=\"https:\/\/stiroporcena.rs\/?page_id=1442\" \/>\n<meta property=\"og:site_name\" content=\"Stiropor Cena\" \/>\n<meta property=\"article:modified_time\" content=\"2025-06-19T05:41:44+00:00\" \/>\n<meta property=\"og:image\" content=\"https:\/\/stiroporcena.rs\/wp-content\/uploads\/elementor\/thumbs\/prodavnica1-pnlh5ndh4n1yxrk1cm7f5qoqupgrpzui2wffhbnc9e.jpg\" \/>\n<meta name=\"twitter:card\" content=\"summary_large_image\" \/>\n<meta name=\"twitter:label1\" content=\"\u041f\u0440\u043e\u0446\u0435\u045a\u0435\u043d\u043e \u0432\u0440\u0435\u043c\u0435 \u0447\u0438\u0442\u0430\u045a\u0430\" \/>\n\t<meta name=\"twitter:data1\" content=\"1 \u043c\u0438\u043d\u0443\u0442\" \/>\n<script type=\"application\/ld+json\" class=\"yoast-schema-graph\">{\"@context\":\"https:\\\/\\\/schema.org\",\"@graph\":[{\"@type\":\"WebPage\",\"@id\":\"https:\\\/\\\/stiroporcena.rs\\\/?page_id=1442\",\"url\":\"https:\\\/\\\/stiroporcena.rs\\\/?page_id=1442\",\"name\":\"O nama - Stiropor Cena\",\"isPartOf\":{\"@id\":\"https:\\\/\\\/stiroporcena.rs\\\/#website\"},\"primaryImageOfPage\":{\"@id\":\"https:\\\/\\\/stiroporcena.rs\\\/?page_id=1442#primaryimage\"},\"image\":{\"@id\":\"https:\\\/\\\/stiroporcena.rs\\\/?page_id=1442#primaryimage\"},\"thumbnailUrl\":\"https:\\\/\\\/stiroporcena.rs\\\/wp-content\\\/uploads\\\/elementor\\\/thumbs\\\/prodavnica1-pnlh5ndh4n1yxrk1cm7f5qoqupgrpzui2wffhbnc9e.jpg\",\"datePublished\":\"2022-04-28T15:27:42+00:00\",\"dateModified\":\"2025-06-19T05:41:44+00:00\",\"breadcrumb\":{\"@id\":\"https:\\\/\\\/stiroporcena.rs\\\/?page_id=1442#breadcrumb\"},\"inLanguage\":\"sr-RS\",\"potentialAction\":[{\"@type\":\"ReadAction\",\"target\":[\"https:\\\/\\\/stiroporcena.rs\\\/?page_id=1442\"]}]},{\"@type\":\"ImageObject\",\"inLanguage\":\"sr-RS\",\"@id\":\"https:\\\/\\\/stiroporcena.rs\\\/?page_id=1442#primaryimage\",\"url\":\"https:\\\/\\\/stiroporcena.rs\\\/wp-content\\\/uploads\\\/elementor\\\/thumbs\\\/prodavnica1-pnlh5ndh4n1yxrk1cm7f5qoqupgrpzui2wffhbnc9e.jpg\",\"contentUrl\":\"https:\\\/\\\/stiroporcena.rs\\\/wp-content\\\/uploads\\\/elementor\\\/thumbs\\\/prodavnica1-pnlh5ndh4n1yxrk1cm7f5qoqupgrpzui2wffhbnc9e.jpg\"},{\"@type\":\"BreadcrumbList\",\"@id\":\"https:\\\/\\\/stiroporcena.rs\\\/?page_id=1442#breadcrumb\",\"itemListElement\":[{\"@type\":\"ListItem\",\"position\":1,\"name\":\"\u041f\u043e\u0447\u0435\u0442\u043d\u0430\",\"item\":\"https:\\\/\\\/stiroporcena.rs\\\/\"},{\"@type\":\"ListItem\",\"position\":2,\"name\":\"O nama\"}]},{\"@type\":\"WebSite\",\"@id\":\"https:\\\/\\\/stiroporcena.rs\\\/#website\",\"url\":\"https:\\\/\\\/stiroporcena.rs\\\/\",\"name\":\"Stiropor Cena\",\"description\":\"Stiropor Cena\",\"publisher\":{\"@id\":\"https:\\\/\\\/stiroporcena.rs\\\/#organization\"},\"potentialAction\":[{\"@type\":\"SearchAction\",\"target\":{\"@type\":\"EntryPoint\",\"urlTemplate\":\"https:\\\/\\\/stiroporcena.rs\\\/?s={search_term_string}\"},\"query-input\":{\"@type\":\"PropertyValueSpecification\",\"valueRequired\":true,\"valueName\":\"search_term_string\"}}],\"inLanguage\":\"sr-RS\"},{\"@type\":\"Organization\",\"@id\":\"https:\\\/\\\/stiroporcena.rs\\\/#organization\",\"name\":\"Stiropor Cena\",\"url\":\"https:\\\/\\\/stiroporcena.rs\\\/\",\"logo\":{\"@type\":\"ImageObject\",\"inLanguage\":\"sr-RS\",\"@id\":\"https:\\\/\\\/stiroporcena.rs\\\/#\\\/schema\\\/logo\\\/image\\\/\",\"url\":\"https:\\\/\\\/stiroporcena.rs\\\/wp-content\\\/uploads\\\/2026\\\/02\\\/cropped-LOGO-kontakt-300-novi.png\",\"contentUrl\":\"https:\\\/\\\/stiroporcena.rs\\\/wp-content\\\/uploads\\\/2026\\\/02\\\/cropped-LOGO-kontakt-300-novi.png\",\"width\":300,\"height\":83,\"caption\":\"Stiropor Cena\"},\"image\":{\"@id\":\"https:\\\/\\\/stiroporcena.rs\\\/#\\\/schema\\\/logo\\\/image\\\/\"}}]}<\/script>\n<!-- \/ Yoast SEO plugin. -->","yoast_head_json":{"title":"O nama - Stiropor Cena","robots":{"index":"index","follow":"follow","max-snippet":"max-snippet:-1","max-image-preview":"max-image-preview:large","max-video-preview":"max-video-preview:-1"},"canonical":"https:\/\/stiroporcena.rs\/?page_id=1442","og_locale":"sr_RS","og_type":"article","og_title":"O nama - Stiropor Cena","og_description":"Farbara M5 Elektro O nama Preduze\u0107e Farbara M5 i Elektro M5 uspe\u0161no posluje od svog osnivanja 2014. godine, sa sedi\u0161tem u Obrenovcu, ulica Zdravkovi\u0107eva br. 1 i drugom prodavnicom u ulici Cara Lazara 1. U svom sastavu posedujemo moderno ure\u0111en maloprodajnI objekat sa magacinskim prostorom 400m2. Osnovna delatnost preduze\u0107a Farbara M5 i Elektro M5 je [&hellip;]","og_url":"https:\/\/stiroporcena.rs\/?page_id=1442","og_site_name":"Stiropor Cena","article_modified_time":"2025-06-19T05:41:44+00:00","og_image":[{"url":"https:\/\/stiroporcena.rs\/wp-content\/uploads\/elementor\/thumbs\/prodavnica1-pnlh5ndh4n1yxrk1cm7f5qoqupgrpzui2wffhbnc9e.jpg","type":"","width":"","height":""}],"twitter_card":"summary_large_image","twitter_misc":{"\u041f\u0440\u043e\u0446\u0435\u045a\u0435\u043d\u043e \u0432\u0440\u0435\u043c\u0435 \u0447\u0438\u0442\u0430\u045a\u0430":"1 \u043c\u0438\u043d\u0443\u0442"},"schema":{"@context":"https:\/\/schema.org","@graph":[{"@type":"WebPage","@id":"https:\/\/stiroporcena.rs\/?page_id=1442","url":"https:\/\/stiroporcena.rs\/?page_id=1442","name":"O nama - Stiropor Cena","isPartOf":{"@id":"https:\/\/stiroporcena.rs\/#website"},"primaryImageOfPage":{"@id":"https:\/\/stiroporcena.rs\/?page_id=1442#primaryimage"},"image":{"@id":"https:\/\/stiroporcena.rs\/?page_id=1442#primaryimage"},"thumbnailUrl":"https:\/\/stiroporcena.rs\/wp-content\/uploads\/elementor\/thumbs\/prodavnica1-pnlh5ndh4n1yxrk1cm7f5qoqupgrpzui2wffhbnc9e.jpg","datePublished":"2022-04-28T15:27:42+00:00","dateModified":"2025-06-19T05:41:44+00:00","breadcrumb":{"@id":"https:\/\/stiroporcena.rs\/?page_id=1442#breadcrumb"},"inLanguage":"sr-RS","potentialAction":[{"@type":"ReadAction","target":["https:\/\/stiroporcena.rs\/?page_id=1442"]}]},{"@type":"ImageObject","inLanguage":"sr-RS","@id":"https:\/\/stiroporcena.rs\/?page_id=1442#primaryimage","url":"https:\/\/stiroporcena.rs\/wp-content\/uploads\/elementor\/thumbs\/prodavnica1-pnlh5ndh4n1yxrk1cm7f5qoqupgrpzui2wffhbnc9e.jpg","contentUrl":"https:\/\/stiroporcena.rs\/wp-content\/uploads\/elementor\/thumbs\/prodavnica1-pnlh5ndh4n1yxrk1cm7f5qoqupgrpzui2wffhbnc9e.jpg"},{"@type":"BreadcrumbList","@id":"https:\/\/stiroporcena.rs\/?page_id=1442#breadcrumb","itemListElement":[{"@type":"ListItem","position":1,"name":"\u041f\u043e\u0447\u0435\u0442\u043d\u0430","item":"https:\/\/stiroporcena.rs\/"},{"@type":"ListItem","position":2,"name":"O nama"}]},{"@type":"WebSite","@id":"https:\/\/stiroporcena.rs\/#website","url":"https:\/\/stiroporcena.rs\/","name":"Stiropor Cena","description":"Stiropor Cena","publisher":{"@id":"https:\/\/stiroporcena.rs\/#organization"},"potentialAction":[{"@type":"SearchAction","target":{"@type":"EntryPoint","urlTemplate":"https:\/\/stiroporcena.rs\/?s={search_term_string}"},"query-input":{"@type":"PropertyValueSpecification","valueRequired":true,"valueName":"search_term_string"}}],"inLanguage":"sr-RS"},{"@type":"Organization","@id":"https:\/\/stiroporcena.rs\/#organization","name":"Stiropor Cena","url":"https:\/\/stiroporcena.rs\/","logo":{"@type":"ImageObject","inLanguage":"sr-RS","@id":"https:\/\/stiroporcena.rs\/#\/schema\/logo\/image\/","url":"https:\/\/stiroporcena.rs\/wp-content\/uploads\/2026\/02\/cropped-LOGO-kontakt-300-novi.png","contentUrl":"https:\/\/stiroporcena.rs\/wp-content\/uploads\/2026\/02\/cropped-LOGO-kontakt-300-novi.png","width":300,"height":83,"caption":"Stiropor Cena"},"image":{"@id":"https:\/\/stiroporcena.rs\/#\/schema\/logo\/image\/"}}]}},"_links":{"self":[{"href":"https:\/\/stiroporcena.rs\/index.php?rest_route=\/wp\/v2\/pages\/1442","targetHints":{"allow":["GET"]}}],"collection":[{"href":"https:\/\/stiroporcena.rs\/index.php?rest_route=\/wp\/v2\/pages"}],"about":[{"href":"https:\/\/stiroporcena.rs\/index.php?rest_route=\/wp\/v2\/types\/page"}],"author":[{"embeddable":true,"href":"https:\/\/stiroporcena.rs\/index.php?rest_route=\/wp\/v2\/users\/1"}],"replies":[{"embeddable":true,"href":"https:\/\/stiroporcena.rs\/index.php?rest_route=%2Fwp%2Fv2%2Fcomments&post=1442"}],"version-history":[{"count":9,"href":"https:\/\/stiroporcena.rs\/index.php?rest_route=\/wp\/v2\/pages\/1442\/revisions"}],"predecessor-version":[{"id":2411,"href":"https:\/\/stiroporcena.rs\/index.php?rest_route=\/wp\/v2\/pages\/1442\/revisions\/2411"}],"wp:attachment":[{"href":"https:\/\/stiroporcena.rs\/index.php?rest_route=%2Fwp%2Fv2%2Fmedia&parent=1442"}],"curies":[{"name":"wp","href":"https:\/\/api.w.org\/{rel}","templated":true}]}}