{"id":1589,"date":"2022-11-22T09:27:13","date_gmt":"2022-11-22T08:27:13","guid":{"rendered":"https:\/\/stiroporcena.rs\/?post_type=product&#038;p=1589"},"modified":"2024-01-06T20:28:32","modified_gmt":"2024-01-06T19:28:32","slug":"kondorin-v3-1m-x-10m","status":"publish","type":"product","link":"https:\/\/stiroporcena.rs\/?product=kondorin-v3-1m-x-10m","title":{"rendered":"Kondorin V3 cena 10m2"},"content":{"rendered":"<p>Primena:<br \/>\nBitumenska hidroizolacija Kondorin V3 koristi se za manje zahtevne jednoslojne ili vi\u0161eslojne hidroizolacije vertikalnih i horizontalnih podzemnih delova objekata. Mo\u017ee se upotrebiti i kao sekundarni pokriva\u010d u sistemima kosih krovova. Traka se ugra\u0111uje varenjem ili lepljenjem sa preklopom od 10 cm.<\/p>\n<p>\u0160ifra: 2-D-00084<br \/>\nDimenzije: 1m x 10m<br \/>\nJedinica mere: rol<\/p>\n<p>Tehni\u010dki podaci:<br \/>\nulo\u017eak: stakleni voal<br \/>\nmasa: &gt;2,1 kg\/m\u00b2<br \/>\nfleksibilnost pri: 0\u00b0 C<br \/>\notpornost prema te\u010denju: 70\u00b0 C<br \/>\nprekidna sila uzdu\u017eno \/ popre\u010dno: &gt;300 N \/ &gt;200 N<br \/>\nizdu\u017eenje pri prekidu: &gt;2 %<\/p>\n","protected":false},"excerpt":{"rendered":"<p>Primena: Bitumenska hidroizolacija Kondorin V3 koristi se za manje zahtevne jednoslojne ili vi\u0161eslojne hidroizolacije vertikalnih i horizontalnih podzemnih delova objekata. Mo\u017ee se upotrebiti i kao sekundarni pokriva\u010d u sistemima kosih krovova. Traka se ugra\u0111uje varenjem ili lepljenjem sa preklopom od 10 cm. \u0160ifra: 2-D-00084 Dimenzije: 1m x 10m Jedinica mere: rol Tehni\u010dki podaci: ulo\u017eak: stakleni [&hellip;]<\/p>\n","protected":false},"featured_media":1590,"comment_status":"open","ping_status":"closed","template":"","meta":{"ocean_post_layout":"","ocean_both_sidebars_style":"","ocean_both_sidebars_content_width":0,"ocean_both_sidebars_sidebars_width":0,"ocean_sidebar":"0","ocean_second_sidebar":"0","ocean_disable_margins":"enable","ocean_add_body_class":"","ocean_shortcode_before_top_bar":"","ocean_shortcode_after_top_bar":"","ocean_shortcode_before_header":"","ocean_shortcode_after_header":"","ocean_has_shortcode":"","ocean_shortcode_after_title":"","ocean_shortcode_before_footer_widgets":"","ocean_shortcode_after_footer_widgets":"","ocean_shortcode_before_footer_bottom":"","ocean_shortcode_after_footer_bottom":"","ocean_display_top_bar":"default","ocean_display_header":"default","ocean_header_style":"","ocean_center_header_left_menu":"0","ocean_custom_header_template":"0","ocean_custom_logo":0,"ocean_custom_retina_logo":0,"ocean_custom_logo_max_width":0,"ocean_custom_logo_tablet_max_width":0,"ocean_custom_logo_mobile_max_width":0,"ocean_custom_logo_max_height":0,"ocean_custom_logo_tablet_max_height":0,"ocean_custom_logo_mobile_max_height":0,"ocean_header_custom_menu":"0","ocean_menu_typo_font_family":"0","ocean_menu_typo_font_subset":"","ocean_menu_typo_font_size":0,"ocean_menu_typo_font_size_tablet":0,"ocean_menu_typo_font_size_mobile":0,"ocean_menu_typo_font_size_unit":"px","ocean_menu_typo_font_weight":"","ocean_menu_typo_font_weight_tablet":"","ocean_menu_typo_font_weight_mobile":"","ocean_menu_typo_transform":"","ocean_menu_typo_transform_tablet":"","ocean_menu_typo_transform_mobile":"","ocean_menu_typo_line_height":0,"ocean_menu_typo_line_height_tablet":0,"ocean_menu_typo_line_height_mobile":0,"ocean_menu_typo_line_height_unit":"","ocean_menu_typo_spacing":0,"ocean_menu_typo_spacing_tablet":0,"ocean_menu_typo_spacing_mobile":0,"ocean_menu_typo_spacing_unit":"","ocean_menu_link_color":"","ocean_menu_link_color_hover":"","ocean_menu_link_color_active":"","ocean_menu_link_background":"","ocean_menu_link_hover_background":"","ocean_menu_link_active_background":"","ocean_menu_social_links_bg":"","ocean_menu_social_hover_links_bg":"","ocean_menu_social_links_color":"","ocean_menu_social_hover_links_color":"","ocean_disable_title":"default","ocean_disable_heading":"default","ocean_post_title":"","ocean_post_subheading":"","ocean_post_title_style":"","ocean_post_title_background_color":"","ocean_post_title_background":0,"ocean_post_title_bg_image_position":"","ocean_post_title_bg_image_attachment":"","ocean_post_title_bg_image_repeat":"","ocean_post_title_bg_image_size":"","ocean_post_title_height":0,"ocean_post_title_bg_overlay":0.5,"ocean_post_title_bg_overlay_color":"","ocean_disable_breadcrumbs":"default","ocean_breadcrumbs_color":"","ocean_breadcrumbs_separator_color":"","ocean_breadcrumbs_links_color":"","ocean_breadcrumbs_links_hover_color":"","ocean_display_footer_widgets":"default","ocean_display_footer_bottom":"default","ocean_custom_footer_template":"0"},"product_brand":[],"product_cat":[75],"product_tag":[],"class_list":{"0":"post-1589","1":"product","2":"type-product","3":"status-publish","4":"has-post-thumbnail","6":"product_cat-hidroizolacije","8":"entry","9":"has-media","11":"first","12":"instock","13":"sale","14":"shipping-taxable","15":"purchasable","16":"product-type-simple","17":"has-product-nav","18":"col","19":"span_1_of_3","20":"owp-content-center","21":"owp-thumbs-layout-horizontal","22":"owp-btn-normal","23":"owp-tabs-layout-horizontal","24":"has-no-thumbnails"},"yoast_head":"<!-- This site is optimized with the Yoast SEO plugin v27.5 - https:\/\/yoast.com\/product\/yoast-seo-wordpress\/ -->\n<title>Kondorin V3 cena 10m2 - Stiropor Cena<\/title>\n<meta name=\"robots\" content=\"index, follow, max-snippet:-1, max-image-preview:large, max-video-preview:-1\" \/>\n<link rel=\"canonical\" href=\"https:\/\/stiroporcena.rs\/?product=kondorin-v3-1m-x-10m\" \/>\n<meta property=\"og:locale\" content=\"sr_RS\" \/>\n<meta property=\"og:type\" content=\"article\" \/>\n<meta property=\"og:title\" content=\"Kondorin V3 cena 10m2 - Stiropor Cena\" \/>\n<meta property=\"og:description\" content=\"Primena: Bitumenska hidroizolacija Kondorin V3 koristi se za manje zahtevne jednoslojne ili vi\u0161eslojne hidroizolacije vertikalnih i horizontalnih podzemnih delova objekata. Mo\u017ee se upotrebiti i kao sekundarni pokriva\u010d u sistemima kosih krovova. Traka se ugra\u0111uje varenjem ili lepljenjem sa preklopom od 10 cm. \u0160ifra: 2-D-00084 Dimenzije: 1m x 10m Jedinica mere: rol Tehni\u010dki podaci: ulo\u017eak: stakleni [&hellip;]\" \/>\n<meta property=\"og:url\" content=\"https:\/\/stiroporcena.rs\/?product=kondorin-v3-1m-x-10m\" \/>\n<meta property=\"og:site_name\" content=\"Stiropor Cena\" \/>\n<meta property=\"article:modified_time\" content=\"2024-01-06T19:28:32+00:00\" \/>\n<meta property=\"og:image\" content=\"https:\/\/stiroporcena.rs\/wp-content\/uploads\/2022\/11\/kondorin.jpg\" \/>\n\t<meta property=\"og:image:width\" content=\"400\" \/>\n\t<meta property=\"og:image:height\" content=\"400\" \/>\n\t<meta property=\"og:image:type\" content=\"image\/jpeg\" \/>\n<meta name=\"twitter:card\" content=\"summary_large_image\" \/>\n<script type=\"application\/ld+json\" class=\"yoast-schema-graph\">{\"@context\":\"https:\\\/\\\/schema.org\",\"@graph\":[{\"@type\":\"WebPage\",\"@id\":\"https:\\\/\\\/stiroporcena.rs\\\/?product=kondorin-v3-1m-x-10m\",\"url\":\"https:\\\/\\\/stiroporcena.rs\\\/?product=kondorin-v3-1m-x-10m\",\"name\":\"Kondorin V3 cena 10m2 - Stiropor Cena\",\"isPartOf\":{\"@id\":\"https:\\\/\\\/stiroporcena.rs\\\/#website\"},\"primaryImageOfPage\":{\"@id\":\"https:\\\/\\\/stiroporcena.rs\\\/?product=kondorin-v3-1m-x-10m#primaryimage\"},\"image\":{\"@id\":\"https:\\\/\\\/stiroporcena.rs\\\/?product=kondorin-v3-1m-x-10m#primaryimage\"},\"thumbnailUrl\":\"https:\\\/\\\/stiroporcena.rs\\\/wp-content\\\/uploads\\\/2022\\\/11\\\/kondorin.jpg\",\"datePublished\":\"2022-11-22T08:27:13+00:00\",\"dateModified\":\"2024-01-06T19:28:32+00:00\",\"breadcrumb\":{\"@id\":\"https:\\\/\\\/stiroporcena.rs\\\/?product=kondorin-v3-1m-x-10m#breadcrumb\"},\"inLanguage\":\"sr-RS\",\"potentialAction\":[{\"@type\":\"ReadAction\",\"target\":[\"https:\\\/\\\/stiroporcena.rs\\\/?product=kondorin-v3-1m-x-10m\"]}]},{\"@type\":\"ImageObject\",\"inLanguage\":\"sr-RS\",\"@id\":\"https:\\\/\\\/stiroporcena.rs\\\/?product=kondorin-v3-1m-x-10m#primaryimage\",\"url\":\"https:\\\/\\\/stiroporcena.rs\\\/wp-content\\\/uploads\\\/2022\\\/11\\\/kondorin.jpg\",\"contentUrl\":\"https:\\\/\\\/stiroporcena.rs\\\/wp-content\\\/uploads\\\/2022\\\/11\\\/kondorin.jpg\",\"width\":400,\"height\":400},{\"@type\":\"BreadcrumbList\",\"@id\":\"https:\\\/\\\/stiroporcena.rs\\\/?product=kondorin-v3-1m-x-10m#breadcrumb\",\"itemListElement\":[{\"@type\":\"ListItem\",\"position\":1,\"name\":\"\u041f\u043e\u0447\u0435\u0442\u043d\u0430\",\"item\":\"https:\\\/\\\/stiroporcena.rs\\\/\"},{\"@type\":\"ListItem\",\"position\":2,\"name\":\"Shop\",\"item\":\"https:\\\/\\\/stiroporcena.rs\\\/?page_id=1035\"},{\"@type\":\"ListItem\",\"position\":3,\"name\":\"Kondorin V3 cena 10m2\"}]},{\"@type\":\"WebSite\",\"@id\":\"https:\\\/\\\/stiroporcena.rs\\\/#website\",\"url\":\"https:\\\/\\\/stiroporcena.rs\\\/\",\"name\":\"Stiropor Cena\",\"description\":\"Stiropor Cena\",\"publisher\":{\"@id\":\"https:\\\/\\\/stiroporcena.rs\\\/#organization\"},\"potentialAction\":[{\"@type\":\"SearchAction\",\"target\":{\"@type\":\"EntryPoint\",\"urlTemplate\":\"https:\\\/\\\/stiroporcena.rs\\\/?s={search_term_string}\"},\"query-input\":{\"@type\":\"PropertyValueSpecification\",\"valueRequired\":true,\"valueName\":\"search_term_string\"}}],\"inLanguage\":\"sr-RS\"},{\"@type\":\"Organization\",\"@id\":\"https:\\\/\\\/stiroporcena.rs\\\/#organization\",\"name\":\"Stiropor Cena\",\"url\":\"https:\\\/\\\/stiroporcena.rs\\\/\",\"logo\":{\"@type\":\"ImageObject\",\"inLanguage\":\"sr-RS\",\"@id\":\"https:\\\/\\\/stiroporcena.rs\\\/#\\\/schema\\\/logo\\\/image\\\/\",\"url\":\"https:\\\/\\\/stiroporcena.rs\\\/wp-content\\\/uploads\\\/2026\\\/02\\\/cropped-LOGO-kontakt-300-novi.png\",\"contentUrl\":\"https:\\\/\\\/stiroporcena.rs\\\/wp-content\\\/uploads\\\/2026\\\/02\\\/cropped-LOGO-kontakt-300-novi.png\",\"width\":300,\"height\":83,\"caption\":\"Stiropor Cena\"},\"image\":{\"@id\":\"https:\\\/\\\/stiroporcena.rs\\\/#\\\/schema\\\/logo\\\/image\\\/\"}}]}<\/script>\n<!-- \/ Yoast SEO plugin. -->","yoast_head_json":{"title":"Kondorin V3 cena 10m2 - Stiropor Cena","robots":{"index":"index","follow":"follow","max-snippet":"max-snippet:-1","max-image-preview":"max-image-preview:large","max-video-preview":"max-video-preview:-1"},"canonical":"https:\/\/stiroporcena.rs\/?product=kondorin-v3-1m-x-10m","og_locale":"sr_RS","og_type":"article","og_title":"Kondorin V3 cena 10m2 - Stiropor Cena","og_description":"Primena: Bitumenska hidroizolacija Kondorin V3 koristi se za manje zahtevne jednoslojne ili vi\u0161eslojne hidroizolacije vertikalnih i horizontalnih podzemnih delova objekata. Mo\u017ee se upotrebiti i kao sekundarni pokriva\u010d u sistemima kosih krovova. Traka se ugra\u0111uje varenjem ili lepljenjem sa preklopom od 10 cm. \u0160ifra: 2-D-00084 Dimenzije: 1m x 10m Jedinica mere: rol Tehni\u010dki podaci: ulo\u017eak: stakleni [&hellip;]","og_url":"https:\/\/stiroporcena.rs\/?product=kondorin-v3-1m-x-10m","og_site_name":"Stiropor Cena","article_modified_time":"2024-01-06T19:28:32+00:00","og_image":[{"width":400,"height":400,"url":"https:\/\/stiroporcena.rs\/wp-content\/uploads\/2022\/11\/kondorin.jpg","type":"image\/jpeg"}],"twitter_card":"summary_large_image","schema":{"@context":"https:\/\/schema.org","@graph":[{"@type":"WebPage","@id":"https:\/\/stiroporcena.rs\/?product=kondorin-v3-1m-x-10m","url":"https:\/\/stiroporcena.rs\/?product=kondorin-v3-1m-x-10m","name":"Kondorin V3 cena 10m2 - Stiropor Cena","isPartOf":{"@id":"https:\/\/stiroporcena.rs\/#website"},"primaryImageOfPage":{"@id":"https:\/\/stiroporcena.rs\/?product=kondorin-v3-1m-x-10m#primaryimage"},"image":{"@id":"https:\/\/stiroporcena.rs\/?product=kondorin-v3-1m-x-10m#primaryimage"},"thumbnailUrl":"https:\/\/stiroporcena.rs\/wp-content\/uploads\/2022\/11\/kondorin.jpg","datePublished":"2022-11-22T08:27:13+00:00","dateModified":"2024-01-06T19:28:32+00:00","breadcrumb":{"@id":"https:\/\/stiroporcena.rs\/?product=kondorin-v3-1m-x-10m#breadcrumb"},"inLanguage":"sr-RS","potentialAction":[{"@type":"ReadAction","target":["https:\/\/stiroporcena.rs\/?product=kondorin-v3-1m-x-10m"]}]},{"@type":"ImageObject","inLanguage":"sr-RS","@id":"https:\/\/stiroporcena.rs\/?product=kondorin-v3-1m-x-10m#primaryimage","url":"https:\/\/stiroporcena.rs\/wp-content\/uploads\/2022\/11\/kondorin.jpg","contentUrl":"https:\/\/stiroporcena.rs\/wp-content\/uploads\/2022\/11\/kondorin.jpg","width":400,"height":400},{"@type":"BreadcrumbList","@id":"https:\/\/stiroporcena.rs\/?product=kondorin-v3-1m-x-10m#breadcrumb","itemListElement":[{"@type":"ListItem","position":1,"name":"\u041f\u043e\u0447\u0435\u0442\u043d\u0430","item":"https:\/\/stiroporcena.rs\/"},{"@type":"ListItem","position":2,"name":"Shop","item":"https:\/\/stiroporcena.rs\/?page_id=1035"},{"@type":"ListItem","position":3,"name":"Kondorin V3 cena 10m2"}]},{"@type":"WebSite","@id":"https:\/\/stiroporcena.rs\/#website","url":"https:\/\/stiroporcena.rs\/","name":"Stiropor Cena","description":"Stiropor Cena","publisher":{"@id":"https:\/\/stiroporcena.rs\/#organization"},"potentialAction":[{"@type":"SearchAction","target":{"@type":"EntryPoint","urlTemplate":"https:\/\/stiroporcena.rs\/?s={search_term_string}"},"query-input":{"@type":"PropertyValueSpecification","valueRequired":true,"valueName":"search_term_string"}}],"inLanguage":"sr-RS"},{"@type":"Organization","@id":"https:\/\/stiroporcena.rs\/#organization","name":"Stiropor Cena","url":"https:\/\/stiroporcena.rs\/","logo":{"@type":"ImageObject","inLanguage":"sr-RS","@id":"https:\/\/stiroporcena.rs\/#\/schema\/logo\/image\/","url":"https:\/\/stiroporcena.rs\/wp-content\/uploads\/2026\/02\/cropped-LOGO-kontakt-300-novi.png","contentUrl":"https:\/\/stiroporcena.rs\/wp-content\/uploads\/2026\/02\/cropped-LOGO-kontakt-300-novi.png","width":300,"height":83,"caption":"Stiropor Cena"},"image":{"@id":"https:\/\/stiroporcena.rs\/#\/schema\/logo\/image\/"}}]}},"_links":{"self":[{"href":"https:\/\/stiroporcena.rs\/index.php?rest_route=\/wp\/v2\/product\/1589","targetHints":{"allow":["GET"]}}],"collection":[{"href":"https:\/\/stiroporcena.rs\/index.php?rest_route=\/wp\/v2\/product"}],"about":[{"href":"https:\/\/stiroporcena.rs\/index.php?rest_route=\/wp\/v2\/types\/product"}],"replies":[{"embeddable":true,"href":"https:\/\/stiroporcena.rs\/index.php?rest_route=%2Fwp%2Fv2%2Fcomments&post=1589"}],"wp:featuredmedia":[{"embeddable":true,"href":"https:\/\/stiroporcena.rs\/index.php?rest_route=\/wp\/v2\/media\/1590"}],"wp:attachment":[{"href":"https:\/\/stiroporcena.rs\/index.php?rest_route=%2Fwp%2Fv2%2Fmedia&parent=1589"}],"wp:term":[{"taxonomy":"product_brand","embeddable":true,"href":"https:\/\/stiroporcena.rs\/index.php?rest_route=%2Fwp%2Fv2%2Fproduct_brand&post=1589"},{"taxonomy":"product_cat","embeddable":true,"href":"https:\/\/stiroporcena.rs\/index.php?rest_route=%2Fwp%2Fv2%2Fproduct_cat&post=1589"},{"taxonomy":"product_tag","embeddable":true,"href":"https:\/\/stiroporcena.rs\/index.php?rest_route=%2Fwp%2Fv2%2Fproduct_tag&post=1589"}],"curies":[{"name":"wp","href":"https:\/\/api.w.org\/{rel}","templated":true}]}}