{"id":1597,"date":"2022-11-22T09:35:56","date_gmt":"2022-11-22T08:35:56","guid":{"rendered":"https:\/\/stiroporcena.rs\/?post_type=product&#038;p=1597"},"modified":"2024-01-08T08:13:34","modified_gmt":"2024-01-08T07:13:34","slug":"poliazbitol-5kg-22kg","status":"publish","type":"product","link":"https:\/\/stiroporcena.rs\/?product=poliazbitol-5kg-22kg","title":{"rendered":"Poliazbitol cena 22kg"},"content":{"rendered":"<p>Poliazbitol je jednokomponentna elastomer bitumenska pasta koja sadr\u017ei organski rastvara\u010d.<\/p>\n<p>Osobine<\/p>\n<p>Poliazbitol odgovara zahtevima standarda SRPS U.M3.240 (Bitumenski hidroizolacioni materijali sa organskim rastvara\u010dem za namaz u vidu paste). Upotrebljava se u isporu\u010denom stanju ( hladan postupak ) bez zagrejavanja.<\/p>\n<p>Poliazbitol je zapaljiv i zato je neophodno po\u0161tovati propise predvi\u0111ene za rad sa zapaljivim materijalima.<\/p>\n<p>Primenjuje se za hidroizolaciju krovova, sanaciju starih hidroizolacija i antikorozivnu za\u0161titu metalnih povr\u0161ina. Naro\u010dito je pogodan za hidroizolaciju mesta prodora, obradu slivnika, atika, venaca.<\/p>\n<p>Poliazbitol se nanosi na suvu i \u010distu podlogu koja je prethodno premazana Bitulitom. Upotrebljava se u hladnom stanju na temperaturama &gt; +5\u00baC. Po pravilu pre nano\u0161enja na betonsku konstrukciju ili padni beton , postavlja se prethodno hidroizolaciona traka za izjedna\u010davanje parnog pritiska.<\/p>\n<p>Poliazbitol treba, pre upotrebe, obavezno izme\u0161ati i homogenizirati. Ugra\u0111uje se, uglavnom, u dva ili tri sloja ravnomernim nano\u0161enjem \u010detkom sa tvrdom dlakom, \u0161pahtlom ili razastira\u010dem, u koli\u010dini cca 2kg\/m\u00b2 u jednom sloju. Ako se ugra\u0111uje u vi\u0161e slojeva u svaki prethodni se utiskuje staklena mre\u017eica(SIKAREMAT PREMIUM) Novi sloj se nanosi nakon o\u010dvr\u0161\u0107avanja prethodnog, a najranije za 48 sati.<\/p>\n<p>Preko izvedene hidroizolacije sa Poliazbitolom, kao za\u0161tita od dejstva sunca, preporu\u010duje se premaz Solarflex-a koji sadr\u017ei aluminijumski pigment u svom sastavu. Pri upotrebi Poliazbitola u zatvorenim prostorima mora se obezbediti dobro provetravanje i dovod sve\u017eeg vazduha. Po hladnom vremenu, ako se proizvod zgusne, potrebno je, najmanje 24h pre kori\u0161\u0107enja, lagerovati Poliazbitol u zagrejanoj prostoriji.<\/p>\n","protected":false},"excerpt":{"rendered":"<p>Poliazbitol je jednokomponentna elastomer bitumenska pasta koja sadr\u017ei organski rastvara\u010d. Osobine Poliazbitol odgovara zahtevima standarda SRPS U.M3.240 (Bitumenski hidroizolacioni materijali sa organskim rastvara\u010dem za namaz u vidu paste). Upotrebljava se u isporu\u010denom stanju ( hladan postupak ) bez zagrejavanja. Poliazbitol je zapaljiv i zato je neophodno po\u0161tovati propise predvi\u0111ene za rad sa zapaljivim materijalima. Primenjuje [&hellip;]<\/p>\n","protected":false},"featured_media":1598,"comment_status":"open","ping_status":"closed","template":"","meta":{"ocean_post_layout":"","ocean_both_sidebars_style":"","ocean_both_sidebars_content_width":0,"ocean_both_sidebars_sidebars_width":0,"ocean_sidebar":"0","ocean_second_sidebar":"0","ocean_disable_margins":"enable","ocean_add_body_class":"","ocean_shortcode_before_top_bar":"","ocean_shortcode_after_top_bar":"","ocean_shortcode_before_header":"","ocean_shortcode_after_header":"","ocean_has_shortcode":"","ocean_shortcode_after_title":"","ocean_shortcode_before_footer_widgets":"","ocean_shortcode_after_footer_widgets":"","ocean_shortcode_before_footer_bottom":"","ocean_shortcode_after_footer_bottom":"","ocean_display_top_bar":"default","ocean_display_header":"default","ocean_header_style":"","ocean_center_header_left_menu":"0","ocean_custom_header_template":"0","ocean_custom_logo":0,"ocean_custom_retina_logo":0,"ocean_custom_logo_max_width":0,"ocean_custom_logo_tablet_max_width":0,"ocean_custom_logo_mobile_max_width":0,"ocean_custom_logo_max_height":0,"ocean_custom_logo_tablet_max_height":0,"ocean_custom_logo_mobile_max_height":0,"ocean_header_custom_menu":"0","ocean_menu_typo_font_family":"0","ocean_menu_typo_font_subset":"","ocean_menu_typo_font_size":0,"ocean_menu_typo_font_size_tablet":0,"ocean_menu_typo_font_size_mobile":0,"ocean_menu_typo_font_size_unit":"px","ocean_menu_typo_font_weight":"","ocean_menu_typo_font_weight_tablet":"","ocean_menu_typo_font_weight_mobile":"","ocean_menu_typo_transform":"","ocean_menu_typo_transform_tablet":"","ocean_menu_typo_transform_mobile":"","ocean_menu_typo_line_height":0,"ocean_menu_typo_line_height_tablet":0,"ocean_menu_typo_line_height_mobile":0,"ocean_menu_typo_line_height_unit":"","ocean_menu_typo_spacing":0,"ocean_menu_typo_spacing_tablet":0,"ocean_menu_typo_spacing_mobile":0,"ocean_menu_typo_spacing_unit":"","ocean_menu_link_color":"","ocean_menu_link_color_hover":"","ocean_menu_link_color_active":"","ocean_menu_link_background":"","ocean_menu_link_hover_background":"","ocean_menu_link_active_background":"","ocean_menu_social_links_bg":"","ocean_menu_social_hover_links_bg":"","ocean_menu_social_links_color":"","ocean_menu_social_hover_links_color":"","ocean_disable_title":"default","ocean_disable_heading":"default","ocean_post_title":"","ocean_post_subheading":"","ocean_post_title_style":"","ocean_post_title_background_color":"","ocean_post_title_background":0,"ocean_post_title_bg_image_position":"","ocean_post_title_bg_image_attachment":"","ocean_post_title_bg_image_repeat":"","ocean_post_title_bg_image_size":"","ocean_post_title_height":0,"ocean_post_title_bg_overlay":0.5,"ocean_post_title_bg_overlay_color":"","ocean_disable_breadcrumbs":"default","ocean_breadcrumbs_color":"","ocean_breadcrumbs_separator_color":"","ocean_breadcrumbs_links_color":"","ocean_breadcrumbs_links_hover_color":"","ocean_display_footer_widgets":"default","ocean_display_footer_bottom":"default","ocean_custom_footer_template":"0"},"product_brand":[],"product_cat":[75],"product_tag":[],"class_list":{"0":"post-1597","1":"product","2":"type-product","3":"status-publish","4":"has-post-thumbnail","6":"product_cat-hidroizolacije","8":"entry","9":"has-media","11":"first","12":"instock","13":"shipping-taxable","14":"purchasable","15":"product-type-simple","16":"has-product-nav","17":"col","18":"span_1_of_3","19":"owp-content-center","20":"owp-thumbs-layout-horizontal","21":"owp-btn-normal","22":"owp-tabs-layout-horizontal","23":"has-no-thumbnails"},"yoast_head":"<!-- This site is optimized with the Yoast SEO plugin v27.2 - https:\/\/yoast.com\/product\/yoast-seo-wordpress\/ -->\n<title>Poliazbitol cena 22kg - Stiropor Cena<\/title>\n<meta name=\"robots\" content=\"index, follow, max-snippet:-1, max-image-preview:large, max-video-preview:-1\" \/>\n<link rel=\"canonical\" href=\"https:\/\/stiroporcena.rs\/?product=poliazbitol-5kg-22kg\" \/>\n<meta property=\"og:locale\" content=\"sr_RS\" \/>\n<meta property=\"og:type\" content=\"article\" \/>\n<meta property=\"og:title\" content=\"Poliazbitol cena 22kg - Stiropor Cena\" \/>\n<meta property=\"og:description\" content=\"Poliazbitol je jednokomponentna elastomer bitumenska pasta koja sadr\u017ei organski rastvara\u010d. Osobine Poliazbitol odgovara zahtevima standarda SRPS U.M3.240 (Bitumenski hidroizolacioni materijali sa organskim rastvara\u010dem za namaz u vidu paste). Upotrebljava se u isporu\u010denom stanju ( hladan postupak ) bez zagrejavanja. Poliazbitol je zapaljiv i zato je neophodno po\u0161tovati propise predvi\u0111ene za rad sa zapaljivim materijalima. Primenjuje [&hellip;]\" \/>\n<meta property=\"og:url\" content=\"https:\/\/stiroporcena.rs\/?product=poliazbitol-5kg-22kg\" \/>\n<meta property=\"og:site_name\" content=\"Stiropor Cena\" \/>\n<meta property=\"article:modified_time\" content=\"2024-01-08T07:13:34+00:00\" \/>\n<meta property=\"og:image\" content=\"https:\/\/stiroporcena.rs\/wp-content\/uploads\/2022\/11\/poliazbitol-5kg-22kg.jpg\" \/>\n\t<meta property=\"og:image:width\" content=\"600\" \/>\n\t<meta property=\"og:image:height\" content=\"600\" \/>\n\t<meta property=\"og:image:type\" content=\"image\/jpeg\" \/>\n<meta name=\"twitter:card\" content=\"summary_large_image\" \/>\n<meta name=\"twitter:label1\" content=\"\u041f\u0440\u043e\u0446\u0435\u045a\u0435\u043d\u043e \u0432\u0440\u0435\u043c\u0435 \u0447\u0438\u0442\u0430\u045a\u0430\" \/>\n\t<meta name=\"twitter:data1\" content=\"1 \u043c\u0438\u043d\u0443\u0442\" \/>\n<script type=\"application\/ld+json\" class=\"yoast-schema-graph\">{\"@context\":\"https:\/\/schema.org\",\"@graph\":[{\"@type\":\"WebPage\",\"@id\":\"https:\/\/stiroporcena.rs\/?product=poliazbitol-5kg-22kg\",\"url\":\"https:\/\/stiroporcena.rs\/?product=poliazbitol-5kg-22kg\",\"name\":\"Poliazbitol cena 22kg - Stiropor Cena\",\"isPartOf\":{\"@id\":\"https:\/\/stiroporcena.rs\/#website\"},\"primaryImageOfPage\":{\"@id\":\"https:\/\/stiroporcena.rs\/?product=poliazbitol-5kg-22kg#primaryimage\"},\"image\":{\"@id\":\"https:\/\/stiroporcena.rs\/?product=poliazbitol-5kg-22kg#primaryimage\"},\"thumbnailUrl\":\"https:\/\/stiroporcena.rs\/wp-content\/uploads\/2022\/11\/poliazbitol-5kg-22kg.jpg\",\"datePublished\":\"2022-11-22T08:35:56+00:00\",\"dateModified\":\"2024-01-08T07:13:34+00:00\",\"breadcrumb\":{\"@id\":\"https:\/\/stiroporcena.rs\/?product=poliazbitol-5kg-22kg#breadcrumb\"},\"inLanguage\":\"sr-RS\",\"potentialAction\":[{\"@type\":\"ReadAction\",\"target\":[\"https:\/\/stiroporcena.rs\/?product=poliazbitol-5kg-22kg\"]}]},{\"@type\":\"ImageObject\",\"inLanguage\":\"sr-RS\",\"@id\":\"https:\/\/stiroporcena.rs\/?product=poliazbitol-5kg-22kg#primaryimage\",\"url\":\"https:\/\/stiroporcena.rs\/wp-content\/uploads\/2022\/11\/poliazbitol-5kg-22kg.jpg\",\"contentUrl\":\"https:\/\/stiroporcena.rs\/wp-content\/uploads\/2022\/11\/poliazbitol-5kg-22kg.jpg\",\"width\":600,\"height\":600},{\"@type\":\"BreadcrumbList\",\"@id\":\"https:\/\/stiroporcena.rs\/?product=poliazbitol-5kg-22kg#breadcrumb\",\"itemListElement\":[{\"@type\":\"ListItem\",\"position\":1,\"name\":\"\u041f\u043e\u0447\u0435\u0442\u043d\u0430\",\"item\":\"https:\/\/stiroporcena.rs\/\"},{\"@type\":\"ListItem\",\"position\":2,\"name\":\"Shop\",\"item\":\"https:\/\/stiroporcena.rs\/?page_id=1035\"},{\"@type\":\"ListItem\",\"position\":3,\"name\":\"Poliazbitol cena 22kg\"}]},{\"@type\":\"WebSite\",\"@id\":\"https:\/\/stiroporcena.rs\/#website\",\"url\":\"https:\/\/stiroporcena.rs\/\",\"name\":\"Stiropor Cena\",\"description\":\"Stiropor Cena\",\"publisher\":{\"@id\":\"https:\/\/stiroporcena.rs\/#organization\"},\"potentialAction\":[{\"@type\":\"SearchAction\",\"target\":{\"@type\":\"EntryPoint\",\"urlTemplate\":\"https:\/\/stiroporcena.rs\/?s={search_term_string}\"},\"query-input\":{\"@type\":\"PropertyValueSpecification\",\"valueRequired\":true,\"valueName\":\"search_term_string\"}}],\"inLanguage\":\"sr-RS\"},{\"@type\":\"Organization\",\"@id\":\"https:\/\/stiroporcena.rs\/#organization\",\"name\":\"Stiropor Cena\",\"url\":\"https:\/\/stiroporcena.rs\/\",\"logo\":{\"@type\":\"ImageObject\",\"inLanguage\":\"sr-RS\",\"@id\":\"https:\/\/stiroporcena.rs\/#\/schema\/logo\/image\/\",\"url\":\"https:\/\/stiroporcena.rs\/wp-content\/uploads\/2026\/02\/cropped-LOGO-kontakt-300-novi.png\",\"contentUrl\":\"https:\/\/stiroporcena.rs\/wp-content\/uploads\/2026\/02\/cropped-LOGO-kontakt-300-novi.png\",\"width\":300,\"height\":83,\"caption\":\"Stiropor Cena\"},\"image\":{\"@id\":\"https:\/\/stiroporcena.rs\/#\/schema\/logo\/image\/\"}}]}<\/script>\n<!-- \/ Yoast SEO plugin. -->","yoast_head_json":{"title":"Poliazbitol cena 22kg - Stiropor Cena","robots":{"index":"index","follow":"follow","max-snippet":"max-snippet:-1","max-image-preview":"max-image-preview:large","max-video-preview":"max-video-preview:-1"},"canonical":"https:\/\/stiroporcena.rs\/?product=poliazbitol-5kg-22kg","og_locale":"sr_RS","og_type":"article","og_title":"Poliazbitol cena 22kg - Stiropor Cena","og_description":"Poliazbitol je jednokomponentna elastomer bitumenska pasta koja sadr\u017ei organski rastvara\u010d. Osobine Poliazbitol odgovara zahtevima standarda SRPS U.M3.240 (Bitumenski hidroizolacioni materijali sa organskim rastvara\u010dem za namaz u vidu paste). Upotrebljava se u isporu\u010denom stanju ( hladan postupak ) bez zagrejavanja. Poliazbitol je zapaljiv i zato je neophodno po\u0161tovati propise predvi\u0111ene za rad sa zapaljivim materijalima. Primenjuje [&hellip;]","og_url":"https:\/\/stiroporcena.rs\/?product=poliazbitol-5kg-22kg","og_site_name":"Stiropor Cena","article_modified_time":"2024-01-08T07:13:34+00:00","og_image":[{"width":600,"height":600,"url":"https:\/\/stiroporcena.rs\/wp-content\/uploads\/2022\/11\/poliazbitol-5kg-22kg.jpg","type":"image\/jpeg"}],"twitter_card":"summary_large_image","twitter_misc":{"\u041f\u0440\u043e\u0446\u0435\u045a\u0435\u043d\u043e \u0432\u0440\u0435\u043c\u0435 \u0447\u0438\u0442\u0430\u045a\u0430":"1 \u043c\u0438\u043d\u0443\u0442"},"schema":{"@context":"https:\/\/schema.org","@graph":[{"@type":"WebPage","@id":"https:\/\/stiroporcena.rs\/?product=poliazbitol-5kg-22kg","url":"https:\/\/stiroporcena.rs\/?product=poliazbitol-5kg-22kg","name":"Poliazbitol cena 22kg - Stiropor Cena","isPartOf":{"@id":"https:\/\/stiroporcena.rs\/#website"},"primaryImageOfPage":{"@id":"https:\/\/stiroporcena.rs\/?product=poliazbitol-5kg-22kg#primaryimage"},"image":{"@id":"https:\/\/stiroporcena.rs\/?product=poliazbitol-5kg-22kg#primaryimage"},"thumbnailUrl":"https:\/\/stiroporcena.rs\/wp-content\/uploads\/2022\/11\/poliazbitol-5kg-22kg.jpg","datePublished":"2022-11-22T08:35:56+00:00","dateModified":"2024-01-08T07:13:34+00:00","breadcrumb":{"@id":"https:\/\/stiroporcena.rs\/?product=poliazbitol-5kg-22kg#breadcrumb"},"inLanguage":"sr-RS","potentialAction":[{"@type":"ReadAction","target":["https:\/\/stiroporcena.rs\/?product=poliazbitol-5kg-22kg"]}]},{"@type":"ImageObject","inLanguage":"sr-RS","@id":"https:\/\/stiroporcena.rs\/?product=poliazbitol-5kg-22kg#primaryimage","url":"https:\/\/stiroporcena.rs\/wp-content\/uploads\/2022\/11\/poliazbitol-5kg-22kg.jpg","contentUrl":"https:\/\/stiroporcena.rs\/wp-content\/uploads\/2022\/11\/poliazbitol-5kg-22kg.jpg","width":600,"height":600},{"@type":"BreadcrumbList","@id":"https:\/\/stiroporcena.rs\/?product=poliazbitol-5kg-22kg#breadcrumb","itemListElement":[{"@type":"ListItem","position":1,"name":"\u041f\u043e\u0447\u0435\u0442\u043d\u0430","item":"https:\/\/stiroporcena.rs\/"},{"@type":"ListItem","position":2,"name":"Shop","item":"https:\/\/stiroporcena.rs\/?page_id=1035"},{"@type":"ListItem","position":3,"name":"Poliazbitol cena 22kg"}]},{"@type":"WebSite","@id":"https:\/\/stiroporcena.rs\/#website","url":"https:\/\/stiroporcena.rs\/","name":"Stiropor Cena","description":"Stiropor Cena","publisher":{"@id":"https:\/\/stiroporcena.rs\/#organization"},"potentialAction":[{"@type":"SearchAction","target":{"@type":"EntryPoint","urlTemplate":"https:\/\/stiroporcena.rs\/?s={search_term_string}"},"query-input":{"@type":"PropertyValueSpecification","valueRequired":true,"valueName":"search_term_string"}}],"inLanguage":"sr-RS"},{"@type":"Organization","@id":"https:\/\/stiroporcena.rs\/#organization","name":"Stiropor Cena","url":"https:\/\/stiroporcena.rs\/","logo":{"@type":"ImageObject","inLanguage":"sr-RS","@id":"https:\/\/stiroporcena.rs\/#\/schema\/logo\/image\/","url":"https:\/\/stiroporcena.rs\/wp-content\/uploads\/2026\/02\/cropped-LOGO-kontakt-300-novi.png","contentUrl":"https:\/\/stiroporcena.rs\/wp-content\/uploads\/2026\/02\/cropped-LOGO-kontakt-300-novi.png","width":300,"height":83,"caption":"Stiropor Cena"},"image":{"@id":"https:\/\/stiroporcena.rs\/#\/schema\/logo\/image\/"}}]}},"_links":{"self":[{"href":"https:\/\/stiroporcena.rs\/index.php?rest_route=\/wp\/v2\/product\/1597","targetHints":{"allow":["GET"]}}],"collection":[{"href":"https:\/\/stiroporcena.rs\/index.php?rest_route=\/wp\/v2\/product"}],"about":[{"href":"https:\/\/stiroporcena.rs\/index.php?rest_route=\/wp\/v2\/types\/product"}],"replies":[{"embeddable":true,"href":"https:\/\/stiroporcena.rs\/index.php?rest_route=%2Fwp%2Fv2%2Fcomments&post=1597"}],"wp:featuredmedia":[{"embeddable":true,"href":"https:\/\/stiroporcena.rs\/index.php?rest_route=\/wp\/v2\/media\/1598"}],"wp:attachment":[{"href":"https:\/\/stiroporcena.rs\/index.php?rest_route=%2Fwp%2Fv2%2Fmedia&parent=1597"}],"wp:term":[{"taxonomy":"product_brand","embeddable":true,"href":"https:\/\/stiroporcena.rs\/index.php?rest_route=%2Fwp%2Fv2%2Fproduct_brand&post=1597"},{"taxonomy":"product_cat","embeddable":true,"href":"https:\/\/stiroporcena.rs\/index.php?rest_route=%2Fwp%2Fv2%2Fproduct_cat&post=1597"},{"taxonomy":"product_tag","embeddable":true,"href":"https:\/\/stiroporcena.rs\/index.php?rest_route=%2Fwp%2Fv2%2Fproduct_tag&post=1597"}],"curies":[{"name":"wp","href":"https:\/\/api.w.org\/{rel}","templated":true}]}}