{"id":1690,"date":"2024-01-06T10:03:20","date_gmt":"2024-01-06T09:03:20","guid":{"rendered":"https:\/\/stiroporcena.rs\/?post_type=product&#038;p=1690"},"modified":"2025-02-12T09:02:51","modified_gmt":"2025-02-12T08:02:51","slug":"stiropor-maxima-10-cm-cena","status":"publish","type":"product","link":"https:\/\/stiroporcena.rs\/?product=stiropor-maxima-10-cm-cena","title":{"rendered":"Stiropor Maxima 10 cm cena"},"content":{"rendered":"<h3 data-start=\"49\" data-end=\"127\"><strong data-start=\"53\" data-end=\"125\">Stiropor za fasade i izolaciju \u2013 Najbolji kvalitet po povoljnoj ceni<\/strong><\/h3>\n<p data-start=\"129\" data-end=\"347\">Stiropor je jedan od najefikasnijih termoizolacionih materijala, idealan za <strong data-start=\"205\" data-end=\"241\">fasade, zidove, podove i krovove<\/strong>. Pru\u017ea odli\u010dnu <strong data-start=\"257\" data-end=\"288\">toplotnu i zvu\u010dnu izolaciju<\/strong>, \u0161tedi energiju i smanjuje tro\u0161kove grejanja i hla\u0111enja.<\/p>\n<p data-start=\"349\" data-end=\"578\">U na\u0161oj ponudi prona\u0107i \u0107ete <strong data-start=\"377\" data-end=\"445\">stiropor razli\u010ditih gustina i debljina (EPS 50, EPS 70, EPS 100)<\/strong> koji odgovara svim vrstama <strong data-start=\"473\" data-end=\"510\">termofasada i izolacionih sistema<\/strong>. Odlikuje ga <strong data-start=\"524\" data-end=\"575\">otpornost na vlagu, dugotrajnost i laka monta\u017ea<\/strong>.<\/p>\n<p data-start=\"580\" data-end=\"853\"> <strong data-start=\"583\" data-end=\"610\">Najbolje cene stiropora<\/strong> \u2013 Odli\u010dan odnos cene i kvaliteta<br data-start=\"643\" data-end=\"646\" \/> <strong data-start=\"649\" data-end=\"671\">Stiropor za fasade<\/strong> \u2013 Idealno re\u0161enje za toplotnu izolaciju<br data-start=\"711\" data-end=\"714\" \/> <strong data-start=\"717\" data-end=\"753\">EPS stiropor i grafitni stiropor<\/strong> \u2013 Pobolj\u0161ane izolacione karakteristike<br data-start=\"792\" data-end=\"795\" \/> <strong data-start=\"798\" data-end=\"815\">Brza isporuka<\/strong> \u2013 Dostava na teritoriji cele Srbije<\/p>\n<p data-start=\"855\" data-end=\"905\"> <strong data-start=\"858\" data-end=\"877\">Poru\u010dite odmah!<\/strong> Kontakt: <strong data-start=\"887\" data-end=\"903\">065\/2787-606<\/strong><\/p>\n","protected":false},"excerpt":{"rendered":"<p>Stiropor za fasade i izolaciju \u2013 Najbolji kvalitet po povoljnoj ceni Stiropor je jedan od najefikasnijih termoizolacionih materijala, idealan za fasade, zidove, podove i krovove. Pru\u017ea odli\u010dnu toplotnu i zvu\u010dnu izolaciju, \u0161tedi energiju i smanjuje tro\u0161kove grejanja i hla\u0111enja. U na\u0161oj ponudi prona\u0107i \u0107ete stiropor razli\u010ditih gustina i debljina (EPS 50, EPS 70, EPS 100) [&hellip;]<\/p>\n","protected":false},"featured_media":1691,"comment_status":"open","ping_status":"closed","template":"","meta":{"ocean_post_layout":"","ocean_both_sidebars_style":"","ocean_both_sidebars_content_width":0,"ocean_both_sidebars_sidebars_width":0,"ocean_sidebar":"0","ocean_second_sidebar":"0","ocean_disable_margins":"enable","ocean_add_body_class":"","ocean_shortcode_before_top_bar":"","ocean_shortcode_after_top_bar":"","ocean_shortcode_before_header":"","ocean_shortcode_after_header":"","ocean_has_shortcode":"","ocean_shortcode_after_title":"","ocean_shortcode_before_footer_widgets":"","ocean_shortcode_after_footer_widgets":"","ocean_shortcode_before_footer_bottom":"","ocean_shortcode_after_footer_bottom":"","ocean_display_top_bar":"default","ocean_display_header":"default","ocean_header_style":"","ocean_center_header_left_menu":"0","ocean_custom_header_template":"0","ocean_custom_logo":0,"ocean_custom_retina_logo":0,"ocean_custom_logo_max_width":0,"ocean_custom_logo_tablet_max_width":0,"ocean_custom_logo_mobile_max_width":0,"ocean_custom_logo_max_height":0,"ocean_custom_logo_tablet_max_height":0,"ocean_custom_logo_mobile_max_height":0,"ocean_header_custom_menu":"0","ocean_menu_typo_font_family":"0","ocean_menu_typo_font_subset":"","ocean_menu_typo_font_size":0,"ocean_menu_typo_font_size_tablet":0,"ocean_menu_typo_font_size_mobile":0,"ocean_menu_typo_font_size_unit":"px","ocean_menu_typo_font_weight":"","ocean_menu_typo_font_weight_tablet":"","ocean_menu_typo_font_weight_mobile":"","ocean_menu_typo_transform":"","ocean_menu_typo_transform_tablet":"","ocean_menu_typo_transform_mobile":"","ocean_menu_typo_line_height":0,"ocean_menu_typo_line_height_tablet":0,"ocean_menu_typo_line_height_mobile":0,"ocean_menu_typo_line_height_unit":"","ocean_menu_typo_spacing":0,"ocean_menu_typo_spacing_tablet":0,"ocean_menu_typo_spacing_mobile":0,"ocean_menu_typo_spacing_unit":"","ocean_menu_link_color":"","ocean_menu_link_color_hover":"","ocean_menu_link_color_active":"","ocean_menu_link_background":"","ocean_menu_link_hover_background":"","ocean_menu_link_active_background":"","ocean_menu_social_links_bg":"","ocean_menu_social_hover_links_bg":"","ocean_menu_social_links_color":"","ocean_menu_social_hover_links_color":"","ocean_disable_title":"default","ocean_disable_heading":"default","ocean_post_title":"","ocean_post_subheading":"","ocean_post_title_style":"","ocean_post_title_background_color":"","ocean_post_title_background":0,"ocean_post_title_bg_image_position":"","ocean_post_title_bg_image_attachment":"","ocean_post_title_bg_image_repeat":"","ocean_post_title_bg_image_size":"","ocean_post_title_height":0,"ocean_post_title_bg_overlay":0.5,"ocean_post_title_bg_overlay_color":"","ocean_disable_breadcrumbs":"default","ocean_breadcrumbs_color":"","ocean_breadcrumbs_separator_color":"","ocean_breadcrumbs_links_color":"","ocean_breadcrumbs_links_hover_color":"","ocean_display_footer_widgets":"default","ocean_display_footer_bottom":"default","ocean_custom_footer_template":"0"},"product_brand":[],"product_cat":[60,61],"product_tag":[],"class_list":{"0":"post-1690","1":"product","2":"type-product","3":"status-publish","4":"has-post-thumbnail","6":"product_cat-stiropor","7":"product_cat-stiropor-i-prateci-program","9":"entry","10":"has-media","12":"first","13":"instock","14":"sale","15":"shipping-taxable","16":"purchasable","17":"product-type-simple","18":"has-product-nav","19":"col","20":"span_1_of_3","21":"owp-content-center","22":"owp-thumbs-layout-horizontal","23":"owp-btn-normal","24":"owp-tabs-layout-horizontal","25":"has-no-thumbnails"},"yoast_head":"<!-- This site is optimized with the Yoast SEO plugin v27.5 - https:\/\/yoast.com\/product\/yoast-seo-wordpress\/ -->\n<title>Stiropor Maxima 10 cm cena - Stiropor Cena<\/title>\n<meta name=\"robots\" content=\"index, follow, max-snippet:-1, max-image-preview:large, max-video-preview:-1\" \/>\n<link rel=\"canonical\" href=\"https:\/\/stiroporcena.rs\/?product=stiropor-maxima-10-cm-cena\" \/>\n<meta property=\"og:locale\" content=\"sr_RS\" \/>\n<meta property=\"og:type\" content=\"article\" \/>\n<meta property=\"og:title\" content=\"Stiropor Maxima 10 cm cena - Stiropor Cena\" \/>\n<meta property=\"og:description\" content=\"Stiropor za fasade i izolaciju \u2013 Najbolji kvalitet po povoljnoj ceni Stiropor je jedan od najefikasnijih termoizolacionih materijala, idealan za fasade, zidove, podove i krovove. Pru\u017ea odli\u010dnu toplotnu i zvu\u010dnu izolaciju, \u0161tedi energiju i smanjuje tro\u0161kove grejanja i hla\u0111enja. U na\u0161oj ponudi prona\u0107i \u0107ete stiropor razli\u010ditih gustina i debljina (EPS 50, EPS 70, EPS 100) [&hellip;]\" \/>\n<meta property=\"og:url\" content=\"https:\/\/stiroporcena.rs\/?product=stiropor-maxima-10-cm-cena\" \/>\n<meta property=\"og:site_name\" content=\"Stiropor Cena\" \/>\n<meta property=\"article:modified_time\" content=\"2025-02-12T08:02:51+00:00\" \/>\n<meta property=\"og:image\" content=\"https:\/\/stiroporcena.rs\/wp-content\/uploads\/2024\/01\/MAXIMA-STIROPOR-2.jpg\" \/>\n\t<meta property=\"og:image:width\" content=\"800\" \/>\n\t<meta property=\"og:image:height\" content=\"800\" \/>\n\t<meta property=\"og:image:type\" content=\"image\/jpeg\" \/>\n<meta name=\"twitter:card\" content=\"summary_large_image\" \/>\n<meta name=\"twitter:label1\" content=\"\u041f\u0440\u043e\u0446\u0435\u045a\u0435\u043d\u043e \u0432\u0440\u0435\u043c\u0435 \u0447\u0438\u0442\u0430\u045a\u0430\" \/>\n\t<meta name=\"twitter:data1\" content=\"1 \u043c\u0438\u043d\u0443\u0442\" \/>\n<script type=\"application\/ld+json\" class=\"yoast-schema-graph\">{\"@context\":\"https:\\\/\\\/schema.org\",\"@graph\":[{\"@type\":\"WebPage\",\"@id\":\"https:\\\/\\\/stiroporcena.rs\\\/?product=stiropor-maxima-10-cm-cena\",\"url\":\"https:\\\/\\\/stiroporcena.rs\\\/?product=stiropor-maxima-10-cm-cena\",\"name\":\"Stiropor Maxima 10 cm cena - Stiropor Cena\",\"isPartOf\":{\"@id\":\"https:\\\/\\\/stiroporcena.rs\\\/#website\"},\"primaryImageOfPage\":{\"@id\":\"https:\\\/\\\/stiroporcena.rs\\\/?product=stiropor-maxima-10-cm-cena#primaryimage\"},\"image\":{\"@id\":\"https:\\\/\\\/stiroporcena.rs\\\/?product=stiropor-maxima-10-cm-cena#primaryimage\"},\"thumbnailUrl\":\"https:\\\/\\\/stiroporcena.rs\\\/wp-content\\\/uploads\\\/2024\\\/01\\\/MAXIMA-STIROPOR-2.jpg\",\"datePublished\":\"2024-01-06T09:03:20+00:00\",\"dateModified\":\"2025-02-12T08:02:51+00:00\",\"breadcrumb\":{\"@id\":\"https:\\\/\\\/stiroporcena.rs\\\/?product=stiropor-maxima-10-cm-cena#breadcrumb\"},\"inLanguage\":\"sr-RS\",\"potentialAction\":[{\"@type\":\"ReadAction\",\"target\":[\"https:\\\/\\\/stiroporcena.rs\\\/?product=stiropor-maxima-10-cm-cena\"]}]},{\"@type\":\"ImageObject\",\"inLanguage\":\"sr-RS\",\"@id\":\"https:\\\/\\\/stiroporcena.rs\\\/?product=stiropor-maxima-10-cm-cena#primaryimage\",\"url\":\"https:\\\/\\\/stiroporcena.rs\\\/wp-content\\\/uploads\\\/2024\\\/01\\\/MAXIMA-STIROPOR-2.jpg\",\"contentUrl\":\"https:\\\/\\\/stiroporcena.rs\\\/wp-content\\\/uploads\\\/2024\\\/01\\\/MAXIMA-STIROPOR-2.jpg\",\"width\":800,\"height\":800},{\"@type\":\"BreadcrumbList\",\"@id\":\"https:\\\/\\\/stiroporcena.rs\\\/?product=stiropor-maxima-10-cm-cena#breadcrumb\",\"itemListElement\":[{\"@type\":\"ListItem\",\"position\":1,\"name\":\"\u041f\u043e\u0447\u0435\u0442\u043d\u0430\",\"item\":\"https:\\\/\\\/stiroporcena.rs\\\/\"},{\"@type\":\"ListItem\",\"position\":2,\"name\":\"Shop\",\"item\":\"https:\\\/\\\/stiroporcena.rs\\\/?page_id=1035\"},{\"@type\":\"ListItem\",\"position\":3,\"name\":\"Stiropor Maxima 10 cm cena\"}]},{\"@type\":\"WebSite\",\"@id\":\"https:\\\/\\\/stiroporcena.rs\\\/#website\",\"url\":\"https:\\\/\\\/stiroporcena.rs\\\/\",\"name\":\"Stiropor Cena\",\"description\":\"Stiropor Cena\",\"publisher\":{\"@id\":\"https:\\\/\\\/stiroporcena.rs\\\/#organization\"},\"potentialAction\":[{\"@type\":\"SearchAction\",\"target\":{\"@type\":\"EntryPoint\",\"urlTemplate\":\"https:\\\/\\\/stiroporcena.rs\\\/?s={search_term_string}\"},\"query-input\":{\"@type\":\"PropertyValueSpecification\",\"valueRequired\":true,\"valueName\":\"search_term_string\"}}],\"inLanguage\":\"sr-RS\"},{\"@type\":\"Organization\",\"@id\":\"https:\\\/\\\/stiroporcena.rs\\\/#organization\",\"name\":\"Stiropor Cena\",\"url\":\"https:\\\/\\\/stiroporcena.rs\\\/\",\"logo\":{\"@type\":\"ImageObject\",\"inLanguage\":\"sr-RS\",\"@id\":\"https:\\\/\\\/stiroporcena.rs\\\/#\\\/schema\\\/logo\\\/image\\\/\",\"url\":\"https:\\\/\\\/stiroporcena.rs\\\/wp-content\\\/uploads\\\/2026\\\/02\\\/cropped-LOGO-kontakt-300-novi.png\",\"contentUrl\":\"https:\\\/\\\/stiroporcena.rs\\\/wp-content\\\/uploads\\\/2026\\\/02\\\/cropped-LOGO-kontakt-300-novi.png\",\"width\":300,\"height\":83,\"caption\":\"Stiropor Cena\"},\"image\":{\"@id\":\"https:\\\/\\\/stiroporcena.rs\\\/#\\\/schema\\\/logo\\\/image\\\/\"}}]}<\/script>\n<!-- \/ Yoast SEO plugin. -->","yoast_head_json":{"title":"Stiropor Maxima 10 cm cena - Stiropor Cena","robots":{"index":"index","follow":"follow","max-snippet":"max-snippet:-1","max-image-preview":"max-image-preview:large","max-video-preview":"max-video-preview:-1"},"canonical":"https:\/\/stiroporcena.rs\/?product=stiropor-maxima-10-cm-cena","og_locale":"sr_RS","og_type":"article","og_title":"Stiropor Maxima 10 cm cena - Stiropor Cena","og_description":"Stiropor za fasade i izolaciju \u2013 Najbolji kvalitet po povoljnoj ceni Stiropor je jedan od najefikasnijih termoizolacionih materijala, idealan za fasade, zidove, podove i krovove. Pru\u017ea odli\u010dnu toplotnu i zvu\u010dnu izolaciju, \u0161tedi energiju i smanjuje tro\u0161kove grejanja i hla\u0111enja. U na\u0161oj ponudi prona\u0107i \u0107ete stiropor razli\u010ditih gustina i debljina (EPS 50, EPS 70, EPS 100) [&hellip;]","og_url":"https:\/\/stiroporcena.rs\/?product=stiropor-maxima-10-cm-cena","og_site_name":"Stiropor Cena","article_modified_time":"2025-02-12T08:02:51+00:00","og_image":[{"width":800,"height":800,"url":"https:\/\/stiroporcena.rs\/wp-content\/uploads\/2024\/01\/MAXIMA-STIROPOR-2.jpg","type":"image\/jpeg"}],"twitter_card":"summary_large_image","twitter_misc":{"\u041f\u0440\u043e\u0446\u0435\u045a\u0435\u043d\u043e \u0432\u0440\u0435\u043c\u0435 \u0447\u0438\u0442\u0430\u045a\u0430":"1 \u043c\u0438\u043d\u0443\u0442"},"schema":{"@context":"https:\/\/schema.org","@graph":[{"@type":"WebPage","@id":"https:\/\/stiroporcena.rs\/?product=stiropor-maxima-10-cm-cena","url":"https:\/\/stiroporcena.rs\/?product=stiropor-maxima-10-cm-cena","name":"Stiropor Maxima 10 cm cena - Stiropor Cena","isPartOf":{"@id":"https:\/\/stiroporcena.rs\/#website"},"primaryImageOfPage":{"@id":"https:\/\/stiroporcena.rs\/?product=stiropor-maxima-10-cm-cena#primaryimage"},"image":{"@id":"https:\/\/stiroporcena.rs\/?product=stiropor-maxima-10-cm-cena#primaryimage"},"thumbnailUrl":"https:\/\/stiroporcena.rs\/wp-content\/uploads\/2024\/01\/MAXIMA-STIROPOR-2.jpg","datePublished":"2024-01-06T09:03:20+00:00","dateModified":"2025-02-12T08:02:51+00:00","breadcrumb":{"@id":"https:\/\/stiroporcena.rs\/?product=stiropor-maxima-10-cm-cena#breadcrumb"},"inLanguage":"sr-RS","potentialAction":[{"@type":"ReadAction","target":["https:\/\/stiroporcena.rs\/?product=stiropor-maxima-10-cm-cena"]}]},{"@type":"ImageObject","inLanguage":"sr-RS","@id":"https:\/\/stiroporcena.rs\/?product=stiropor-maxima-10-cm-cena#primaryimage","url":"https:\/\/stiroporcena.rs\/wp-content\/uploads\/2024\/01\/MAXIMA-STIROPOR-2.jpg","contentUrl":"https:\/\/stiroporcena.rs\/wp-content\/uploads\/2024\/01\/MAXIMA-STIROPOR-2.jpg","width":800,"height":800},{"@type":"BreadcrumbList","@id":"https:\/\/stiroporcena.rs\/?product=stiropor-maxima-10-cm-cena#breadcrumb","itemListElement":[{"@type":"ListItem","position":1,"name":"\u041f\u043e\u0447\u0435\u0442\u043d\u0430","item":"https:\/\/stiroporcena.rs\/"},{"@type":"ListItem","position":2,"name":"Shop","item":"https:\/\/stiroporcena.rs\/?page_id=1035"},{"@type":"ListItem","position":3,"name":"Stiropor Maxima 10 cm cena"}]},{"@type":"WebSite","@id":"https:\/\/stiroporcena.rs\/#website","url":"https:\/\/stiroporcena.rs\/","name":"Stiropor Cena","description":"Stiropor Cena","publisher":{"@id":"https:\/\/stiroporcena.rs\/#organization"},"potentialAction":[{"@type":"SearchAction","target":{"@type":"EntryPoint","urlTemplate":"https:\/\/stiroporcena.rs\/?s={search_term_string}"},"query-input":{"@type":"PropertyValueSpecification","valueRequired":true,"valueName":"search_term_string"}}],"inLanguage":"sr-RS"},{"@type":"Organization","@id":"https:\/\/stiroporcena.rs\/#organization","name":"Stiropor Cena","url":"https:\/\/stiroporcena.rs\/","logo":{"@type":"ImageObject","inLanguage":"sr-RS","@id":"https:\/\/stiroporcena.rs\/#\/schema\/logo\/image\/","url":"https:\/\/stiroporcena.rs\/wp-content\/uploads\/2026\/02\/cropped-LOGO-kontakt-300-novi.png","contentUrl":"https:\/\/stiroporcena.rs\/wp-content\/uploads\/2026\/02\/cropped-LOGO-kontakt-300-novi.png","width":300,"height":83,"caption":"Stiropor Cena"},"image":{"@id":"https:\/\/stiroporcena.rs\/#\/schema\/logo\/image\/"}}]}},"_links":{"self":[{"href":"https:\/\/stiroporcena.rs\/index.php?rest_route=\/wp\/v2\/product\/1690","targetHints":{"allow":["GET"]}}],"collection":[{"href":"https:\/\/stiroporcena.rs\/index.php?rest_route=\/wp\/v2\/product"}],"about":[{"href":"https:\/\/stiroporcena.rs\/index.php?rest_route=\/wp\/v2\/types\/product"}],"replies":[{"embeddable":true,"href":"https:\/\/stiroporcena.rs\/index.php?rest_route=%2Fwp%2Fv2%2Fcomments&post=1690"}],"wp:featuredmedia":[{"embeddable":true,"href":"https:\/\/stiroporcena.rs\/index.php?rest_route=\/wp\/v2\/media\/1691"}],"wp:attachment":[{"href":"https:\/\/stiroporcena.rs\/index.php?rest_route=%2Fwp%2Fv2%2Fmedia&parent=1690"}],"wp:term":[{"taxonomy":"product_brand","embeddable":true,"href":"https:\/\/stiroporcena.rs\/index.php?rest_route=%2Fwp%2Fv2%2Fproduct_brand&post=1690"},{"taxonomy":"product_cat","embeddable":true,"href":"https:\/\/stiroporcena.rs\/index.php?rest_route=%2Fwp%2Fv2%2Fproduct_cat&post=1690"},{"taxonomy":"product_tag","embeddable":true,"href":"https:\/\/stiroporcena.rs\/index.php?rest_route=%2Fwp%2Fv2%2Fproduct_tag&post=1690"}],"curies":[{"name":"wp","href":"https:\/\/api.w.org\/{rel}","templated":true}]}}