{"id":1767,"date":"2024-01-07T08:36:10","date_gmt":"2024-01-07T07:36:10","guid":{"rendered":"https:\/\/stiroporcena.rs\/?post_type=product&#038;p=1767"},"modified":"2025-02-12T09:53:35","modified_gmt":"2025-02-12T08:53:35","slug":"kamena-vuna-fasadna-10cm-cena","status":"publish","type":"product","link":"https:\/\/stiroporcena.rs\/?product=kamena-vuna-fasadna-10cm-cena","title":{"rendered":"Kamena vuna fasadna 10cm cena"},"content":{"rendered":"<h3 data-start=\"0\" data-end=\"98\"><strong data-start=\"4\" data-end=\"96\">KAMENA VUNA \u2013 NAJEFIKASNIJA TERMO I ZVU\u010cNA IZOLACIJA ZA FASADE, ZIDOVE, PODOVE I KROVOVE<\/strong><\/h3>\n<p data-start=\"100\" data-end=\"590\">Kamena vuna je <strong data-start=\"115\" data-end=\"148\">vrhunski izolacioni materijal<\/strong> koji se koristi za <strong data-start=\"168\" data-end=\"212\">toplotnu, zvu\u010dnu i protivpo\u017earnu za\u0161titu<\/strong> u gra\u0111evinarstvu. Zahvaljuju\u0107i svojim izuzetnim karakteristikama, <strong data-start=\"279\" data-end=\"418\">pove\u0107ava energetsku efikasnost objekta, smanjuje tro\u0161kove grejanja i hla\u0111enja, pobolj\u0161ava akustiku i pru\u017ea maksimalnu za\u0161titu od po\u017eara<\/strong>. Izra\u0111uje se od prirodnih vulkanskih stena, \u0161to joj daje visoku otpornost na visoke temperature i vlagu, \u010dine\u0107i je jednim od najboljih izolacionih materijala na tr\u017ei\u0161tu.<\/p>\n<hr data-start=\"592\" data-end=\"597\" \/>\n<h3 data-start=\"599\" data-end=\"630\"><strong data-start=\"603\" data-end=\"628\">PREDNOSTI KAMENE VUNE<\/strong><\/h3>\n<p data-start=\"631\" data-end=\"1104\">\u2705 <strong data-start=\"633\" data-end=\"660\">Izuzetna termoizolacija<\/strong> \u2013 Smanjuje gubitak toplote zimi i odr\u017eava prijatnu temperaturu leti<br data-start=\"728\" data-end=\"731\" \/>\u2705 <strong data-start=\"733\" data-end=\"761\">Odli\u010dna zvu\u010dna izolacija<\/strong> \u2013 Upija i spre\u010dava \u0161irenje buke, pobolj\u0161ava akustiku u prostoru<br data-start=\"825\" data-end=\"828\" \/>\u2705 <strong data-start=\"830\" data-end=\"855\">Visoka vatrootpornost<\/strong> \u2013 Ne gori, izdr\u017eava temperature preko 1000\u00b0C, \u0161titi od po\u017eara<br data-start=\"917\" data-end=\"920\" \/>\u2705 <strong data-start=\"922\" data-end=\"940\">Paropropusnost<\/strong> \u2013 Omogu\u0107ava &#8222;disanje&#8220; zidova i spre\u010dava pojavu vlage i bu\u0111i<br data-start=\"1000\" data-end=\"1003\" \/>\u2705 <strong data-start=\"1005\" data-end=\"1040\">Ekolo\u0161ki i dugotrajan materijal<\/strong> \u2013 Napravljen od prirodnih sirovina, ne sadr\u017ei \u0161tetne materije<\/p>\n<hr data-start=\"1106\" data-end=\"1111\" \/>\n<h3 data-start=\"1113\" data-end=\"1155\"><strong data-start=\"1117\" data-end=\"1153\">VRSTE KAMENE VUNE U NA\u0160OJ PONUDI<\/strong><\/h3>\n<p data-start=\"1157\" data-end=\"1755\"> <strong data-start=\"1160\" data-end=\"1218\">Kamena vuna za fasadu (FKD, FKD-S, ventilisana fasada)<\/strong> \u2013 Idealna za <strong data-start=\"1232\" data-end=\"1257\">ETICS fasadne sisteme<\/strong> i ventilisane fasade<br data-start=\"1278\" data-end=\"1281\" \/> <strong data-start=\"1284\" data-end=\"1319\">Kamena vuna za pregradne zidove<\/strong> \u2013 Koristi se u <strong data-start=\"1335\" data-end=\"1368\">suvoj gradnji sa gips plo\u010dama<\/strong>, pobolj\u0161ava zvu\u010dnu i termoizolaciju<br data-start=\"1404\" data-end=\"1407\" \/> <strong data-start=\"1410\" data-end=\"1446\">Kamena vuna za krov i potkrovlje<\/strong> \u2013 Pogodna za <strong data-start=\"1460\" data-end=\"1496\">izolaciju kosih i ravnih krovova<\/strong>, \u0161titi od pregrevanja<br data-start=\"1518\" data-end=\"1521\" \/> <strong data-start=\"1524\" data-end=\"1559\">Kamena vuna za podove i plafone<\/strong> \u2013 Efikasno spre\u010dava <strong data-start=\"1580\" data-end=\"1630\">toplotne gubitke i prenos buke izme\u0111u spratova<\/strong><br data-start=\"1630\" data-end=\"1633\" \/> <strong data-start=\"1636\" data-end=\"1684\">Tvrdo presovana kamena vuna (plo\u010de i lamele)<\/strong> \u2013 Namenjena za <strong data-start=\"1700\" data-end=\"1753\">industrijske objekte, protivpo\u017earne zidove i hale<\/strong><\/p>\n<hr data-start=\"1757\" data-end=\"1762\" \/>\n<h3 data-start=\"1764\" data-end=\"1793\"><strong data-start=\"1768\" data-end=\"1791\">PRIMENA KAMENE VUNE<\/strong><\/h3>\n<p data-start=\"1794\" data-end=\"2242\"> <strong data-start=\"1797\" data-end=\"1833\">Fasade i termoizolacioni sistemi<\/strong> \u2013 Smanjuje tro\u0161kove grejanja i hla\u0111enja<br data-start=\"1873\" data-end=\"1876\" \/> <strong data-start=\"1879\" data-end=\"1929\">Unutra\u0161nja izolacija zidova i pregradni zidovi<\/strong> \u2013 Pobolj\u0161ava udobnost i akustiku<br data-start=\"1962\" data-end=\"1965\" \/> <strong data-start=\"1968\" data-end=\"2002\">Izolacija potkrovlja i krovova<\/strong> \u2013 Spre\u010dava gubitak energije i \u0161titi od pregrevanja<br data-start=\"2053\" data-end=\"2056\" \/> <strong data-start=\"2059\" data-end=\"2098\">Podna izolacija i izolacija plafona<\/strong> \u2013 Omogu\u0107ava komfor i elimini\u0161e buku<br data-start=\"2134\" data-end=\"2137\" \/> <strong data-start=\"2140\" data-end=\"2190\">Industrijska izolacija i protivpo\u017earni sistemi<\/strong> \u2013 \u0160titi objekte od po\u017eara i pobolj\u0161ava bezbednost<\/p>\n<hr data-start=\"2244\" data-end=\"2249\" \/>\n<h3 data-start=\"2251\" data-end=\"2312\"><strong data-start=\"2255\" data-end=\"2310\">KAMENA VUNA CENA \u2013 NAJBOLJA PONUDA UZ BRZU ISPORUKU<\/strong><\/h3>\n<p data-start=\"2313\" data-end=\"2569\">Kod nas mo\u017eete prona\u0107i <strong data-start=\"2336\" data-end=\"2387\">najkvalitetniju kamenu vunu po najboljim cenama<\/strong>! Nudimo <strong data-start=\"2396\" data-end=\"2440\">razli\u010dite debljine i gustine kamene vune<\/strong>, uz mogu\u0107nost dostave \u0161irom Srbije. Investiranjem u kamenu vunu \u0161tedite energiju, pove\u0107avate sigurnost i komfor va\u0161eg objekta.<\/p>\n<p data-start=\"2571\" data-end=\"2684\"> <strong data-start=\"2574\" data-end=\"2593\">Poru\u010dite odmah!<\/strong> Kontakt: <strong data-start=\"2603\" data-end=\"2619\">065\/2787-606<\/strong><br data-start=\"2619\" data-end=\"2622\" \/> <strong data-start=\"2625\" data-end=\"2682\">FARBARA M5 \u2013 Sve za termoizolaciju i fasadne sisteme!<\/strong><\/p>\n","protected":false},"excerpt":{"rendered":"<p>KAMENA VUNA \u2013 NAJEFIKASNIJA TERMO I ZVU\u010cNA IZOLACIJA ZA FASADE, ZIDOVE, PODOVE I KROVOVE Kamena vuna je vrhunski izolacioni materijal koji se koristi za toplotnu, zvu\u010dnu i protivpo\u017earnu za\u0161titu u gra\u0111evinarstvu. Zahvaljuju\u0107i svojim izuzetnim karakteristikama, pove\u0107ava energetsku efikasnost objekta, smanjuje tro\u0161kove grejanja i hla\u0111enja, pobolj\u0161ava akustiku i pru\u017ea maksimalnu za\u0161titu od po\u017eara. Izra\u0111uje se od [&hellip;]<\/p>\n","protected":false},"featured_media":1768,"comment_status":"open","ping_status":"closed","template":"","meta":{"ocean_post_layout":"","ocean_both_sidebars_style":"","ocean_both_sidebars_content_width":0,"ocean_both_sidebars_sidebars_width":0,"ocean_sidebar":"0","ocean_second_sidebar":"0","ocean_disable_margins":"enable","ocean_add_body_class":"","ocean_shortcode_before_top_bar":"","ocean_shortcode_after_top_bar":"","ocean_shortcode_before_header":"","ocean_shortcode_after_header":"","ocean_has_shortcode":"","ocean_shortcode_after_title":"","ocean_shortcode_before_footer_widgets":"","ocean_shortcode_after_footer_widgets":"","ocean_shortcode_before_footer_bottom":"","ocean_shortcode_after_footer_bottom":"","ocean_display_top_bar":"default","ocean_display_header":"default","ocean_header_style":"","ocean_center_header_left_menu":"0","ocean_custom_header_template":"0","ocean_custom_logo":0,"ocean_custom_retina_logo":0,"ocean_custom_logo_max_width":0,"ocean_custom_logo_tablet_max_width":0,"ocean_custom_logo_mobile_max_width":0,"ocean_custom_logo_max_height":0,"ocean_custom_logo_tablet_max_height":0,"ocean_custom_logo_mobile_max_height":0,"ocean_header_custom_menu":"0","ocean_menu_typo_font_family":"0","ocean_menu_typo_font_subset":"","ocean_menu_typo_font_size":0,"ocean_menu_typo_font_size_tablet":0,"ocean_menu_typo_font_size_mobile":0,"ocean_menu_typo_font_size_unit":"px","ocean_menu_typo_font_weight":"","ocean_menu_typo_font_weight_tablet":"","ocean_menu_typo_font_weight_mobile":"","ocean_menu_typo_transform":"","ocean_menu_typo_transform_tablet":"","ocean_menu_typo_transform_mobile":"","ocean_menu_typo_line_height":0,"ocean_menu_typo_line_height_tablet":0,"ocean_menu_typo_line_height_mobile":0,"ocean_menu_typo_line_height_unit":"","ocean_menu_typo_spacing":0,"ocean_menu_typo_spacing_tablet":0,"ocean_menu_typo_spacing_mobile":0,"ocean_menu_typo_spacing_unit":"","ocean_menu_link_color":"","ocean_menu_link_color_hover":"","ocean_menu_link_color_active":"","ocean_menu_link_background":"","ocean_menu_link_hover_background":"","ocean_menu_link_active_background":"","ocean_menu_social_links_bg":"","ocean_menu_social_hover_links_bg":"","ocean_menu_social_links_color":"","ocean_menu_social_hover_links_color":"","ocean_disable_title":"default","ocean_disable_heading":"default","ocean_post_title":"","ocean_post_subheading":"","ocean_post_title_style":"","ocean_post_title_background_color":"","ocean_post_title_background":0,"ocean_post_title_bg_image_position":"","ocean_post_title_bg_image_attachment":"","ocean_post_title_bg_image_repeat":"","ocean_post_title_bg_image_size":"","ocean_post_title_height":0,"ocean_post_title_bg_overlay":0.5,"ocean_post_title_bg_overlay_color":"","ocean_disable_breadcrumbs":"default","ocean_breadcrumbs_color":"","ocean_breadcrumbs_separator_color":"","ocean_breadcrumbs_links_color":"","ocean_breadcrumbs_links_hover_color":"","ocean_display_footer_widgets":"default","ocean_display_footer_bottom":"default","ocean_custom_footer_template":"0"},"product_brand":[],"product_cat":[65,71,61],"product_tag":[],"class_list":{"0":"post-1767","1":"product","2":"type-product","3":"status-publish","4":"has-post-thumbnail","6":"product_cat-fasada","7":"product_cat-mineralna-i-kamena-vuna","8":"product_cat-stiropor-i-prateci-program","10":"entry","11":"has-media","13":"first","14":"instock","15":"sale","16":"shipping-taxable","17":"purchasable","18":"product-type-simple","19":"has-product-nav","20":"col","21":"span_1_of_3","22":"owp-content-center","23":"owp-thumbs-layout-horizontal","24":"owp-btn-normal","25":"owp-tabs-layout-horizontal","26":"has-no-thumbnails"},"yoast_head":"<!-- This site is optimized with the Yoast SEO plugin v27.5 - https:\/\/yoast.com\/product\/yoast-seo-wordpress\/ -->\n<title>Kamena vuna fasadna 10cm cena - Stiropor Cena<\/title>\n<meta name=\"robots\" content=\"index, follow, max-snippet:-1, max-image-preview:large, max-video-preview:-1\" \/>\n<link rel=\"canonical\" href=\"https:\/\/stiroporcena.rs\/?product=kamena-vuna-fasadna-10cm-cena\" \/>\n<meta property=\"og:locale\" content=\"sr_RS\" \/>\n<meta property=\"og:type\" content=\"article\" \/>\n<meta property=\"og:title\" content=\"Kamena vuna fasadna 10cm cena - Stiropor Cena\" \/>\n<meta property=\"og:description\" content=\"KAMENA VUNA \u2013 NAJEFIKASNIJA TERMO I ZVU\u010cNA IZOLACIJA ZA FASADE, ZIDOVE, PODOVE I KROVOVE Kamena vuna je vrhunski izolacioni materijal koji se koristi za toplotnu, zvu\u010dnu i protivpo\u017earnu za\u0161titu u gra\u0111evinarstvu. Zahvaljuju\u0107i svojim izuzetnim karakteristikama, pove\u0107ava energetsku efikasnost objekta, smanjuje tro\u0161kove grejanja i hla\u0111enja, pobolj\u0161ava akustiku i pru\u017ea maksimalnu za\u0161titu od po\u017eara. Izra\u0111uje se od [&hellip;]\" \/>\n<meta property=\"og:url\" content=\"https:\/\/stiroporcena.rs\/?product=kamena-vuna-fasadna-10cm-cena\" \/>\n<meta property=\"og:site_name\" content=\"Stiropor Cena\" \/>\n<meta property=\"article:modified_time\" content=\"2025-02-12T08:53:35+00:00\" \/>\n<meta property=\"og:image\" content=\"https:\/\/stiroporcena.rs\/wp-content\/uploads\/2024\/01\/kamena-vuna-za.jpg\" \/>\n\t<meta property=\"og:image:width\" content=\"800\" \/>\n\t<meta property=\"og:image:height\" content=\"800\" \/>\n\t<meta property=\"og:image:type\" content=\"image\/jpeg\" \/>\n<meta name=\"twitter:card\" content=\"summary_large_image\" \/>\n<meta name=\"twitter:label1\" content=\"\u041f\u0440\u043e\u0446\u0435\u045a\u0435\u043d\u043e \u0432\u0440\u0435\u043c\u0435 \u0447\u0438\u0442\u0430\u045a\u0430\" \/>\n\t<meta name=\"twitter:data1\" content=\"2 \u043c\u0438\u043d\u0443\u0442\u0430\" \/>\n<script type=\"application\/ld+json\" class=\"yoast-schema-graph\">{\"@context\":\"https:\\\/\\\/schema.org\",\"@graph\":[{\"@type\":\"WebPage\",\"@id\":\"https:\\\/\\\/stiroporcena.rs\\\/?product=kamena-vuna-fasadna-10cm-cena\",\"url\":\"https:\\\/\\\/stiroporcena.rs\\\/?product=kamena-vuna-fasadna-10cm-cena\",\"name\":\"Kamena vuna fasadna 10cm cena - Stiropor Cena\",\"isPartOf\":{\"@id\":\"https:\\\/\\\/stiroporcena.rs\\\/#website\"},\"primaryImageOfPage\":{\"@id\":\"https:\\\/\\\/stiroporcena.rs\\\/?product=kamena-vuna-fasadna-10cm-cena#primaryimage\"},\"image\":{\"@id\":\"https:\\\/\\\/stiroporcena.rs\\\/?product=kamena-vuna-fasadna-10cm-cena#primaryimage\"},\"thumbnailUrl\":\"https:\\\/\\\/stiroporcena.rs\\\/wp-content\\\/uploads\\\/2024\\\/01\\\/kamena-vuna-za.jpg\",\"datePublished\":\"2024-01-07T07:36:10+00:00\",\"dateModified\":\"2025-02-12T08:53:35+00:00\",\"breadcrumb\":{\"@id\":\"https:\\\/\\\/stiroporcena.rs\\\/?product=kamena-vuna-fasadna-10cm-cena#breadcrumb\"},\"inLanguage\":\"sr-RS\",\"potentialAction\":[{\"@type\":\"ReadAction\",\"target\":[\"https:\\\/\\\/stiroporcena.rs\\\/?product=kamena-vuna-fasadna-10cm-cena\"]}]},{\"@type\":\"ImageObject\",\"inLanguage\":\"sr-RS\",\"@id\":\"https:\\\/\\\/stiroporcena.rs\\\/?product=kamena-vuna-fasadna-10cm-cena#primaryimage\",\"url\":\"https:\\\/\\\/stiroporcena.rs\\\/wp-content\\\/uploads\\\/2024\\\/01\\\/kamena-vuna-za.jpg\",\"contentUrl\":\"https:\\\/\\\/stiroporcena.rs\\\/wp-content\\\/uploads\\\/2024\\\/01\\\/kamena-vuna-za.jpg\",\"width\":800,\"height\":800},{\"@type\":\"BreadcrumbList\",\"@id\":\"https:\\\/\\\/stiroporcena.rs\\\/?product=kamena-vuna-fasadna-10cm-cena#breadcrumb\",\"itemListElement\":[{\"@type\":\"ListItem\",\"position\":1,\"name\":\"\u041f\u043e\u0447\u0435\u0442\u043d\u0430\",\"item\":\"https:\\\/\\\/stiroporcena.rs\\\/\"},{\"@type\":\"ListItem\",\"position\":2,\"name\":\"Shop\",\"item\":\"https:\\\/\\\/stiroporcena.rs\\\/?page_id=1035\"},{\"@type\":\"ListItem\",\"position\":3,\"name\":\"Kamena vuna fasadna 10cm cena\"}]},{\"@type\":\"WebSite\",\"@id\":\"https:\\\/\\\/stiroporcena.rs\\\/#website\",\"url\":\"https:\\\/\\\/stiroporcena.rs\\\/\",\"name\":\"Stiropor Cena\",\"description\":\"Stiropor Cena\",\"publisher\":{\"@id\":\"https:\\\/\\\/stiroporcena.rs\\\/#organization\"},\"potentialAction\":[{\"@type\":\"SearchAction\",\"target\":{\"@type\":\"EntryPoint\",\"urlTemplate\":\"https:\\\/\\\/stiroporcena.rs\\\/?s={search_term_string}\"},\"query-input\":{\"@type\":\"PropertyValueSpecification\",\"valueRequired\":true,\"valueName\":\"search_term_string\"}}],\"inLanguage\":\"sr-RS\"},{\"@type\":\"Organization\",\"@id\":\"https:\\\/\\\/stiroporcena.rs\\\/#organization\",\"name\":\"Stiropor Cena\",\"url\":\"https:\\\/\\\/stiroporcena.rs\\\/\",\"logo\":{\"@type\":\"ImageObject\",\"inLanguage\":\"sr-RS\",\"@id\":\"https:\\\/\\\/stiroporcena.rs\\\/#\\\/schema\\\/logo\\\/image\\\/\",\"url\":\"https:\\\/\\\/stiroporcena.rs\\\/wp-content\\\/uploads\\\/2026\\\/02\\\/cropped-LOGO-kontakt-300-novi.png\",\"contentUrl\":\"https:\\\/\\\/stiroporcena.rs\\\/wp-content\\\/uploads\\\/2026\\\/02\\\/cropped-LOGO-kontakt-300-novi.png\",\"width\":300,\"height\":83,\"caption\":\"Stiropor Cena\"},\"image\":{\"@id\":\"https:\\\/\\\/stiroporcena.rs\\\/#\\\/schema\\\/logo\\\/image\\\/\"}}]}<\/script>\n<!-- \/ Yoast SEO plugin. -->","yoast_head_json":{"title":"Kamena vuna fasadna 10cm cena - Stiropor Cena","robots":{"index":"index","follow":"follow","max-snippet":"max-snippet:-1","max-image-preview":"max-image-preview:large","max-video-preview":"max-video-preview:-1"},"canonical":"https:\/\/stiroporcena.rs\/?product=kamena-vuna-fasadna-10cm-cena","og_locale":"sr_RS","og_type":"article","og_title":"Kamena vuna fasadna 10cm cena - Stiropor Cena","og_description":"KAMENA VUNA \u2013 NAJEFIKASNIJA TERMO I ZVU\u010cNA IZOLACIJA ZA FASADE, ZIDOVE, PODOVE I KROVOVE Kamena vuna je vrhunski izolacioni materijal koji se koristi za toplotnu, zvu\u010dnu i protivpo\u017earnu za\u0161titu u gra\u0111evinarstvu. Zahvaljuju\u0107i svojim izuzetnim karakteristikama, pove\u0107ava energetsku efikasnost objekta, smanjuje tro\u0161kove grejanja i hla\u0111enja, pobolj\u0161ava akustiku i pru\u017ea maksimalnu za\u0161titu od po\u017eara. Izra\u0111uje se od [&hellip;]","og_url":"https:\/\/stiroporcena.rs\/?product=kamena-vuna-fasadna-10cm-cena","og_site_name":"Stiropor Cena","article_modified_time":"2025-02-12T08:53:35+00:00","og_image":[{"width":800,"height":800,"url":"https:\/\/stiroporcena.rs\/wp-content\/uploads\/2024\/01\/kamena-vuna-za.jpg","type":"image\/jpeg"}],"twitter_card":"summary_large_image","twitter_misc":{"\u041f\u0440\u043e\u0446\u0435\u045a\u0435\u043d\u043e \u0432\u0440\u0435\u043c\u0435 \u0447\u0438\u0442\u0430\u045a\u0430":"2 \u043c\u0438\u043d\u0443\u0442\u0430"},"schema":{"@context":"https:\/\/schema.org","@graph":[{"@type":"WebPage","@id":"https:\/\/stiroporcena.rs\/?product=kamena-vuna-fasadna-10cm-cena","url":"https:\/\/stiroporcena.rs\/?product=kamena-vuna-fasadna-10cm-cena","name":"Kamena vuna fasadna 10cm cena - Stiropor Cena","isPartOf":{"@id":"https:\/\/stiroporcena.rs\/#website"},"primaryImageOfPage":{"@id":"https:\/\/stiroporcena.rs\/?product=kamena-vuna-fasadna-10cm-cena#primaryimage"},"image":{"@id":"https:\/\/stiroporcena.rs\/?product=kamena-vuna-fasadna-10cm-cena#primaryimage"},"thumbnailUrl":"https:\/\/stiroporcena.rs\/wp-content\/uploads\/2024\/01\/kamena-vuna-za.jpg","datePublished":"2024-01-07T07:36:10+00:00","dateModified":"2025-02-12T08:53:35+00:00","breadcrumb":{"@id":"https:\/\/stiroporcena.rs\/?product=kamena-vuna-fasadna-10cm-cena#breadcrumb"},"inLanguage":"sr-RS","potentialAction":[{"@type":"ReadAction","target":["https:\/\/stiroporcena.rs\/?product=kamena-vuna-fasadna-10cm-cena"]}]},{"@type":"ImageObject","inLanguage":"sr-RS","@id":"https:\/\/stiroporcena.rs\/?product=kamena-vuna-fasadna-10cm-cena#primaryimage","url":"https:\/\/stiroporcena.rs\/wp-content\/uploads\/2024\/01\/kamena-vuna-za.jpg","contentUrl":"https:\/\/stiroporcena.rs\/wp-content\/uploads\/2024\/01\/kamena-vuna-za.jpg","width":800,"height":800},{"@type":"BreadcrumbList","@id":"https:\/\/stiroporcena.rs\/?product=kamena-vuna-fasadna-10cm-cena#breadcrumb","itemListElement":[{"@type":"ListItem","position":1,"name":"\u041f\u043e\u0447\u0435\u0442\u043d\u0430","item":"https:\/\/stiroporcena.rs\/"},{"@type":"ListItem","position":2,"name":"Shop","item":"https:\/\/stiroporcena.rs\/?page_id=1035"},{"@type":"ListItem","position":3,"name":"Kamena vuna fasadna 10cm cena"}]},{"@type":"WebSite","@id":"https:\/\/stiroporcena.rs\/#website","url":"https:\/\/stiroporcena.rs\/","name":"Stiropor Cena","description":"Stiropor Cena","publisher":{"@id":"https:\/\/stiroporcena.rs\/#organization"},"potentialAction":[{"@type":"SearchAction","target":{"@type":"EntryPoint","urlTemplate":"https:\/\/stiroporcena.rs\/?s={search_term_string}"},"query-input":{"@type":"PropertyValueSpecification","valueRequired":true,"valueName":"search_term_string"}}],"inLanguage":"sr-RS"},{"@type":"Organization","@id":"https:\/\/stiroporcena.rs\/#organization","name":"Stiropor Cena","url":"https:\/\/stiroporcena.rs\/","logo":{"@type":"ImageObject","inLanguage":"sr-RS","@id":"https:\/\/stiroporcena.rs\/#\/schema\/logo\/image\/","url":"https:\/\/stiroporcena.rs\/wp-content\/uploads\/2026\/02\/cropped-LOGO-kontakt-300-novi.png","contentUrl":"https:\/\/stiroporcena.rs\/wp-content\/uploads\/2026\/02\/cropped-LOGO-kontakt-300-novi.png","width":300,"height":83,"caption":"Stiropor Cena"},"image":{"@id":"https:\/\/stiroporcena.rs\/#\/schema\/logo\/image\/"}}]}},"_links":{"self":[{"href":"https:\/\/stiroporcena.rs\/index.php?rest_route=\/wp\/v2\/product\/1767","targetHints":{"allow":["GET"]}}],"collection":[{"href":"https:\/\/stiroporcena.rs\/index.php?rest_route=\/wp\/v2\/product"}],"about":[{"href":"https:\/\/stiroporcena.rs\/index.php?rest_route=\/wp\/v2\/types\/product"}],"replies":[{"embeddable":true,"href":"https:\/\/stiroporcena.rs\/index.php?rest_route=%2Fwp%2Fv2%2Fcomments&post=1767"}],"wp:featuredmedia":[{"embeddable":true,"href":"https:\/\/stiroporcena.rs\/index.php?rest_route=\/wp\/v2\/media\/1768"}],"wp:attachment":[{"href":"https:\/\/stiroporcena.rs\/index.php?rest_route=%2Fwp%2Fv2%2Fmedia&parent=1767"}],"wp:term":[{"taxonomy":"product_brand","embeddable":true,"href":"https:\/\/stiroporcena.rs\/index.php?rest_route=%2Fwp%2Fv2%2Fproduct_brand&post=1767"},{"taxonomy":"product_cat","embeddable":true,"href":"https:\/\/stiroporcena.rs\/index.php?rest_route=%2Fwp%2Fv2%2Fproduct_cat&post=1767"},{"taxonomy":"product_tag","embeddable":true,"href":"https:\/\/stiroporcena.rs\/index.php?rest_route=%2Fwp%2Fv2%2Fproduct_tag&post=1767"}],"curies":[{"name":"wp","href":"https:\/\/api.w.org\/{rel}","templated":true}]}}