{"id":1866,"date":"2024-01-10T10:38:04","date_gmt":"2024-01-10T09:38:04","guid":{"rendered":"https:\/\/stiroporcena.rs\/?post_type=product&#038;p=1866"},"modified":"2024-01-10T10:38:04","modified_gmt":"2024-01-10T09:38:04","slug":"alkotem-25kg-cena","status":"publish","type":"product","link":"https:\/\/stiroporcena.rs\/?product=alkotem-25kg-cena","title":{"rendered":"Alkotem 25kg cena"},"content":{"rendered":"<p>Alkotem je jednokomponentni osnovni premaz namenjen za\u0161titi metalnih povr\u0161ina. Napravljen je na bazi alkidnih smola i antikorozivnih pigmenata.<\/p>\n<p>Upotreba: Kao osnovni alkidni premaz, koristi se za za\u0161titu \u010deli\u010dnih konstrukcija, radijatora, odlivaka, za za\u0161titu u hemijskim neagresivnim sredinama, za za\u0161titu novih ili ve\u0107 farbanih metalnih povr\u0161ina i sli\u010dno. Razre\u0111uje se Razre\u0111iva\u010dem 5220. Nanosi se \u010detkom, valjkom, \u0161picem ili airless ure\u0111ajem. Premaz je suv na pra\u0161inu za 1-1,5 sat, suvo na dodir 3-5 sati. Ponovno nano\u0161enje posle 4 sata. Optimalna debljina 40 mikrometara.<\/p>\n<p>Nijanse: Siva.<\/p>\n<p>Potro\u0161nja: 0,105-0,110 kg\/m2 za 40 mikrometara<\/p>\n<p>Pakovanje: 25 kg<\/p>\n<p>Rok upotrebe: 24 meseca<\/p>\n","protected":false},"excerpt":{"rendered":"<p>Alkotem je jednokomponentni osnovni premaz namenjen za\u0161titi metalnih povr\u0161ina. Napravljen je na bazi alkidnih smola i antikorozivnih pigmenata. Upotreba: Kao osnovni alkidni premaz, koristi se za za\u0161titu \u010deli\u010dnih konstrukcija, radijatora, odlivaka, za za\u0161titu u hemijskim neagresivnim sredinama, za za\u0161titu novih ili ve\u0107 farbanih metalnih povr\u0161ina i sli\u010dno. Razre\u0111uje se Razre\u0111iva\u010dem 5220. Nanosi se \u010detkom, valjkom, [&hellip;]<\/p>\n","protected":false},"featured_media":1867,"comment_status":"open","ping_status":"closed","template":"","meta":{"ocean_post_layout":"","ocean_both_sidebars_style":"","ocean_both_sidebars_content_width":0,"ocean_both_sidebars_sidebars_width":0,"ocean_sidebar":"0","ocean_second_sidebar":"0","ocean_disable_margins":"enable","ocean_add_body_class":"","ocean_shortcode_before_top_bar":"","ocean_shortcode_after_top_bar":"","ocean_shortcode_before_header":"","ocean_shortcode_after_header":"","ocean_has_shortcode":"","ocean_shortcode_after_title":"","ocean_shortcode_before_footer_widgets":"","ocean_shortcode_after_footer_widgets":"","ocean_shortcode_before_footer_bottom":"","ocean_shortcode_after_footer_bottom":"","ocean_display_top_bar":"default","ocean_display_header":"default","ocean_header_style":"","ocean_center_header_left_menu":"0","ocean_custom_header_template":"0","ocean_custom_logo":0,"ocean_custom_retina_logo":0,"ocean_custom_logo_max_width":0,"ocean_custom_logo_tablet_max_width":0,"ocean_custom_logo_mobile_max_width":0,"ocean_custom_logo_max_height":0,"ocean_custom_logo_tablet_max_height":0,"ocean_custom_logo_mobile_max_height":0,"ocean_header_custom_menu":"0","ocean_menu_typo_font_family":"0","ocean_menu_typo_font_subset":"","ocean_menu_typo_font_size":0,"ocean_menu_typo_font_size_tablet":0,"ocean_menu_typo_font_size_mobile":0,"ocean_menu_typo_font_size_unit":"px","ocean_menu_typo_font_weight":"","ocean_menu_typo_font_weight_tablet":"","ocean_menu_typo_font_weight_mobile":"","ocean_menu_typo_transform":"","ocean_menu_typo_transform_tablet":"","ocean_menu_typo_transform_mobile":"","ocean_menu_typo_line_height":0,"ocean_menu_typo_line_height_tablet":0,"ocean_menu_typo_line_height_mobile":0,"ocean_menu_typo_line_height_unit":"","ocean_menu_typo_spacing":0,"ocean_menu_typo_spacing_tablet":0,"ocean_menu_typo_spacing_mobile":0,"ocean_menu_typo_spacing_unit":"","ocean_menu_link_color":"","ocean_menu_link_color_hover":"","ocean_menu_link_color_active":"","ocean_menu_link_background":"","ocean_menu_link_hover_background":"","ocean_menu_link_active_background":"","ocean_menu_social_links_bg":"","ocean_menu_social_hover_links_bg":"","ocean_menu_social_links_color":"","ocean_menu_social_hover_links_color":"","ocean_disable_title":"default","ocean_disable_heading":"default","ocean_post_title":"","ocean_post_subheading":"","ocean_post_title_style":"","ocean_post_title_background_color":"","ocean_post_title_background":0,"ocean_post_title_bg_image_position":"","ocean_post_title_bg_image_attachment":"","ocean_post_title_bg_image_repeat":"","ocean_post_title_bg_image_size":"","ocean_post_title_height":0,"ocean_post_title_bg_overlay":0.5,"ocean_post_title_bg_overlay_color":"","ocean_disable_breadcrumbs":"default","ocean_breadcrumbs_color":"","ocean_breadcrumbs_separator_color":"","ocean_breadcrumbs_links_color":"","ocean_breadcrumbs_links_hover_color":"","ocean_display_footer_widgets":"default","ocean_display_footer_bottom":"default","ocean_custom_footer_template":"0"},"product_brand":[],"product_cat":[83],"product_tag":[],"class_list":{"0":"post-1866","1":"product","2":"type-product","3":"status-publish","4":"has-post-thumbnail","6":"product_cat-boje-i-premazi-za-drvo-i-metal","8":"entry","9":"has-media","11":"first","12":"instock","13":"shipping-taxable","14":"product-type-simple","15":"has-product-nav","16":"col","17":"span_1_of_3","18":"owp-content-center","19":"owp-thumbs-layout-horizontal","20":"owp-btn-normal","21":"owp-tabs-layout-horizontal","22":"has-no-thumbnails"},"yoast_head":"<!-- This site is optimized with the Yoast SEO plugin v27.2 - https:\/\/yoast.com\/product\/yoast-seo-wordpress\/ -->\n<title>Alkotem 25kg cena - Stiropor Cena<\/title>\n<meta name=\"robots\" content=\"index, follow, max-snippet:-1, max-image-preview:large, max-video-preview:-1\" \/>\n<link rel=\"canonical\" href=\"https:\/\/stiroporcena.rs\/?product=alkotem-25kg-cena\" \/>\n<meta property=\"og:locale\" content=\"sr_RS\" \/>\n<meta property=\"og:type\" content=\"article\" \/>\n<meta property=\"og:title\" content=\"Alkotem 25kg cena - Stiropor Cena\" \/>\n<meta property=\"og:description\" content=\"Alkotem je jednokomponentni osnovni premaz namenjen za\u0161titi metalnih povr\u0161ina. Napravljen je na bazi alkidnih smola i antikorozivnih pigmenata. Upotreba: Kao osnovni alkidni premaz, koristi se za za\u0161titu \u010deli\u010dnih konstrukcija, radijatora, odlivaka, za za\u0161titu u hemijskim neagresivnim sredinama, za za\u0161titu novih ili ve\u0107 farbanih metalnih povr\u0161ina i sli\u010dno. Razre\u0111uje se Razre\u0111iva\u010dem 5220. Nanosi se \u010detkom, valjkom, [&hellip;]\" \/>\n<meta property=\"og:url\" content=\"https:\/\/stiroporcena.rs\/?product=alkotem-25kg-cena\" \/>\n<meta property=\"og:site_name\" content=\"Stiropor Cena\" \/>\n<meta property=\"og:image\" content=\"https:\/\/stiroporcena.rs\/wp-content\/uploads\/2024\/01\/alk.jpg\" \/>\n\t<meta property=\"og:image:width\" content=\"240\" \/>\n\t<meta property=\"og:image:height\" content=\"239\" \/>\n\t<meta property=\"og:image:type\" content=\"image\/jpeg\" \/>\n<meta name=\"twitter:card\" content=\"summary_large_image\" \/>\n<meta name=\"twitter:label1\" content=\"\u041f\u0440\u043e\u0446\u0435\u045a\u0435\u043d\u043e \u0432\u0440\u0435\u043c\u0435 \u0447\u0438\u0442\u0430\u045a\u0430\" \/>\n\t<meta name=\"twitter:data1\" content=\"1 \u043c\u0438\u043d\u0443\u0442\" \/>\n<script type=\"application\/ld+json\" class=\"yoast-schema-graph\">{\"@context\":\"https:\/\/schema.org\",\"@graph\":[{\"@type\":\"WebPage\",\"@id\":\"https:\/\/stiroporcena.rs\/?product=alkotem-25kg-cena\",\"url\":\"https:\/\/stiroporcena.rs\/?product=alkotem-25kg-cena\",\"name\":\"Alkotem 25kg cena - Stiropor Cena\",\"isPartOf\":{\"@id\":\"https:\/\/stiroporcena.rs\/#website\"},\"primaryImageOfPage\":{\"@id\":\"https:\/\/stiroporcena.rs\/?product=alkotem-25kg-cena#primaryimage\"},\"image\":{\"@id\":\"https:\/\/stiroporcena.rs\/?product=alkotem-25kg-cena#primaryimage\"},\"thumbnailUrl\":\"https:\/\/stiroporcena.rs\/wp-content\/uploads\/2024\/01\/alk.jpg\",\"datePublished\":\"2024-01-10T09:38:04+00:00\",\"breadcrumb\":{\"@id\":\"https:\/\/stiroporcena.rs\/?product=alkotem-25kg-cena#breadcrumb\"},\"inLanguage\":\"sr-RS\",\"potentialAction\":[{\"@type\":\"ReadAction\",\"target\":[\"https:\/\/stiroporcena.rs\/?product=alkotem-25kg-cena\"]}]},{\"@type\":\"ImageObject\",\"inLanguage\":\"sr-RS\",\"@id\":\"https:\/\/stiroporcena.rs\/?product=alkotem-25kg-cena#primaryimage\",\"url\":\"https:\/\/stiroporcena.rs\/wp-content\/uploads\/2024\/01\/alk.jpg\",\"contentUrl\":\"https:\/\/stiroporcena.rs\/wp-content\/uploads\/2024\/01\/alk.jpg\",\"width\":240,\"height\":239},{\"@type\":\"BreadcrumbList\",\"@id\":\"https:\/\/stiroporcena.rs\/?product=alkotem-25kg-cena#breadcrumb\",\"itemListElement\":[{\"@type\":\"ListItem\",\"position\":1,\"name\":\"\u041f\u043e\u0447\u0435\u0442\u043d\u0430\",\"item\":\"https:\/\/stiroporcena.rs\/\"},{\"@type\":\"ListItem\",\"position\":2,\"name\":\"Shop\",\"item\":\"https:\/\/stiroporcena.rs\/?page_id=1035\"},{\"@type\":\"ListItem\",\"position\":3,\"name\":\"Alkotem 25kg cena\"}]},{\"@type\":\"WebSite\",\"@id\":\"https:\/\/stiroporcena.rs\/#website\",\"url\":\"https:\/\/stiroporcena.rs\/\",\"name\":\"Stiropor Cena\",\"description\":\"Stiropor Cena\",\"publisher\":{\"@id\":\"https:\/\/stiroporcena.rs\/#organization\"},\"potentialAction\":[{\"@type\":\"SearchAction\",\"target\":{\"@type\":\"EntryPoint\",\"urlTemplate\":\"https:\/\/stiroporcena.rs\/?s={search_term_string}\"},\"query-input\":{\"@type\":\"PropertyValueSpecification\",\"valueRequired\":true,\"valueName\":\"search_term_string\"}}],\"inLanguage\":\"sr-RS\"},{\"@type\":\"Organization\",\"@id\":\"https:\/\/stiroporcena.rs\/#organization\",\"name\":\"Stiropor Cena\",\"url\":\"https:\/\/stiroporcena.rs\/\",\"logo\":{\"@type\":\"ImageObject\",\"inLanguage\":\"sr-RS\",\"@id\":\"https:\/\/stiroporcena.rs\/#\/schema\/logo\/image\/\",\"url\":\"https:\/\/stiroporcena.rs\/wp-content\/uploads\/2026\/02\/cropped-LOGO-kontakt-300-novi.png\",\"contentUrl\":\"https:\/\/stiroporcena.rs\/wp-content\/uploads\/2026\/02\/cropped-LOGO-kontakt-300-novi.png\",\"width\":300,\"height\":83,\"caption\":\"Stiropor Cena\"},\"image\":{\"@id\":\"https:\/\/stiroporcena.rs\/#\/schema\/logo\/image\/\"}}]}<\/script>\n<!-- \/ Yoast SEO plugin. -->","yoast_head_json":{"title":"Alkotem 25kg cena - Stiropor Cena","robots":{"index":"index","follow":"follow","max-snippet":"max-snippet:-1","max-image-preview":"max-image-preview:large","max-video-preview":"max-video-preview:-1"},"canonical":"https:\/\/stiroporcena.rs\/?product=alkotem-25kg-cena","og_locale":"sr_RS","og_type":"article","og_title":"Alkotem 25kg cena - Stiropor Cena","og_description":"Alkotem je jednokomponentni osnovni premaz namenjen za\u0161titi metalnih povr\u0161ina. Napravljen je na bazi alkidnih smola i antikorozivnih pigmenata. Upotreba: Kao osnovni alkidni premaz, koristi se za za\u0161titu \u010deli\u010dnih konstrukcija, radijatora, odlivaka, za za\u0161titu u hemijskim neagresivnim sredinama, za za\u0161titu novih ili ve\u0107 farbanih metalnih povr\u0161ina i sli\u010dno. Razre\u0111uje se Razre\u0111iva\u010dem 5220. Nanosi se \u010detkom, valjkom, [&hellip;]","og_url":"https:\/\/stiroporcena.rs\/?product=alkotem-25kg-cena","og_site_name":"Stiropor Cena","og_image":[{"width":240,"height":239,"url":"https:\/\/stiroporcena.rs\/wp-content\/uploads\/2024\/01\/alk.jpg","type":"image\/jpeg"}],"twitter_card":"summary_large_image","twitter_misc":{"\u041f\u0440\u043e\u0446\u0435\u045a\u0435\u043d\u043e \u0432\u0440\u0435\u043c\u0435 \u0447\u0438\u0442\u0430\u045a\u0430":"1 \u043c\u0438\u043d\u0443\u0442"},"schema":{"@context":"https:\/\/schema.org","@graph":[{"@type":"WebPage","@id":"https:\/\/stiroporcena.rs\/?product=alkotem-25kg-cena","url":"https:\/\/stiroporcena.rs\/?product=alkotem-25kg-cena","name":"Alkotem 25kg cena - Stiropor Cena","isPartOf":{"@id":"https:\/\/stiroporcena.rs\/#website"},"primaryImageOfPage":{"@id":"https:\/\/stiroporcena.rs\/?product=alkotem-25kg-cena#primaryimage"},"image":{"@id":"https:\/\/stiroporcena.rs\/?product=alkotem-25kg-cena#primaryimage"},"thumbnailUrl":"https:\/\/stiroporcena.rs\/wp-content\/uploads\/2024\/01\/alk.jpg","datePublished":"2024-01-10T09:38:04+00:00","breadcrumb":{"@id":"https:\/\/stiroporcena.rs\/?product=alkotem-25kg-cena#breadcrumb"},"inLanguage":"sr-RS","potentialAction":[{"@type":"ReadAction","target":["https:\/\/stiroporcena.rs\/?product=alkotem-25kg-cena"]}]},{"@type":"ImageObject","inLanguage":"sr-RS","@id":"https:\/\/stiroporcena.rs\/?product=alkotem-25kg-cena#primaryimage","url":"https:\/\/stiroporcena.rs\/wp-content\/uploads\/2024\/01\/alk.jpg","contentUrl":"https:\/\/stiroporcena.rs\/wp-content\/uploads\/2024\/01\/alk.jpg","width":240,"height":239},{"@type":"BreadcrumbList","@id":"https:\/\/stiroporcena.rs\/?product=alkotem-25kg-cena#breadcrumb","itemListElement":[{"@type":"ListItem","position":1,"name":"\u041f\u043e\u0447\u0435\u0442\u043d\u0430","item":"https:\/\/stiroporcena.rs\/"},{"@type":"ListItem","position":2,"name":"Shop","item":"https:\/\/stiroporcena.rs\/?page_id=1035"},{"@type":"ListItem","position":3,"name":"Alkotem 25kg cena"}]},{"@type":"WebSite","@id":"https:\/\/stiroporcena.rs\/#website","url":"https:\/\/stiroporcena.rs\/","name":"Stiropor Cena","description":"Stiropor Cena","publisher":{"@id":"https:\/\/stiroporcena.rs\/#organization"},"potentialAction":[{"@type":"SearchAction","target":{"@type":"EntryPoint","urlTemplate":"https:\/\/stiroporcena.rs\/?s={search_term_string}"},"query-input":{"@type":"PropertyValueSpecification","valueRequired":true,"valueName":"search_term_string"}}],"inLanguage":"sr-RS"},{"@type":"Organization","@id":"https:\/\/stiroporcena.rs\/#organization","name":"Stiropor Cena","url":"https:\/\/stiroporcena.rs\/","logo":{"@type":"ImageObject","inLanguage":"sr-RS","@id":"https:\/\/stiroporcena.rs\/#\/schema\/logo\/image\/","url":"https:\/\/stiroporcena.rs\/wp-content\/uploads\/2026\/02\/cropped-LOGO-kontakt-300-novi.png","contentUrl":"https:\/\/stiroporcena.rs\/wp-content\/uploads\/2026\/02\/cropped-LOGO-kontakt-300-novi.png","width":300,"height":83,"caption":"Stiropor Cena"},"image":{"@id":"https:\/\/stiroporcena.rs\/#\/schema\/logo\/image\/"}}]}},"_links":{"self":[{"href":"https:\/\/stiroporcena.rs\/index.php?rest_route=\/wp\/v2\/product\/1866","targetHints":{"allow":["GET"]}}],"collection":[{"href":"https:\/\/stiroporcena.rs\/index.php?rest_route=\/wp\/v2\/product"}],"about":[{"href":"https:\/\/stiroporcena.rs\/index.php?rest_route=\/wp\/v2\/types\/product"}],"replies":[{"embeddable":true,"href":"https:\/\/stiroporcena.rs\/index.php?rest_route=%2Fwp%2Fv2%2Fcomments&post=1866"}],"wp:featuredmedia":[{"embeddable":true,"href":"https:\/\/stiroporcena.rs\/index.php?rest_route=\/wp\/v2\/media\/1867"}],"wp:attachment":[{"href":"https:\/\/stiroporcena.rs\/index.php?rest_route=%2Fwp%2Fv2%2Fmedia&parent=1866"}],"wp:term":[{"taxonomy":"product_brand","embeddable":true,"href":"https:\/\/stiroporcena.rs\/index.php?rest_route=%2Fwp%2Fv2%2Fproduct_brand&post=1866"},{"taxonomy":"product_cat","embeddable":true,"href":"https:\/\/stiroporcena.rs\/index.php?rest_route=%2Fwp%2Fv2%2Fproduct_cat&post=1866"},{"taxonomy":"product_tag","embeddable":true,"href":"https:\/\/stiroporcena.rs\/index.php?rest_route=%2Fwp%2Fv2%2Fproduct_tag&post=1866"}],"curies":[{"name":"wp","href":"https:\/\/api.w.org\/{rel}","templated":true}]}}