{"id":1876,"date":"2024-01-10T15:04:07","date_gmt":"2024-01-10T14:04:07","guid":{"rendered":"https:\/\/stiroporcena.rs\/?post_type=product&#038;p=1876"},"modified":"2024-01-10T15:04:07","modified_gmt":"2024-01-10T14:04:07","slug":"interlux-brzosusivi-emajl-20l","status":"publish","type":"product","link":"https:\/\/stiroporcena.rs\/?product=interlux-brzosusivi-emajl-20l","title":{"rendered":"Interlux brzosusivi emajl 20l"},"content":{"rendered":"<div class=\"text1\">\n<p>Sastav i namena:\u00a0interlux \u2013 brzosu\u0161ivi emajl lak je univerzalni zavr\u0161ni premaz za drvo i metal u enterijeru i eksterijeru. Izra\u0111en je na bazi brzosu\u0161ivih alkidnih smola i pigmenata postojanih na UV zra\u010denje.<\/p>\n<p>Osobine:\u00a0lako se nanosi, brzo su\u0161i, postojanost boja, velika pokrivna mo\u0107.<\/p>\n<p>Na\u010din primene:\u00a0nanosi se \u010detkom ili pi\u0161toljem na metalne povr\u0161ine preko antikorozivne brzosu\u0161ive boje na drvene povr\u0161ine prethodno o\u010di\u0161\u0107ene kao samostalni zavr\u0161ni premaz u 1-2 sloja.<\/p>\n<p>Razre\u0111ivanje:\u00a0premaz je pripremljen za upotrebu po potrebi se razre\u0111uje nitro razre\u0111iva\u010dem.<\/p>\n<p>Su\u0161enje:\u00a0na dodir za 3-4h, za nano\u0161enje novog sloja 5-6h (25\u00b0C).<\/p>\n<p>Potro\u0161nja:\u00a0750ml je dovoljno za 6-9m<sup>2<\/sup>\u00a0u jednom sloju.<\/p>\n<\/div>\n<div class=\"text2\">\n<div>\n<p>Pakovanje:<\/p>\n<p>Limenka: 200ml, 750ml<\/p>\n<p>Metalna kanta: 20l<\/p>\n<\/div>\n<\/div>\n","protected":false},"excerpt":{"rendered":"<p>Sastav i namena:\u00a0interlux \u2013 brzosu\u0161ivi emajl lak je univerzalni zavr\u0161ni premaz za drvo i metal u enterijeru i eksterijeru. Izra\u0111en je na bazi brzosu\u0161ivih alkidnih smola i pigmenata postojanih na UV zra\u010denje. Osobine:\u00a0lako se nanosi, brzo su\u0161i, postojanost boja, velika pokrivna mo\u0107. Na\u010din primene:\u00a0nanosi se \u010detkom ili pi\u0161toljem na metalne povr\u0161ine preko antikorozivne brzosu\u0161ive boje [&hellip;]<\/p>\n","protected":false},"featured_media":1877,"comment_status":"open","ping_status":"closed","template":"","meta":{"ocean_post_layout":"","ocean_both_sidebars_style":"","ocean_both_sidebars_content_width":0,"ocean_both_sidebars_sidebars_width":0,"ocean_sidebar":"0","ocean_second_sidebar":"0","ocean_disable_margins":"enable","ocean_add_body_class":"","ocean_shortcode_before_top_bar":"","ocean_shortcode_after_top_bar":"","ocean_shortcode_before_header":"","ocean_shortcode_after_header":"","ocean_has_shortcode":"","ocean_shortcode_after_title":"","ocean_shortcode_before_footer_widgets":"","ocean_shortcode_after_footer_widgets":"","ocean_shortcode_before_footer_bottom":"","ocean_shortcode_after_footer_bottom":"","ocean_display_top_bar":"default","ocean_display_header":"default","ocean_header_style":"","ocean_center_header_left_menu":"0","ocean_custom_header_template":"0","ocean_custom_logo":0,"ocean_custom_retina_logo":0,"ocean_custom_logo_max_width":0,"ocean_custom_logo_tablet_max_width":0,"ocean_custom_logo_mobile_max_width":0,"ocean_custom_logo_max_height":0,"ocean_custom_logo_tablet_max_height":0,"ocean_custom_logo_mobile_max_height":0,"ocean_header_custom_menu":"0","ocean_menu_typo_font_family":"0","ocean_menu_typo_font_subset":"","ocean_menu_typo_font_size":0,"ocean_menu_typo_font_size_tablet":0,"ocean_menu_typo_font_size_mobile":0,"ocean_menu_typo_font_size_unit":"px","ocean_menu_typo_font_weight":"","ocean_menu_typo_font_weight_tablet":"","ocean_menu_typo_font_weight_mobile":"","ocean_menu_typo_transform":"","ocean_menu_typo_transform_tablet":"","ocean_menu_typo_transform_mobile":"","ocean_menu_typo_line_height":0,"ocean_menu_typo_line_height_tablet":0,"ocean_menu_typo_line_height_mobile":0,"ocean_menu_typo_line_height_unit":"","ocean_menu_typo_spacing":0,"ocean_menu_typo_spacing_tablet":0,"ocean_menu_typo_spacing_mobile":0,"ocean_menu_typo_spacing_unit":"","ocean_menu_link_color":"","ocean_menu_link_color_hover":"","ocean_menu_link_color_active":"","ocean_menu_link_background":"","ocean_menu_link_hover_background":"","ocean_menu_link_active_background":"","ocean_menu_social_links_bg":"","ocean_menu_social_hover_links_bg":"","ocean_menu_social_links_color":"","ocean_menu_social_hover_links_color":"","ocean_disable_title":"default","ocean_disable_heading":"default","ocean_post_title":"","ocean_post_subheading":"","ocean_post_title_style":"","ocean_post_title_background_color":"","ocean_post_title_background":0,"ocean_post_title_bg_image_position":"","ocean_post_title_bg_image_attachment":"","ocean_post_title_bg_image_repeat":"","ocean_post_title_bg_image_size":"","ocean_post_title_height":0,"ocean_post_title_bg_overlay":0.5,"ocean_post_title_bg_overlay_color":"","ocean_disable_breadcrumbs":"default","ocean_breadcrumbs_color":"","ocean_breadcrumbs_separator_color":"","ocean_breadcrumbs_links_color":"","ocean_breadcrumbs_links_hover_color":"","ocean_display_footer_widgets":"default","ocean_display_footer_bottom":"default","ocean_custom_footer_template":"0"},"product_brand":[],"product_cat":[83],"product_tag":[],"class_list":{"0":"post-1876","1":"product","2":"type-product","3":"status-publish","4":"has-post-thumbnail","6":"product_cat-boje-i-premazi-za-drvo-i-metal","8":"entry","9":"has-media","11":"first","12":"instock","13":"sale","14":"shipping-taxable","15":"purchasable","16":"product-type-simple","17":"has-product-nav","18":"col","19":"span_1_of_3","20":"owp-content-center","21":"owp-thumbs-layout-horizontal","22":"owp-btn-normal","23":"owp-tabs-layout-horizontal","24":"has-no-thumbnails"},"yoast_head":"<!-- This site is optimized with the Yoast SEO plugin v27.2 - https:\/\/yoast.com\/product\/yoast-seo-wordpress\/ -->\n<title>Interlux brzosusivi emajl 20l - Stiropor Cena<\/title>\n<meta name=\"robots\" content=\"index, follow, max-snippet:-1, max-image-preview:large, max-video-preview:-1\" \/>\n<link rel=\"canonical\" href=\"https:\/\/stiroporcena.rs\/?product=interlux-brzosusivi-emajl-20l\" \/>\n<meta property=\"og:locale\" content=\"sr_RS\" \/>\n<meta property=\"og:type\" content=\"article\" \/>\n<meta property=\"og:title\" content=\"Interlux brzosusivi emajl 20l - Stiropor Cena\" \/>\n<meta property=\"og:description\" content=\"Sastav i namena:\u00a0interlux \u2013 brzosu\u0161ivi emajl lak je univerzalni zavr\u0161ni premaz za drvo i metal u enterijeru i eksterijeru. Izra\u0111en je na bazi brzosu\u0161ivih alkidnih smola i pigmenata postojanih na UV zra\u010denje. Osobine:\u00a0lako se nanosi, brzo su\u0161i, postojanost boja, velika pokrivna mo\u0107. Na\u010din primene:\u00a0nanosi se \u010detkom ili pi\u0161toljem na metalne povr\u0161ine preko antikorozivne brzosu\u0161ive boje [&hellip;]\" \/>\n<meta property=\"og:url\" content=\"https:\/\/stiroporcena.rs\/?product=interlux-brzosusivi-emajl-20l\" \/>\n<meta property=\"og:site_name\" content=\"Stiropor Cena\" \/>\n<meta property=\"og:image\" content=\"https:\/\/stiroporcena.rs\/wp-content\/uploads\/2024\/01\/interlux-brzosusivi.png\" \/>\n\t<meta property=\"og:image:width\" content=\"250\" \/>\n\t<meta property=\"og:image:height\" content=\"332\" \/>\n\t<meta property=\"og:image:type\" content=\"image\/png\" \/>\n<meta name=\"twitter:card\" content=\"summary_large_image\" \/>\n<meta name=\"twitter:label1\" content=\"\u041f\u0440\u043e\u0446\u0435\u045a\u0435\u043d\u043e \u0432\u0440\u0435\u043c\u0435 \u0447\u0438\u0442\u0430\u045a\u0430\" \/>\n\t<meta name=\"twitter:data1\" content=\"1 \u043c\u0438\u043d\u0443\u0442\" \/>\n<script type=\"application\/ld+json\" class=\"yoast-schema-graph\">{\"@context\":\"https:\/\/schema.org\",\"@graph\":[{\"@type\":\"WebPage\",\"@id\":\"https:\/\/stiroporcena.rs\/?product=interlux-brzosusivi-emajl-20l\",\"url\":\"https:\/\/stiroporcena.rs\/?product=interlux-brzosusivi-emajl-20l\",\"name\":\"Interlux brzosusivi emajl 20l - Stiropor Cena\",\"isPartOf\":{\"@id\":\"https:\/\/stiroporcena.rs\/#website\"},\"primaryImageOfPage\":{\"@id\":\"https:\/\/stiroporcena.rs\/?product=interlux-brzosusivi-emajl-20l#primaryimage\"},\"image\":{\"@id\":\"https:\/\/stiroporcena.rs\/?product=interlux-brzosusivi-emajl-20l#primaryimage\"},\"thumbnailUrl\":\"https:\/\/stiroporcena.rs\/wp-content\/uploads\/2024\/01\/interlux-brzosusivi.png\",\"datePublished\":\"2024-01-10T14:04:07+00:00\",\"breadcrumb\":{\"@id\":\"https:\/\/stiroporcena.rs\/?product=interlux-brzosusivi-emajl-20l#breadcrumb\"},\"inLanguage\":\"sr-RS\",\"potentialAction\":[{\"@type\":\"ReadAction\",\"target\":[\"https:\/\/stiroporcena.rs\/?product=interlux-brzosusivi-emajl-20l\"]}]},{\"@type\":\"ImageObject\",\"inLanguage\":\"sr-RS\",\"@id\":\"https:\/\/stiroporcena.rs\/?product=interlux-brzosusivi-emajl-20l#primaryimage\",\"url\":\"https:\/\/stiroporcena.rs\/wp-content\/uploads\/2024\/01\/interlux-brzosusivi.png\",\"contentUrl\":\"https:\/\/stiroporcena.rs\/wp-content\/uploads\/2024\/01\/interlux-brzosusivi.png\",\"width\":250,\"height\":332},{\"@type\":\"BreadcrumbList\",\"@id\":\"https:\/\/stiroporcena.rs\/?product=interlux-brzosusivi-emajl-20l#breadcrumb\",\"itemListElement\":[{\"@type\":\"ListItem\",\"position\":1,\"name\":\"\u041f\u043e\u0447\u0435\u0442\u043d\u0430\",\"item\":\"https:\/\/stiroporcena.rs\/\"},{\"@type\":\"ListItem\",\"position\":2,\"name\":\"Shop\",\"item\":\"https:\/\/stiroporcena.rs\/?page_id=1035\"},{\"@type\":\"ListItem\",\"position\":3,\"name\":\"Interlux brzosusivi emajl 20l\"}]},{\"@type\":\"WebSite\",\"@id\":\"https:\/\/stiroporcena.rs\/#website\",\"url\":\"https:\/\/stiroporcena.rs\/\",\"name\":\"Stiropor Cena\",\"description\":\"Stiropor Cena\",\"publisher\":{\"@id\":\"https:\/\/stiroporcena.rs\/#organization\"},\"potentialAction\":[{\"@type\":\"SearchAction\",\"target\":{\"@type\":\"EntryPoint\",\"urlTemplate\":\"https:\/\/stiroporcena.rs\/?s={search_term_string}\"},\"query-input\":{\"@type\":\"PropertyValueSpecification\",\"valueRequired\":true,\"valueName\":\"search_term_string\"}}],\"inLanguage\":\"sr-RS\"},{\"@type\":\"Organization\",\"@id\":\"https:\/\/stiroporcena.rs\/#organization\",\"name\":\"Stiropor Cena\",\"url\":\"https:\/\/stiroporcena.rs\/\",\"logo\":{\"@type\":\"ImageObject\",\"inLanguage\":\"sr-RS\",\"@id\":\"https:\/\/stiroporcena.rs\/#\/schema\/logo\/image\/\",\"url\":\"https:\/\/stiroporcena.rs\/wp-content\/uploads\/2026\/02\/cropped-LOGO-kontakt-300-novi.png\",\"contentUrl\":\"https:\/\/stiroporcena.rs\/wp-content\/uploads\/2026\/02\/cropped-LOGO-kontakt-300-novi.png\",\"width\":300,\"height\":83,\"caption\":\"Stiropor Cena\"},\"image\":{\"@id\":\"https:\/\/stiroporcena.rs\/#\/schema\/logo\/image\/\"}}]}<\/script>\n<!-- \/ Yoast SEO plugin. -->","yoast_head_json":{"title":"Interlux brzosusivi emajl 20l - Stiropor Cena","robots":{"index":"index","follow":"follow","max-snippet":"max-snippet:-1","max-image-preview":"max-image-preview:large","max-video-preview":"max-video-preview:-1"},"canonical":"https:\/\/stiroporcena.rs\/?product=interlux-brzosusivi-emajl-20l","og_locale":"sr_RS","og_type":"article","og_title":"Interlux brzosusivi emajl 20l - Stiropor Cena","og_description":"Sastav i namena:\u00a0interlux \u2013 brzosu\u0161ivi emajl lak je univerzalni zavr\u0161ni premaz za drvo i metal u enterijeru i eksterijeru. Izra\u0111en je na bazi brzosu\u0161ivih alkidnih smola i pigmenata postojanih na UV zra\u010denje. Osobine:\u00a0lako se nanosi, brzo su\u0161i, postojanost boja, velika pokrivna mo\u0107. Na\u010din primene:\u00a0nanosi se \u010detkom ili pi\u0161toljem na metalne povr\u0161ine preko antikorozivne brzosu\u0161ive boje [&hellip;]","og_url":"https:\/\/stiroporcena.rs\/?product=interlux-brzosusivi-emajl-20l","og_site_name":"Stiropor Cena","og_image":[{"width":250,"height":332,"url":"https:\/\/stiroporcena.rs\/wp-content\/uploads\/2024\/01\/interlux-brzosusivi.png","type":"image\/png"}],"twitter_card":"summary_large_image","twitter_misc":{"\u041f\u0440\u043e\u0446\u0435\u045a\u0435\u043d\u043e \u0432\u0440\u0435\u043c\u0435 \u0447\u0438\u0442\u0430\u045a\u0430":"1 \u043c\u0438\u043d\u0443\u0442"},"schema":{"@context":"https:\/\/schema.org","@graph":[{"@type":"WebPage","@id":"https:\/\/stiroporcena.rs\/?product=interlux-brzosusivi-emajl-20l","url":"https:\/\/stiroporcena.rs\/?product=interlux-brzosusivi-emajl-20l","name":"Interlux brzosusivi emajl 20l - Stiropor Cena","isPartOf":{"@id":"https:\/\/stiroporcena.rs\/#website"},"primaryImageOfPage":{"@id":"https:\/\/stiroporcena.rs\/?product=interlux-brzosusivi-emajl-20l#primaryimage"},"image":{"@id":"https:\/\/stiroporcena.rs\/?product=interlux-brzosusivi-emajl-20l#primaryimage"},"thumbnailUrl":"https:\/\/stiroporcena.rs\/wp-content\/uploads\/2024\/01\/interlux-brzosusivi.png","datePublished":"2024-01-10T14:04:07+00:00","breadcrumb":{"@id":"https:\/\/stiroporcena.rs\/?product=interlux-brzosusivi-emajl-20l#breadcrumb"},"inLanguage":"sr-RS","potentialAction":[{"@type":"ReadAction","target":["https:\/\/stiroporcena.rs\/?product=interlux-brzosusivi-emajl-20l"]}]},{"@type":"ImageObject","inLanguage":"sr-RS","@id":"https:\/\/stiroporcena.rs\/?product=interlux-brzosusivi-emajl-20l#primaryimage","url":"https:\/\/stiroporcena.rs\/wp-content\/uploads\/2024\/01\/interlux-brzosusivi.png","contentUrl":"https:\/\/stiroporcena.rs\/wp-content\/uploads\/2024\/01\/interlux-brzosusivi.png","width":250,"height":332},{"@type":"BreadcrumbList","@id":"https:\/\/stiroporcena.rs\/?product=interlux-brzosusivi-emajl-20l#breadcrumb","itemListElement":[{"@type":"ListItem","position":1,"name":"\u041f\u043e\u0447\u0435\u0442\u043d\u0430","item":"https:\/\/stiroporcena.rs\/"},{"@type":"ListItem","position":2,"name":"Shop","item":"https:\/\/stiroporcena.rs\/?page_id=1035"},{"@type":"ListItem","position":3,"name":"Interlux brzosusivi emajl 20l"}]},{"@type":"WebSite","@id":"https:\/\/stiroporcena.rs\/#website","url":"https:\/\/stiroporcena.rs\/","name":"Stiropor Cena","description":"Stiropor Cena","publisher":{"@id":"https:\/\/stiroporcena.rs\/#organization"},"potentialAction":[{"@type":"SearchAction","target":{"@type":"EntryPoint","urlTemplate":"https:\/\/stiroporcena.rs\/?s={search_term_string}"},"query-input":{"@type":"PropertyValueSpecification","valueRequired":true,"valueName":"search_term_string"}}],"inLanguage":"sr-RS"},{"@type":"Organization","@id":"https:\/\/stiroporcena.rs\/#organization","name":"Stiropor Cena","url":"https:\/\/stiroporcena.rs\/","logo":{"@type":"ImageObject","inLanguage":"sr-RS","@id":"https:\/\/stiroporcena.rs\/#\/schema\/logo\/image\/","url":"https:\/\/stiroporcena.rs\/wp-content\/uploads\/2026\/02\/cropped-LOGO-kontakt-300-novi.png","contentUrl":"https:\/\/stiroporcena.rs\/wp-content\/uploads\/2026\/02\/cropped-LOGO-kontakt-300-novi.png","width":300,"height":83,"caption":"Stiropor Cena"},"image":{"@id":"https:\/\/stiroporcena.rs\/#\/schema\/logo\/image\/"}}]}},"_links":{"self":[{"href":"https:\/\/stiroporcena.rs\/index.php?rest_route=\/wp\/v2\/product\/1876","targetHints":{"allow":["GET"]}}],"collection":[{"href":"https:\/\/stiroporcena.rs\/index.php?rest_route=\/wp\/v2\/product"}],"about":[{"href":"https:\/\/stiroporcena.rs\/index.php?rest_route=\/wp\/v2\/types\/product"}],"replies":[{"embeddable":true,"href":"https:\/\/stiroporcena.rs\/index.php?rest_route=%2Fwp%2Fv2%2Fcomments&post=1876"}],"wp:featuredmedia":[{"embeddable":true,"href":"https:\/\/stiroporcena.rs\/index.php?rest_route=\/wp\/v2\/media\/1877"}],"wp:attachment":[{"href":"https:\/\/stiroporcena.rs\/index.php?rest_route=%2Fwp%2Fv2%2Fmedia&parent=1876"}],"wp:term":[{"taxonomy":"product_brand","embeddable":true,"href":"https:\/\/stiroporcena.rs\/index.php?rest_route=%2Fwp%2Fv2%2Fproduct_brand&post=1876"},{"taxonomy":"product_cat","embeddable":true,"href":"https:\/\/stiroporcena.rs\/index.php?rest_route=%2Fwp%2Fv2%2Fproduct_cat&post=1876"},{"taxonomy":"product_tag","embeddable":true,"href":"https:\/\/stiroporcena.rs\/index.php?rest_route=%2Fwp%2Fv2%2Fproduct_tag&post=1876"}],"curies":[{"name":"wp","href":"https:\/\/api.w.org\/{rel}","templated":true}]}}