{"id":2038,"date":"2024-01-15T11:40:47","date_gmt":"2024-01-15T10:40:47","guid":{"rendered":"https:\/\/stiroporcena.rs\/?post_type=product&#038;p=2038"},"modified":"2024-01-15T11:40:47","modified_gmt":"2024-01-15T10:40:47","slug":"maxima-concrete-cena-20kg","status":"publish","type":"product","link":"https:\/\/stiroporcena.rs\/?product=maxima-concrete-cena-20kg","title":{"rendered":"Maxima Concrete cena 20kg"},"content":{"rendered":"<p>MAXIDECOR Concrete je specijalni dekorativni suvi tip maltera, namenjen dekorativnoj za\u0161titi unutra\u0161njih i spolja\u0161njih mineralnih povr\u0161ina. Bri\u017eljivo je kreiran od posebno selektovanih mermernih agregata, visoko kvalitetnog sivog cementa, polimera i aditiva, kako bi se omogu\u0107ilo postizanje efekta izlo\u017eenog betona. Odlikuje ga odli\u010dno prianjanje na mineralne povr\u0161ine, dobra paropropusnost, izuzetna vodoodbojnost i otpornost na vremenske uticaje i UV zra\u010denje.<\/p>\n<p><strong>Povr\u0161ina mora biti:<\/strong>\u00a0ravna, suva, \u010dista, bez slabo vezanih delova, pra\u0161ine, vodorastvornih soli, masti i ostalih ne\u010disto\u0107a, koje mogu spre\u010diti dobro prijanjanje na podlogu. Malterisane povr\u0161ine su\u0161iti 28 dana, a zavr\u0161ni sloj lepka za armiranje 7 dana. Pre nano\u0161enja obavezno je grundiranje povr\u0161ine. Kod novomalterisanih i nedovoljno nosivih povr\u0161ina, zidove pre svega impregnirati MAXIKRIL Hidrosol podlogom. Nakon su\u0161enja podloge, naneti beli ROLOGRUND.<\/p>\n<p>&nbsp;<\/p>\n<p><strong>Priprema materijala:\u00a0<\/strong>MAXIDECOR Concrete od 20 kg dodati na 5,0\u20135,5 L vode i me\u0161ati do stvaranja homogene mase bez grudvica, ali ne predugo, da ne bi do\u0161lo do pojave pene, koja mo\u017ee napraviti problem prilikom nano\u0161enja. Ukoliko do toga do\u0111e, ostaviti pripremljenu masu da odstoji 15\u201320 minuta, pa onda nanositi. Pripremljenu masu utro\u0161iti u roku od 2 sata.<\/p>\n<p>&nbsp;<\/p>\n<p><strong>Tehnika nano\u0161enja:\u00a0<\/strong>MAXIDECOR Concrete nanositi u dva sloja. Materijal ugra\u0111ivati i dalju obradu raditi ner\u0111aju\u0107om gletericom. Prvi sloj naneti ujedna\u010deno, trude\u0107i se da se dobija sto ravnija povr\u0161ina. Drugi sloj nanositi nakon \u2248 6 sati, odnosno na osu\u0161en prvi sloj. Ukupna debljina slojeva treba da bude pribli\u017eno 1,5\u20132,0 mm. Nakon nano\u0161enja drugog sloja, posle pribli\u017eno 10\u201315 minuta (u zavisnosti od vremenskih prilika), odnosno \u010dim materijal po\u010dne da se su\u0161i, pristupiti kreiranju teksture odgovaraju\u0107im alatom. Naj\u010de\u0161\u0107e se materijal dodiruje \u010ditavom povr\u0161inom gleterice tako da se formira releljefna tekstura. Nakon toga, \u010distom gletericom pod blagim uglom izravnati povr\u0161inu tako da se dobije glatka povr\u0161ina sa mestimi\u010dnim nesavr\u0161enostima koja odlikuju pravi beton. Posle upotrebe, alat odmah oprati vodom.<\/p>\n","protected":false},"excerpt":{"rendered":"<p>MAXIDECOR Concrete je specijalni dekorativni suvi tip maltera, namenjen dekorativnoj za\u0161titi unutra\u0161njih i spolja\u0161njih mineralnih povr\u0161ina. Bri\u017eljivo je kreiran od posebno selektovanih mermernih agregata, visoko kvalitetnog sivog cementa, polimera i aditiva, kako bi se omogu\u0107ilo postizanje efekta izlo\u017eenog betona. Odlikuje ga odli\u010dno prianjanje na mineralne povr\u0161ine, dobra paropropusnost, izuzetna vodoodbojnost i otpornost na vremenske uticaje [&hellip;]<\/p>\n","protected":false},"featured_media":2039,"comment_status":"open","ping_status":"closed","template":"","meta":{"ocean_post_layout":"","ocean_both_sidebars_style":"","ocean_both_sidebars_content_width":0,"ocean_both_sidebars_sidebars_width":0,"ocean_sidebar":"0","ocean_second_sidebar":"0","ocean_disable_margins":"enable","ocean_add_body_class":"","ocean_shortcode_before_top_bar":"","ocean_shortcode_after_top_bar":"","ocean_shortcode_before_header":"","ocean_shortcode_after_header":"","ocean_has_shortcode":"","ocean_shortcode_after_title":"","ocean_shortcode_before_footer_widgets":"","ocean_shortcode_after_footer_widgets":"","ocean_shortcode_before_footer_bottom":"","ocean_shortcode_after_footer_bottom":"","ocean_display_top_bar":"default","ocean_display_header":"default","ocean_header_style":"","ocean_center_header_left_menu":"0","ocean_custom_header_template":"0","ocean_custom_logo":0,"ocean_custom_retina_logo":0,"ocean_custom_logo_max_width":0,"ocean_custom_logo_tablet_max_width":0,"ocean_custom_logo_mobile_max_width":0,"ocean_custom_logo_max_height":0,"ocean_custom_logo_tablet_max_height":0,"ocean_custom_logo_mobile_max_height":0,"ocean_header_custom_menu":"0","ocean_menu_typo_font_family":"0","ocean_menu_typo_font_subset":"","ocean_menu_typo_font_size":0,"ocean_menu_typo_font_size_tablet":0,"ocean_menu_typo_font_size_mobile":0,"ocean_menu_typo_font_size_unit":"px","ocean_menu_typo_font_weight":"","ocean_menu_typo_font_weight_tablet":"","ocean_menu_typo_font_weight_mobile":"","ocean_menu_typo_transform":"","ocean_menu_typo_transform_tablet":"","ocean_menu_typo_transform_mobile":"","ocean_menu_typo_line_height":0,"ocean_menu_typo_line_height_tablet":0,"ocean_menu_typo_line_height_mobile":0,"ocean_menu_typo_line_height_unit":"","ocean_menu_typo_spacing":0,"ocean_menu_typo_spacing_tablet":0,"ocean_menu_typo_spacing_mobile":0,"ocean_menu_typo_spacing_unit":"","ocean_menu_link_color":"","ocean_menu_link_color_hover":"","ocean_menu_link_color_active":"","ocean_menu_link_background":"","ocean_menu_link_hover_background":"","ocean_menu_link_active_background":"","ocean_menu_social_links_bg":"","ocean_menu_social_hover_links_bg":"","ocean_menu_social_links_color":"","ocean_menu_social_hover_links_color":"","ocean_disable_title":"default","ocean_disable_heading":"default","ocean_post_title":"","ocean_post_subheading":"","ocean_post_title_style":"","ocean_post_title_background_color":"","ocean_post_title_background":0,"ocean_post_title_bg_image_position":"","ocean_post_title_bg_image_attachment":"","ocean_post_title_bg_image_repeat":"","ocean_post_title_bg_image_size":"","ocean_post_title_height":0,"ocean_post_title_bg_overlay":0.5,"ocean_post_title_bg_overlay_color":"","ocean_disable_breadcrumbs":"default","ocean_breadcrumbs_color":"","ocean_breadcrumbs_separator_color":"","ocean_breadcrumbs_links_color":"","ocean_breadcrumbs_links_hover_color":"","ocean_display_footer_widgets":"default","ocean_display_footer_bottom":"default","ocean_custom_footer_template":"0"},"product_brand":[],"product_cat":[85],"product_tag":[],"class_list":{"0":"post-2038","1":"product","2":"type-product","3":"status-publish","4":"has-post-thumbnail","6":"product_cat-dekorativne-tehnike","8":"entry","9":"has-media","11":"first","12":"instock","13":"sale","14":"shipping-taxable","15":"purchasable","16":"product-type-simple","17":"has-product-nav","18":"col","19":"span_1_of_3","20":"owp-content-center","21":"owp-thumbs-layout-horizontal","22":"owp-btn-normal","23":"owp-tabs-layout-horizontal","24":"has-no-thumbnails"},"yoast_head":"<!-- This site is optimized with the Yoast SEO plugin v27.2 - https:\/\/yoast.com\/product\/yoast-seo-wordpress\/ -->\n<title>Maxima Concrete cena 20kg - Stiropor Cena<\/title>\n<meta name=\"robots\" content=\"index, follow, max-snippet:-1, max-image-preview:large, max-video-preview:-1\" \/>\n<link rel=\"canonical\" href=\"https:\/\/stiroporcena.rs\/?product=maxima-concrete-cena-20kg\" \/>\n<meta property=\"og:locale\" content=\"sr_RS\" \/>\n<meta property=\"og:type\" content=\"article\" \/>\n<meta property=\"og:title\" content=\"Maxima Concrete cena 20kg - Stiropor Cena\" \/>\n<meta property=\"og:description\" content=\"MAXIDECOR Concrete je specijalni dekorativni suvi tip maltera, namenjen dekorativnoj za\u0161titi unutra\u0161njih i spolja\u0161njih mineralnih povr\u0161ina. Bri\u017eljivo je kreiran od posebno selektovanih mermernih agregata, visoko kvalitetnog sivog cementa, polimera i aditiva, kako bi se omogu\u0107ilo postizanje efekta izlo\u017eenog betona. Odlikuje ga odli\u010dno prianjanje na mineralne povr\u0161ine, dobra paropropusnost, izuzetna vodoodbojnost i otpornost na vremenske uticaje [&hellip;]\" \/>\n<meta property=\"og:url\" content=\"https:\/\/stiroporcena.rs\/?product=maxima-concrete-cena-20kg\" \/>\n<meta property=\"og:site_name\" content=\"Stiropor Cena\" \/>\n<meta property=\"og:image\" content=\"https:\/\/stiroporcena.rs\/wp-content\/uploads\/2024\/01\/1685013424oeqdc8msuastapdi.png\" \/>\n\t<meta property=\"og:image:width\" content=\"400\" \/>\n\t<meta property=\"og:image:height\" content=\"400\" \/>\n\t<meta property=\"og:image:type\" content=\"image\/png\" \/>\n<meta name=\"twitter:card\" content=\"summary_large_image\" \/>\n<meta name=\"twitter:label1\" content=\"\u041f\u0440\u043e\u0446\u0435\u045a\u0435\u043d\u043e \u0432\u0440\u0435\u043c\u0435 \u0447\u0438\u0442\u0430\u045a\u0430\" \/>\n\t<meta name=\"twitter:data1\" content=\"2 \u043c\u0438\u043d\u0443\u0442\u0430\" \/>\n<script type=\"application\/ld+json\" class=\"yoast-schema-graph\">{\"@context\":\"https:\/\/schema.org\",\"@graph\":[{\"@type\":\"WebPage\",\"@id\":\"https:\/\/stiroporcena.rs\/?product=maxima-concrete-cena-20kg\",\"url\":\"https:\/\/stiroporcena.rs\/?product=maxima-concrete-cena-20kg\",\"name\":\"Maxima Concrete cena 20kg - Stiropor Cena\",\"isPartOf\":{\"@id\":\"https:\/\/stiroporcena.rs\/#website\"},\"primaryImageOfPage\":{\"@id\":\"https:\/\/stiroporcena.rs\/?product=maxima-concrete-cena-20kg#primaryimage\"},\"image\":{\"@id\":\"https:\/\/stiroporcena.rs\/?product=maxima-concrete-cena-20kg#primaryimage\"},\"thumbnailUrl\":\"https:\/\/stiroporcena.rs\/wp-content\/uploads\/2024\/01\/1685013424oeqdc8msuastapdi.png\",\"datePublished\":\"2024-01-15T10:40:47+00:00\",\"breadcrumb\":{\"@id\":\"https:\/\/stiroporcena.rs\/?product=maxima-concrete-cena-20kg#breadcrumb\"},\"inLanguage\":\"sr-RS\",\"potentialAction\":[{\"@type\":\"ReadAction\",\"target\":[\"https:\/\/stiroporcena.rs\/?product=maxima-concrete-cena-20kg\"]}]},{\"@type\":\"ImageObject\",\"inLanguage\":\"sr-RS\",\"@id\":\"https:\/\/stiroporcena.rs\/?product=maxima-concrete-cena-20kg#primaryimage\",\"url\":\"https:\/\/stiroporcena.rs\/wp-content\/uploads\/2024\/01\/1685013424oeqdc8msuastapdi.png\",\"contentUrl\":\"https:\/\/stiroporcena.rs\/wp-content\/uploads\/2024\/01\/1685013424oeqdc8msuastapdi.png\",\"width\":400,\"height\":400},{\"@type\":\"BreadcrumbList\",\"@id\":\"https:\/\/stiroporcena.rs\/?product=maxima-concrete-cena-20kg#breadcrumb\",\"itemListElement\":[{\"@type\":\"ListItem\",\"position\":1,\"name\":\"\u041f\u043e\u0447\u0435\u0442\u043d\u0430\",\"item\":\"https:\/\/stiroporcena.rs\/\"},{\"@type\":\"ListItem\",\"position\":2,\"name\":\"Shop\",\"item\":\"https:\/\/stiroporcena.rs\/?page_id=1035\"},{\"@type\":\"ListItem\",\"position\":3,\"name\":\"Maxima Concrete cena 20kg\"}]},{\"@type\":\"WebSite\",\"@id\":\"https:\/\/stiroporcena.rs\/#website\",\"url\":\"https:\/\/stiroporcena.rs\/\",\"name\":\"Stiropor Cena\",\"description\":\"Stiropor Cena\",\"publisher\":{\"@id\":\"https:\/\/stiroporcena.rs\/#organization\"},\"potentialAction\":[{\"@type\":\"SearchAction\",\"target\":{\"@type\":\"EntryPoint\",\"urlTemplate\":\"https:\/\/stiroporcena.rs\/?s={search_term_string}\"},\"query-input\":{\"@type\":\"PropertyValueSpecification\",\"valueRequired\":true,\"valueName\":\"search_term_string\"}}],\"inLanguage\":\"sr-RS\"},{\"@type\":\"Organization\",\"@id\":\"https:\/\/stiroporcena.rs\/#organization\",\"name\":\"Stiropor Cena\",\"url\":\"https:\/\/stiroporcena.rs\/\",\"logo\":{\"@type\":\"ImageObject\",\"inLanguage\":\"sr-RS\",\"@id\":\"https:\/\/stiroporcena.rs\/#\/schema\/logo\/image\/\",\"url\":\"https:\/\/stiroporcena.rs\/wp-content\/uploads\/2026\/02\/cropped-LOGO-kontakt-300-novi.png\",\"contentUrl\":\"https:\/\/stiroporcena.rs\/wp-content\/uploads\/2026\/02\/cropped-LOGO-kontakt-300-novi.png\",\"width\":300,\"height\":83,\"caption\":\"Stiropor Cena\"},\"image\":{\"@id\":\"https:\/\/stiroporcena.rs\/#\/schema\/logo\/image\/\"}}]}<\/script>\n<!-- \/ Yoast SEO plugin. -->","yoast_head_json":{"title":"Maxima Concrete cena 20kg - Stiropor Cena","robots":{"index":"index","follow":"follow","max-snippet":"max-snippet:-1","max-image-preview":"max-image-preview:large","max-video-preview":"max-video-preview:-1"},"canonical":"https:\/\/stiroporcena.rs\/?product=maxima-concrete-cena-20kg","og_locale":"sr_RS","og_type":"article","og_title":"Maxima Concrete cena 20kg - Stiropor Cena","og_description":"MAXIDECOR Concrete je specijalni dekorativni suvi tip maltera, namenjen dekorativnoj za\u0161titi unutra\u0161njih i spolja\u0161njih mineralnih povr\u0161ina. Bri\u017eljivo je kreiran od posebno selektovanih mermernih agregata, visoko kvalitetnog sivog cementa, polimera i aditiva, kako bi se omogu\u0107ilo postizanje efekta izlo\u017eenog betona. Odlikuje ga odli\u010dno prianjanje na mineralne povr\u0161ine, dobra paropropusnost, izuzetna vodoodbojnost i otpornost na vremenske uticaje [&hellip;]","og_url":"https:\/\/stiroporcena.rs\/?product=maxima-concrete-cena-20kg","og_site_name":"Stiropor Cena","og_image":[{"width":400,"height":400,"url":"https:\/\/stiroporcena.rs\/wp-content\/uploads\/2024\/01\/1685013424oeqdc8msuastapdi.png","type":"image\/png"}],"twitter_card":"summary_large_image","twitter_misc":{"\u041f\u0440\u043e\u0446\u0435\u045a\u0435\u043d\u043e \u0432\u0440\u0435\u043c\u0435 \u0447\u0438\u0442\u0430\u045a\u0430":"2 \u043c\u0438\u043d\u0443\u0442\u0430"},"schema":{"@context":"https:\/\/schema.org","@graph":[{"@type":"WebPage","@id":"https:\/\/stiroporcena.rs\/?product=maxima-concrete-cena-20kg","url":"https:\/\/stiroporcena.rs\/?product=maxima-concrete-cena-20kg","name":"Maxima Concrete cena 20kg - Stiropor Cena","isPartOf":{"@id":"https:\/\/stiroporcena.rs\/#website"},"primaryImageOfPage":{"@id":"https:\/\/stiroporcena.rs\/?product=maxima-concrete-cena-20kg#primaryimage"},"image":{"@id":"https:\/\/stiroporcena.rs\/?product=maxima-concrete-cena-20kg#primaryimage"},"thumbnailUrl":"https:\/\/stiroporcena.rs\/wp-content\/uploads\/2024\/01\/1685013424oeqdc8msuastapdi.png","datePublished":"2024-01-15T10:40:47+00:00","breadcrumb":{"@id":"https:\/\/stiroporcena.rs\/?product=maxima-concrete-cena-20kg#breadcrumb"},"inLanguage":"sr-RS","potentialAction":[{"@type":"ReadAction","target":["https:\/\/stiroporcena.rs\/?product=maxima-concrete-cena-20kg"]}]},{"@type":"ImageObject","inLanguage":"sr-RS","@id":"https:\/\/stiroporcena.rs\/?product=maxima-concrete-cena-20kg#primaryimage","url":"https:\/\/stiroporcena.rs\/wp-content\/uploads\/2024\/01\/1685013424oeqdc8msuastapdi.png","contentUrl":"https:\/\/stiroporcena.rs\/wp-content\/uploads\/2024\/01\/1685013424oeqdc8msuastapdi.png","width":400,"height":400},{"@type":"BreadcrumbList","@id":"https:\/\/stiroporcena.rs\/?product=maxima-concrete-cena-20kg#breadcrumb","itemListElement":[{"@type":"ListItem","position":1,"name":"\u041f\u043e\u0447\u0435\u0442\u043d\u0430","item":"https:\/\/stiroporcena.rs\/"},{"@type":"ListItem","position":2,"name":"Shop","item":"https:\/\/stiroporcena.rs\/?page_id=1035"},{"@type":"ListItem","position":3,"name":"Maxima Concrete cena 20kg"}]},{"@type":"WebSite","@id":"https:\/\/stiroporcena.rs\/#website","url":"https:\/\/stiroporcena.rs\/","name":"Stiropor Cena","description":"Stiropor Cena","publisher":{"@id":"https:\/\/stiroporcena.rs\/#organization"},"potentialAction":[{"@type":"SearchAction","target":{"@type":"EntryPoint","urlTemplate":"https:\/\/stiroporcena.rs\/?s={search_term_string}"},"query-input":{"@type":"PropertyValueSpecification","valueRequired":true,"valueName":"search_term_string"}}],"inLanguage":"sr-RS"},{"@type":"Organization","@id":"https:\/\/stiroporcena.rs\/#organization","name":"Stiropor Cena","url":"https:\/\/stiroporcena.rs\/","logo":{"@type":"ImageObject","inLanguage":"sr-RS","@id":"https:\/\/stiroporcena.rs\/#\/schema\/logo\/image\/","url":"https:\/\/stiroporcena.rs\/wp-content\/uploads\/2026\/02\/cropped-LOGO-kontakt-300-novi.png","contentUrl":"https:\/\/stiroporcena.rs\/wp-content\/uploads\/2026\/02\/cropped-LOGO-kontakt-300-novi.png","width":300,"height":83,"caption":"Stiropor Cena"},"image":{"@id":"https:\/\/stiroporcena.rs\/#\/schema\/logo\/image\/"}}]}},"_links":{"self":[{"href":"https:\/\/stiroporcena.rs\/index.php?rest_route=\/wp\/v2\/product\/2038","targetHints":{"allow":["GET"]}}],"collection":[{"href":"https:\/\/stiroporcena.rs\/index.php?rest_route=\/wp\/v2\/product"}],"about":[{"href":"https:\/\/stiroporcena.rs\/index.php?rest_route=\/wp\/v2\/types\/product"}],"replies":[{"embeddable":true,"href":"https:\/\/stiroporcena.rs\/index.php?rest_route=%2Fwp%2Fv2%2Fcomments&post=2038"}],"wp:featuredmedia":[{"embeddable":true,"href":"https:\/\/stiroporcena.rs\/index.php?rest_route=\/wp\/v2\/media\/2039"}],"wp:attachment":[{"href":"https:\/\/stiroporcena.rs\/index.php?rest_route=%2Fwp%2Fv2%2Fmedia&parent=2038"}],"wp:term":[{"taxonomy":"product_brand","embeddable":true,"href":"https:\/\/stiroporcena.rs\/index.php?rest_route=%2Fwp%2Fv2%2Fproduct_brand&post=2038"},{"taxonomy":"product_cat","embeddable":true,"href":"https:\/\/stiroporcena.rs\/index.php?rest_route=%2Fwp%2Fv2%2Fproduct_cat&post=2038"},{"taxonomy":"product_tag","embeddable":true,"href":"https:\/\/stiroporcena.rs\/index.php?rest_route=%2Fwp%2Fv2%2Fproduct_tag&post=2038"}],"curies":[{"name":"wp","href":"https:\/\/api.w.org\/{rel}","templated":true}]}}