{"id":2152,"date":"2024-10-15T08:03:35","date_gmt":"2024-10-15T06:03:35","guid":{"rendered":"https:\/\/stiroporcena.rs\/?post_type=product&#038;p=2152"},"modified":"2025-01-18T13:14:17","modified_gmt":"2025-01-18T12:14:17","slug":"mineralna-vuna-starflex-10cm-96m2","status":"publish","type":"product","link":"https:\/\/stiroporcena.rs\/?product=mineralna-vuna-starflex-10cm-96m2","title":{"rendered":"Mineralna vuna Starflex 10cm 9,6m2"},"content":{"rendered":"<p>Mo\u017ee se koristiti za primenu u tavanskom prostoru koji se ne koristi i spu\u0161tenim plafonima. Lako se postavlja u pomenutim sistemima kao dobar toplotni i zvu\u010dni izolacioni materijal.<br \/>\nProizvodi moraju da budu skladi\u0161teni u zatvorenom ili natkrivenom prostoru.<br \/>\nOdli\u010dan je termoizolator<br \/>\nHidrofoban<br \/>\nVelika je otpornost na po\u017ear<br \/>\nRukovanje je jednostavno i lako<br \/>\nFantasti\u010dno upotpunjava \u017eeljeni prostor<br \/>\nMekana je na dodir<br \/>\nBi\u0107e manje pra\u0161ine<br \/>\nBez mirisa.<\/p>\n<p>Rolna 10cm debljine 9,6 m2<\/p>\n","protected":false},"excerpt":{"rendered":"<p>Mo\u017ee se koristiti za primenu u tavanskom prostoru koji se ne koristi i spu\u0161tenim plafonima. Lako se postavlja u pomenutim sistemima kao dobar toplotni i zvu\u010dni izolacioni materijal. Proizvodi moraju da budu skladi\u0161teni u zatvorenom ili natkrivenom prostoru. Odli\u010dan je termoizolator Hidrofoban Velika je otpornost na po\u017ear Rukovanje je jednostavno i lako Fantasti\u010dno upotpunjava \u017eeljeni [&hellip;]<\/p>\n","protected":false},"featured_media":2151,"comment_status":"open","ping_status":"closed","template":"","meta":{"ocean_post_layout":"","ocean_both_sidebars_style":"","ocean_both_sidebars_content_width":0,"ocean_both_sidebars_sidebars_width":0,"ocean_sidebar":"0","ocean_second_sidebar":"0","ocean_disable_margins":"enable","ocean_add_body_class":"","ocean_shortcode_before_top_bar":"","ocean_shortcode_after_top_bar":"","ocean_shortcode_before_header":"","ocean_shortcode_after_header":"","ocean_has_shortcode":"","ocean_shortcode_after_title":"","ocean_shortcode_before_footer_widgets":"","ocean_shortcode_after_footer_widgets":"","ocean_shortcode_before_footer_bottom":"","ocean_shortcode_after_footer_bottom":"","ocean_display_top_bar":"default","ocean_display_header":"default","ocean_header_style":"","ocean_center_header_left_menu":"0","ocean_custom_header_template":"0","ocean_custom_logo":0,"ocean_custom_retina_logo":0,"ocean_custom_logo_max_width":0,"ocean_custom_logo_tablet_max_width":0,"ocean_custom_logo_mobile_max_width":0,"ocean_custom_logo_max_height":0,"ocean_custom_logo_tablet_max_height":0,"ocean_custom_logo_mobile_max_height":0,"ocean_header_custom_menu":"0","ocean_menu_typo_font_family":"0","ocean_menu_typo_font_subset":"","ocean_menu_typo_font_size":0,"ocean_menu_typo_font_size_tablet":0,"ocean_menu_typo_font_size_mobile":0,"ocean_menu_typo_font_size_unit":"px","ocean_menu_typo_font_weight":"","ocean_menu_typo_font_weight_tablet":"","ocean_menu_typo_font_weight_mobile":"","ocean_menu_typo_transform":"","ocean_menu_typo_transform_tablet":"","ocean_menu_typo_transform_mobile":"","ocean_menu_typo_line_height":0,"ocean_menu_typo_line_height_tablet":0,"ocean_menu_typo_line_height_mobile":0,"ocean_menu_typo_line_height_unit":"","ocean_menu_typo_spacing":0,"ocean_menu_typo_spacing_tablet":0,"ocean_menu_typo_spacing_mobile":0,"ocean_menu_typo_spacing_unit":"","ocean_menu_link_color":"","ocean_menu_link_color_hover":"","ocean_menu_link_color_active":"","ocean_menu_link_background":"","ocean_menu_link_hover_background":"","ocean_menu_link_active_background":"","ocean_menu_social_links_bg":"","ocean_menu_social_hover_links_bg":"","ocean_menu_social_links_color":"","ocean_menu_social_hover_links_color":"","ocean_disable_title":"default","ocean_disable_heading":"default","ocean_post_title":"","ocean_post_subheading":"","ocean_post_title_style":"","ocean_post_title_background_color":"","ocean_post_title_background":0,"ocean_post_title_bg_image_position":"","ocean_post_title_bg_image_attachment":"","ocean_post_title_bg_image_repeat":"","ocean_post_title_bg_image_size":"","ocean_post_title_height":0,"ocean_post_title_bg_overlay":0.5,"ocean_post_title_bg_overlay_color":"","ocean_disable_breadcrumbs":"default","ocean_breadcrumbs_color":"","ocean_breadcrumbs_separator_color":"","ocean_breadcrumbs_links_color":"","ocean_breadcrumbs_links_hover_color":"","ocean_display_footer_widgets":"default","ocean_display_footer_bottom":"default","ocean_custom_footer_template":"0"},"product_brand":[],"product_cat":[71],"product_tag":[],"class_list":{"0":"post-2152","1":"product","2":"type-product","3":"status-publish","4":"has-post-thumbnail","6":"product_cat-mineralna-i-kamena-vuna","8":"entry","9":"has-media","11":"first","12":"instock","13":"sale","14":"shipping-taxable","15":"purchasable","16":"product-type-simple","17":"has-product-nav","18":"col","19":"span_1_of_3","20":"owp-content-center","21":"owp-thumbs-layout-horizontal","22":"owp-btn-normal","23":"owp-tabs-layout-horizontal","24":"has-no-thumbnails"},"yoast_head":"<!-- This site is optimized with the Yoast SEO plugin v27.2 - https:\/\/yoast.com\/product\/yoast-seo-wordpress\/ -->\n<title>Mineralna vuna Starflex 10cm 9,6m2 - Stiropor Cena<\/title>\n<meta name=\"robots\" content=\"index, follow, max-snippet:-1, max-image-preview:large, max-video-preview:-1\" \/>\n<link rel=\"canonical\" href=\"https:\/\/stiroporcena.rs\/?product=mineralna-vuna-starflex-10cm-96m2\" \/>\n<meta property=\"og:locale\" content=\"sr_RS\" \/>\n<meta property=\"og:type\" content=\"article\" \/>\n<meta property=\"og:title\" content=\"Mineralna vuna Starflex 10cm 9,6m2 - Stiropor Cena\" \/>\n<meta property=\"og:description\" content=\"Mo\u017ee se koristiti za primenu u tavanskom prostoru koji se ne koristi i spu\u0161tenim plafonima. Lako se postavlja u pomenutim sistemima kao dobar toplotni i zvu\u010dni izolacioni materijal. Proizvodi moraju da budu skladi\u0161teni u zatvorenom ili natkrivenom prostoru. Odli\u010dan je termoizolator Hidrofoban Velika je otpornost na po\u017ear Rukovanje je jednostavno i lako Fantasti\u010dno upotpunjava \u017eeljeni [&hellip;]\" \/>\n<meta property=\"og:url\" content=\"https:\/\/stiroporcena.rs\/?product=mineralna-vuna-starflex-10cm-96m2\" \/>\n<meta property=\"og:site_name\" content=\"Stiropor Cena\" \/>\n<meta property=\"article:modified_time\" content=\"2025-01-18T12:14:17+00:00\" \/>\n<meta property=\"og:image\" content=\"https:\/\/stiroporcena.rs\/wp-content\/uploads\/2024\/10\/knd-0007.jpg\" \/>\n\t<meta property=\"og:image:width\" content=\"800\" \/>\n\t<meta property=\"og:image:height\" content=\"800\" \/>\n\t<meta property=\"og:image:type\" content=\"image\/jpeg\" \/>\n<meta name=\"twitter:card\" content=\"summary_large_image\" \/>\n<script type=\"application\/ld+json\" class=\"yoast-schema-graph\">{\"@context\":\"https:\/\/schema.org\",\"@graph\":[{\"@type\":\"WebPage\",\"@id\":\"https:\/\/stiroporcena.rs\/?product=mineralna-vuna-starflex-10cm-96m2\",\"url\":\"https:\/\/stiroporcena.rs\/?product=mineralna-vuna-starflex-10cm-96m2\",\"name\":\"Mineralna vuna Starflex 10cm 9,6m2 - Stiropor Cena\",\"isPartOf\":{\"@id\":\"https:\/\/stiroporcena.rs\/#website\"},\"primaryImageOfPage\":{\"@id\":\"https:\/\/stiroporcena.rs\/?product=mineralna-vuna-starflex-10cm-96m2#primaryimage\"},\"image\":{\"@id\":\"https:\/\/stiroporcena.rs\/?product=mineralna-vuna-starflex-10cm-96m2#primaryimage\"},\"thumbnailUrl\":\"https:\/\/stiroporcena.rs\/wp-content\/uploads\/2024\/10\/knd-0007.jpg\",\"datePublished\":\"2024-10-15T06:03:35+00:00\",\"dateModified\":\"2025-01-18T12:14:17+00:00\",\"breadcrumb\":{\"@id\":\"https:\/\/stiroporcena.rs\/?product=mineralna-vuna-starflex-10cm-96m2#breadcrumb\"},\"inLanguage\":\"sr-RS\",\"potentialAction\":[{\"@type\":\"ReadAction\",\"target\":[\"https:\/\/stiroporcena.rs\/?product=mineralna-vuna-starflex-10cm-96m2\"]}]},{\"@type\":\"ImageObject\",\"inLanguage\":\"sr-RS\",\"@id\":\"https:\/\/stiroporcena.rs\/?product=mineralna-vuna-starflex-10cm-96m2#primaryimage\",\"url\":\"https:\/\/stiroporcena.rs\/wp-content\/uploads\/2024\/10\/knd-0007.jpg\",\"contentUrl\":\"https:\/\/stiroporcena.rs\/wp-content\/uploads\/2024\/10\/knd-0007.jpg\",\"width\":800,\"height\":800},{\"@type\":\"BreadcrumbList\",\"@id\":\"https:\/\/stiroporcena.rs\/?product=mineralna-vuna-starflex-10cm-96m2#breadcrumb\",\"itemListElement\":[{\"@type\":\"ListItem\",\"position\":1,\"name\":\"\u041f\u043e\u0447\u0435\u0442\u043d\u0430\",\"item\":\"https:\/\/stiroporcena.rs\/\"},{\"@type\":\"ListItem\",\"position\":2,\"name\":\"Shop\",\"item\":\"https:\/\/stiroporcena.rs\/?page_id=1035\"},{\"@type\":\"ListItem\",\"position\":3,\"name\":\"Mineralna vuna Starflex 10cm 9,6m2\"}]},{\"@type\":\"WebSite\",\"@id\":\"https:\/\/stiroporcena.rs\/#website\",\"url\":\"https:\/\/stiroporcena.rs\/\",\"name\":\"Stiropor Cena\",\"description\":\"Stiropor Cena\",\"publisher\":{\"@id\":\"https:\/\/stiroporcena.rs\/#organization\"},\"potentialAction\":[{\"@type\":\"SearchAction\",\"target\":{\"@type\":\"EntryPoint\",\"urlTemplate\":\"https:\/\/stiroporcena.rs\/?s={search_term_string}\"},\"query-input\":{\"@type\":\"PropertyValueSpecification\",\"valueRequired\":true,\"valueName\":\"search_term_string\"}}],\"inLanguage\":\"sr-RS\"},{\"@type\":\"Organization\",\"@id\":\"https:\/\/stiroporcena.rs\/#organization\",\"name\":\"Stiropor Cena\",\"url\":\"https:\/\/stiroporcena.rs\/\",\"logo\":{\"@type\":\"ImageObject\",\"inLanguage\":\"sr-RS\",\"@id\":\"https:\/\/stiroporcena.rs\/#\/schema\/logo\/image\/\",\"url\":\"https:\/\/stiroporcena.rs\/wp-content\/uploads\/2026\/02\/cropped-LOGO-kontakt-300-novi.png\",\"contentUrl\":\"https:\/\/stiroporcena.rs\/wp-content\/uploads\/2026\/02\/cropped-LOGO-kontakt-300-novi.png\",\"width\":300,\"height\":83,\"caption\":\"Stiropor Cena\"},\"image\":{\"@id\":\"https:\/\/stiroporcena.rs\/#\/schema\/logo\/image\/\"}}]}<\/script>\n<!-- \/ Yoast SEO plugin. -->","yoast_head_json":{"title":"Mineralna vuna Starflex 10cm 9,6m2 - Stiropor Cena","robots":{"index":"index","follow":"follow","max-snippet":"max-snippet:-1","max-image-preview":"max-image-preview:large","max-video-preview":"max-video-preview:-1"},"canonical":"https:\/\/stiroporcena.rs\/?product=mineralna-vuna-starflex-10cm-96m2","og_locale":"sr_RS","og_type":"article","og_title":"Mineralna vuna Starflex 10cm 9,6m2 - Stiropor Cena","og_description":"Mo\u017ee se koristiti za primenu u tavanskom prostoru koji se ne koristi i spu\u0161tenim plafonima. Lako se postavlja u pomenutim sistemima kao dobar toplotni i zvu\u010dni izolacioni materijal. Proizvodi moraju da budu skladi\u0161teni u zatvorenom ili natkrivenom prostoru. Odli\u010dan je termoizolator Hidrofoban Velika je otpornost na po\u017ear Rukovanje je jednostavno i lako Fantasti\u010dno upotpunjava \u017eeljeni [&hellip;]","og_url":"https:\/\/stiroporcena.rs\/?product=mineralna-vuna-starflex-10cm-96m2","og_site_name":"Stiropor Cena","article_modified_time":"2025-01-18T12:14:17+00:00","og_image":[{"width":800,"height":800,"url":"https:\/\/stiroporcena.rs\/wp-content\/uploads\/2024\/10\/knd-0007.jpg","type":"image\/jpeg"}],"twitter_card":"summary_large_image","schema":{"@context":"https:\/\/schema.org","@graph":[{"@type":"WebPage","@id":"https:\/\/stiroporcena.rs\/?product=mineralna-vuna-starflex-10cm-96m2","url":"https:\/\/stiroporcena.rs\/?product=mineralna-vuna-starflex-10cm-96m2","name":"Mineralna vuna Starflex 10cm 9,6m2 - Stiropor Cena","isPartOf":{"@id":"https:\/\/stiroporcena.rs\/#website"},"primaryImageOfPage":{"@id":"https:\/\/stiroporcena.rs\/?product=mineralna-vuna-starflex-10cm-96m2#primaryimage"},"image":{"@id":"https:\/\/stiroporcena.rs\/?product=mineralna-vuna-starflex-10cm-96m2#primaryimage"},"thumbnailUrl":"https:\/\/stiroporcena.rs\/wp-content\/uploads\/2024\/10\/knd-0007.jpg","datePublished":"2024-10-15T06:03:35+00:00","dateModified":"2025-01-18T12:14:17+00:00","breadcrumb":{"@id":"https:\/\/stiroporcena.rs\/?product=mineralna-vuna-starflex-10cm-96m2#breadcrumb"},"inLanguage":"sr-RS","potentialAction":[{"@type":"ReadAction","target":["https:\/\/stiroporcena.rs\/?product=mineralna-vuna-starflex-10cm-96m2"]}]},{"@type":"ImageObject","inLanguage":"sr-RS","@id":"https:\/\/stiroporcena.rs\/?product=mineralna-vuna-starflex-10cm-96m2#primaryimage","url":"https:\/\/stiroporcena.rs\/wp-content\/uploads\/2024\/10\/knd-0007.jpg","contentUrl":"https:\/\/stiroporcena.rs\/wp-content\/uploads\/2024\/10\/knd-0007.jpg","width":800,"height":800},{"@type":"BreadcrumbList","@id":"https:\/\/stiroporcena.rs\/?product=mineralna-vuna-starflex-10cm-96m2#breadcrumb","itemListElement":[{"@type":"ListItem","position":1,"name":"\u041f\u043e\u0447\u0435\u0442\u043d\u0430","item":"https:\/\/stiroporcena.rs\/"},{"@type":"ListItem","position":2,"name":"Shop","item":"https:\/\/stiroporcena.rs\/?page_id=1035"},{"@type":"ListItem","position":3,"name":"Mineralna vuna Starflex 10cm 9,6m2"}]},{"@type":"WebSite","@id":"https:\/\/stiroporcena.rs\/#website","url":"https:\/\/stiroporcena.rs\/","name":"Stiropor Cena","description":"Stiropor Cena","publisher":{"@id":"https:\/\/stiroporcena.rs\/#organization"},"potentialAction":[{"@type":"SearchAction","target":{"@type":"EntryPoint","urlTemplate":"https:\/\/stiroporcena.rs\/?s={search_term_string}"},"query-input":{"@type":"PropertyValueSpecification","valueRequired":true,"valueName":"search_term_string"}}],"inLanguage":"sr-RS"},{"@type":"Organization","@id":"https:\/\/stiroporcena.rs\/#organization","name":"Stiropor Cena","url":"https:\/\/stiroporcena.rs\/","logo":{"@type":"ImageObject","inLanguage":"sr-RS","@id":"https:\/\/stiroporcena.rs\/#\/schema\/logo\/image\/","url":"https:\/\/stiroporcena.rs\/wp-content\/uploads\/2026\/02\/cropped-LOGO-kontakt-300-novi.png","contentUrl":"https:\/\/stiroporcena.rs\/wp-content\/uploads\/2026\/02\/cropped-LOGO-kontakt-300-novi.png","width":300,"height":83,"caption":"Stiropor Cena"},"image":{"@id":"https:\/\/stiroporcena.rs\/#\/schema\/logo\/image\/"}}]}},"_links":{"self":[{"href":"https:\/\/stiroporcena.rs\/index.php?rest_route=\/wp\/v2\/product\/2152","targetHints":{"allow":["GET"]}}],"collection":[{"href":"https:\/\/stiroporcena.rs\/index.php?rest_route=\/wp\/v2\/product"}],"about":[{"href":"https:\/\/stiroporcena.rs\/index.php?rest_route=\/wp\/v2\/types\/product"}],"replies":[{"embeddable":true,"href":"https:\/\/stiroporcena.rs\/index.php?rest_route=%2Fwp%2Fv2%2Fcomments&post=2152"}],"wp:featuredmedia":[{"embeddable":true,"href":"https:\/\/stiroporcena.rs\/index.php?rest_route=\/wp\/v2\/media\/2151"}],"wp:attachment":[{"href":"https:\/\/stiroporcena.rs\/index.php?rest_route=%2Fwp%2Fv2%2Fmedia&parent=2152"}],"wp:term":[{"taxonomy":"product_brand","embeddable":true,"href":"https:\/\/stiroporcena.rs\/index.php?rest_route=%2Fwp%2Fv2%2Fproduct_brand&post=2152"},{"taxonomy":"product_cat","embeddable":true,"href":"https:\/\/stiroporcena.rs\/index.php?rest_route=%2Fwp%2Fv2%2Fproduct_cat&post=2152"},{"taxonomy":"product_tag","embeddable":true,"href":"https:\/\/stiroporcena.rs\/index.php?rest_route=%2Fwp%2Fv2%2Fproduct_tag&post=2152"}],"curies":[{"name":"wp","href":"https:\/\/api.w.org\/{rel}","templated":true}]}}