{"id":2208,"date":"2025-01-14T09:58:26","date_gmt":"2025-01-14T08:58:26","guid":{"rendered":"https:\/\/stiroporcena.rs\/?post_type=product&#038;p=2208"},"modified":"2025-03-22T11:34:50","modified_gmt":"2025-03-22T10:34:50","slug":"komplet-fasada-5cm","status":"publish","type":"product","link":"https:\/\/stiroporcena.rs\/?product=komplet-fasada-5cm","title":{"rendered":"Komplet materijal za fasadu po m2 5cm"},"content":{"rendered":"<p><b>Kompletna fasada sa belim ili grafitnim stiroporom je vrhunska termoizolacija i estetika na jednom mestu!<\/b><\/p>\n<p>Prodajemo\u00a0<b>kompletnu fasadu<\/b>\u00a0visokog kvaliteta, koja uklju\u010duje\u00a0<b>beli ili\u00a0<\/b><b>grafitni stiropor ili kamenu vunu<\/b>\u00a0za savr\u0161enu izolaciju i dodatne materijale za profesionalnu monta\u017eu. Idealan izbor za va\u0161 dom, poslovni prostor ili objekat u izgradnji!<\/p>\n<p><b>Prednosti kompletne fasade:<\/b><\/p>\n<p>\u2705\u00a0<b>U\u0161teda energije<\/b>\u00a0\u2013 smanjite tro\u0161kove grejanja i hla\u0111enja.<br \/>\n\u2705\u00a0<b>Estetski savr\u0161en izgled<\/b>\u00a0\u2013 birate zavr\u0161ni sloj koji odgovara va\u0161em objektu.<br \/>\n\u2705\u00a0<b>Dugotrajna za\u0161tita<\/b>\u00a0\u2013 otporna na vlagu, vremenske uslove i UV zra\u010denje.<br \/>\n\u2705\u00a0<b>Laka ugradnja<\/b>\u00a0\u2013 prilago\u0111eno i za profesionalne majstore i za samostalnu monta\u017eu.<\/p>\n<p><b>Kontakt: <\/b><b>065\/2787-606<\/b><br \/>\nDostupno za preuzimanje ili dostava na va\u0161u adresu po dogovoru.<\/p>\n","protected":false},"excerpt":{"rendered":"<p>Kompletna fasada sa belim ili grafitnim stiroporom je vrhunska termoizolacija i estetika na jednom mestu! Prodajemo\u00a0kompletnu fasadu\u00a0visokog kvaliteta, koja uklju\u010duje\u00a0beli ili\u00a0grafitni stiropor ili kamenu vunu\u00a0za savr\u0161enu izolaciju i dodatne materijale za profesionalnu monta\u017eu. Idealan izbor za va\u0161 dom, poslovni prostor ili objekat u izgradnji! Prednosti kompletne fasade: \u2705\u00a0U\u0161teda energije\u00a0\u2013 smanjite tro\u0161kove grejanja i hla\u0111enja. \u2705\u00a0Estetski [&hellip;]<\/p>\n","protected":false},"featured_media":1333,"comment_status":"open","ping_status":"closed","template":"","meta":{"ocean_post_layout":"","ocean_both_sidebars_style":"","ocean_both_sidebars_content_width":0,"ocean_both_sidebars_sidebars_width":0,"ocean_sidebar":"0","ocean_second_sidebar":"0","ocean_disable_margins":"enable","ocean_add_body_class":"","ocean_shortcode_before_top_bar":"","ocean_shortcode_after_top_bar":"","ocean_shortcode_before_header":"","ocean_shortcode_after_header":"","ocean_has_shortcode":"","ocean_shortcode_after_title":"","ocean_shortcode_before_footer_widgets":"","ocean_shortcode_after_footer_widgets":"","ocean_shortcode_before_footer_bottom":"","ocean_shortcode_after_footer_bottom":"","ocean_display_top_bar":"default","ocean_display_header":"default","ocean_header_style":"","ocean_center_header_left_menu":"0","ocean_custom_header_template":"0","ocean_custom_logo":0,"ocean_custom_retina_logo":0,"ocean_custom_logo_max_width":0,"ocean_custom_logo_tablet_max_width":0,"ocean_custom_logo_mobile_max_width":0,"ocean_custom_logo_max_height":0,"ocean_custom_logo_tablet_max_height":0,"ocean_custom_logo_mobile_max_height":0,"ocean_header_custom_menu":"0","ocean_menu_typo_font_family":"0","ocean_menu_typo_font_subset":"","ocean_menu_typo_font_size":0,"ocean_menu_typo_font_size_tablet":0,"ocean_menu_typo_font_size_mobile":0,"ocean_menu_typo_font_size_unit":"px","ocean_menu_typo_font_weight":"","ocean_menu_typo_font_weight_tablet":"","ocean_menu_typo_font_weight_mobile":"","ocean_menu_typo_transform":"","ocean_menu_typo_transform_tablet":"","ocean_menu_typo_transform_mobile":"","ocean_menu_typo_line_height":0,"ocean_menu_typo_line_height_tablet":0,"ocean_menu_typo_line_height_mobile":0,"ocean_menu_typo_line_height_unit":"","ocean_menu_typo_spacing":0,"ocean_menu_typo_spacing_tablet":0,"ocean_menu_typo_spacing_mobile":0,"ocean_menu_typo_spacing_unit":"","ocean_menu_link_color":"","ocean_menu_link_color_hover":"","ocean_menu_link_color_active":"","ocean_menu_link_background":"","ocean_menu_link_hover_background":"","ocean_menu_link_active_background":"","ocean_menu_social_links_bg":"","ocean_menu_social_hover_links_bg":"","ocean_menu_social_links_color":"","ocean_menu_social_hover_links_color":"","ocean_disable_title":"default","ocean_disable_heading":"default","ocean_post_title":"","ocean_post_subheading":"","ocean_post_title_style":"","ocean_post_title_background_color":"","ocean_post_title_background":0,"ocean_post_title_bg_image_position":"","ocean_post_title_bg_image_attachment":"","ocean_post_title_bg_image_repeat":"","ocean_post_title_bg_image_size":"","ocean_post_title_height":0,"ocean_post_title_bg_overlay":0.5,"ocean_post_title_bg_overlay_color":"","ocean_disable_breadcrumbs":"default","ocean_breadcrumbs_color":"","ocean_breadcrumbs_separator_color":"","ocean_breadcrumbs_links_color":"","ocean_breadcrumbs_links_hover_color":"","ocean_display_footer_widgets":"default","ocean_display_footer_bottom":"default","ocean_custom_footer_template":"0"},"product_brand":[],"product_cat":[65,60,61],"product_tag":[],"class_list":{"0":"post-2208","1":"product","2":"type-product","3":"status-publish","4":"has-post-thumbnail","6":"product_cat-fasada","7":"product_cat-stiropor","8":"product_cat-stiropor-i-prateci-program","10":"entry","11":"has-media","13":"first","14":"instock","15":"sale","16":"shipping-taxable","17":"purchasable","18":"product-type-simple","19":"has-product-nav","20":"col","21":"span_1_of_3","22":"owp-content-center","23":"owp-thumbs-layout-horizontal","24":"owp-btn-normal","25":"owp-tabs-layout-horizontal","26":"has-no-thumbnails"},"yoast_head":"<!-- This site is optimized with the Yoast SEO plugin v27.2 - https:\/\/yoast.com\/product\/yoast-seo-wordpress\/ -->\n<title>Komplet materijal za fasadu po m2 5cm - Stiropor Cena<\/title>\n<meta name=\"robots\" content=\"index, follow, max-snippet:-1, max-image-preview:large, max-video-preview:-1\" \/>\n<link rel=\"canonical\" href=\"https:\/\/stiroporcena.rs\/?product=komplet-fasada-5cm\" \/>\n<meta property=\"og:locale\" content=\"sr_RS\" \/>\n<meta property=\"og:type\" content=\"article\" \/>\n<meta property=\"og:title\" content=\"Komplet materijal za fasadu po m2 5cm - Stiropor Cena\" \/>\n<meta property=\"og:description\" content=\"Kompletna fasada sa belim ili grafitnim stiroporom je vrhunska termoizolacija i estetika na jednom mestu! Prodajemo\u00a0kompletnu fasadu\u00a0visokog kvaliteta, koja uklju\u010duje\u00a0beli ili\u00a0grafitni stiropor ili kamenu vunu\u00a0za savr\u0161enu izolaciju i dodatne materijale za profesionalnu monta\u017eu. Idealan izbor za va\u0161 dom, poslovni prostor ili objekat u izgradnji! Prednosti kompletne fasade: \u2705\u00a0U\u0161teda energije\u00a0\u2013 smanjite tro\u0161kove grejanja i hla\u0111enja. \u2705\u00a0Estetski [&hellip;]\" \/>\n<meta property=\"og:url\" content=\"https:\/\/stiroporcena.rs\/?product=komplet-fasada-5cm\" \/>\n<meta property=\"og:site_name\" content=\"Stiropor Cena\" \/>\n<meta property=\"article:modified_time\" content=\"2025-03-22T10:34:50+00:00\" \/>\n<meta property=\"og:image\" content=\"https:\/\/stiroporcena.rs\/wp-content\/uploads\/2022\/04\/cropped-logo-radni.png\" \/>\n\t<meta property=\"og:image:width\" content=\"375\" \/>\n\t<meta property=\"og:image:height\" content=\"100\" \/>\n\t<meta property=\"og:image:type\" content=\"image\/png\" \/>\n<meta name=\"twitter:card\" content=\"summary_large_image\" \/>\n<meta name=\"twitter:label1\" content=\"\u041f\u0440\u043e\u0446\u0435\u045a\u0435\u043d\u043e \u0432\u0440\u0435\u043c\u0435 \u0447\u0438\u0442\u0430\u045a\u0430\" \/>\n\t<meta name=\"twitter:data1\" content=\"1 \u043c\u0438\u043d\u0443\u0442\" \/>\n<script type=\"application\/ld+json\" class=\"yoast-schema-graph\">{\"@context\":\"https:\/\/schema.org\",\"@graph\":[{\"@type\":\"WebPage\",\"@id\":\"https:\/\/stiroporcena.rs\/?product=komplet-fasada-5cm\",\"url\":\"https:\/\/stiroporcena.rs\/?product=komplet-fasada-5cm\",\"name\":\"Komplet materijal za fasadu po m2 5cm - Stiropor Cena\",\"isPartOf\":{\"@id\":\"https:\/\/stiroporcena.rs\/#website\"},\"primaryImageOfPage\":{\"@id\":\"https:\/\/stiroporcena.rs\/?product=komplet-fasada-5cm#primaryimage\"},\"image\":{\"@id\":\"https:\/\/stiroporcena.rs\/?product=komplet-fasada-5cm#primaryimage\"},\"thumbnailUrl\":\"https:\/\/stiroporcena.rs\/wp-content\/uploads\/2022\/04\/cropped-logo-radni.png\",\"datePublished\":\"2025-01-14T08:58:26+00:00\",\"dateModified\":\"2025-03-22T10:34:50+00:00\",\"breadcrumb\":{\"@id\":\"https:\/\/stiroporcena.rs\/?product=komplet-fasada-5cm#breadcrumb\"},\"inLanguage\":\"sr-RS\",\"potentialAction\":[{\"@type\":\"ReadAction\",\"target\":[\"https:\/\/stiroporcena.rs\/?product=komplet-fasada-5cm\"]}]},{\"@type\":\"ImageObject\",\"inLanguage\":\"sr-RS\",\"@id\":\"https:\/\/stiroporcena.rs\/?product=komplet-fasada-5cm#primaryimage\",\"url\":\"https:\/\/stiroporcena.rs\/wp-content\/uploads\/2022\/04\/cropped-logo-radni.png\",\"contentUrl\":\"https:\/\/stiroporcena.rs\/wp-content\/uploads\/2022\/04\/cropped-logo-radni.png\",\"width\":375,\"height\":100},{\"@type\":\"BreadcrumbList\",\"@id\":\"https:\/\/stiroporcena.rs\/?product=komplet-fasada-5cm#breadcrumb\",\"itemListElement\":[{\"@type\":\"ListItem\",\"position\":1,\"name\":\"\u041f\u043e\u0447\u0435\u0442\u043d\u0430\",\"item\":\"https:\/\/stiroporcena.rs\/\"},{\"@type\":\"ListItem\",\"position\":2,\"name\":\"Shop\",\"item\":\"https:\/\/stiroporcena.rs\/?page_id=1035\"},{\"@type\":\"ListItem\",\"position\":3,\"name\":\"Komplet materijal za fasadu po m2 5cm\"}]},{\"@type\":\"WebSite\",\"@id\":\"https:\/\/stiroporcena.rs\/#website\",\"url\":\"https:\/\/stiroporcena.rs\/\",\"name\":\"Stiropor Cena\",\"description\":\"Stiropor Cena\",\"publisher\":{\"@id\":\"https:\/\/stiroporcena.rs\/#organization\"},\"potentialAction\":[{\"@type\":\"SearchAction\",\"target\":{\"@type\":\"EntryPoint\",\"urlTemplate\":\"https:\/\/stiroporcena.rs\/?s={search_term_string}\"},\"query-input\":{\"@type\":\"PropertyValueSpecification\",\"valueRequired\":true,\"valueName\":\"search_term_string\"}}],\"inLanguage\":\"sr-RS\"},{\"@type\":\"Organization\",\"@id\":\"https:\/\/stiroporcena.rs\/#organization\",\"name\":\"Stiropor Cena\",\"url\":\"https:\/\/stiroporcena.rs\/\",\"logo\":{\"@type\":\"ImageObject\",\"inLanguage\":\"sr-RS\",\"@id\":\"https:\/\/stiroporcena.rs\/#\/schema\/logo\/image\/\",\"url\":\"https:\/\/stiroporcena.rs\/wp-content\/uploads\/2026\/02\/cropped-LOGO-kontakt-300-novi.png\",\"contentUrl\":\"https:\/\/stiroporcena.rs\/wp-content\/uploads\/2026\/02\/cropped-LOGO-kontakt-300-novi.png\",\"width\":300,\"height\":83,\"caption\":\"Stiropor Cena\"},\"image\":{\"@id\":\"https:\/\/stiroporcena.rs\/#\/schema\/logo\/image\/\"}}]}<\/script>\n<!-- \/ Yoast SEO plugin. -->","yoast_head_json":{"title":"Komplet materijal za fasadu po m2 5cm - Stiropor Cena","robots":{"index":"index","follow":"follow","max-snippet":"max-snippet:-1","max-image-preview":"max-image-preview:large","max-video-preview":"max-video-preview:-1"},"canonical":"https:\/\/stiroporcena.rs\/?product=komplet-fasada-5cm","og_locale":"sr_RS","og_type":"article","og_title":"Komplet materijal za fasadu po m2 5cm - Stiropor Cena","og_description":"Kompletna fasada sa belim ili grafitnim stiroporom je vrhunska termoizolacija i estetika na jednom mestu! Prodajemo\u00a0kompletnu fasadu\u00a0visokog kvaliteta, koja uklju\u010duje\u00a0beli ili\u00a0grafitni stiropor ili kamenu vunu\u00a0za savr\u0161enu izolaciju i dodatne materijale za profesionalnu monta\u017eu. Idealan izbor za va\u0161 dom, poslovni prostor ili objekat u izgradnji! Prednosti kompletne fasade: \u2705\u00a0U\u0161teda energije\u00a0\u2013 smanjite tro\u0161kove grejanja i hla\u0111enja. \u2705\u00a0Estetski [&hellip;]","og_url":"https:\/\/stiroporcena.rs\/?product=komplet-fasada-5cm","og_site_name":"Stiropor Cena","article_modified_time":"2025-03-22T10:34:50+00:00","og_image":[{"width":375,"height":100,"url":"https:\/\/stiroporcena.rs\/wp-content\/uploads\/2022\/04\/cropped-logo-radni.png","type":"image\/png"}],"twitter_card":"summary_large_image","twitter_misc":{"\u041f\u0440\u043e\u0446\u0435\u045a\u0435\u043d\u043e \u0432\u0440\u0435\u043c\u0435 \u0447\u0438\u0442\u0430\u045a\u0430":"1 \u043c\u0438\u043d\u0443\u0442"},"schema":{"@context":"https:\/\/schema.org","@graph":[{"@type":"WebPage","@id":"https:\/\/stiroporcena.rs\/?product=komplet-fasada-5cm","url":"https:\/\/stiroporcena.rs\/?product=komplet-fasada-5cm","name":"Komplet materijal za fasadu po m2 5cm - Stiropor Cena","isPartOf":{"@id":"https:\/\/stiroporcena.rs\/#website"},"primaryImageOfPage":{"@id":"https:\/\/stiroporcena.rs\/?product=komplet-fasada-5cm#primaryimage"},"image":{"@id":"https:\/\/stiroporcena.rs\/?product=komplet-fasada-5cm#primaryimage"},"thumbnailUrl":"https:\/\/stiroporcena.rs\/wp-content\/uploads\/2022\/04\/cropped-logo-radni.png","datePublished":"2025-01-14T08:58:26+00:00","dateModified":"2025-03-22T10:34:50+00:00","breadcrumb":{"@id":"https:\/\/stiroporcena.rs\/?product=komplet-fasada-5cm#breadcrumb"},"inLanguage":"sr-RS","potentialAction":[{"@type":"ReadAction","target":["https:\/\/stiroporcena.rs\/?product=komplet-fasada-5cm"]}]},{"@type":"ImageObject","inLanguage":"sr-RS","@id":"https:\/\/stiroporcena.rs\/?product=komplet-fasada-5cm#primaryimage","url":"https:\/\/stiroporcena.rs\/wp-content\/uploads\/2022\/04\/cropped-logo-radni.png","contentUrl":"https:\/\/stiroporcena.rs\/wp-content\/uploads\/2022\/04\/cropped-logo-radni.png","width":375,"height":100},{"@type":"BreadcrumbList","@id":"https:\/\/stiroporcena.rs\/?product=komplet-fasada-5cm#breadcrumb","itemListElement":[{"@type":"ListItem","position":1,"name":"\u041f\u043e\u0447\u0435\u0442\u043d\u0430","item":"https:\/\/stiroporcena.rs\/"},{"@type":"ListItem","position":2,"name":"Shop","item":"https:\/\/stiroporcena.rs\/?page_id=1035"},{"@type":"ListItem","position":3,"name":"Komplet materijal za fasadu po m2 5cm"}]},{"@type":"WebSite","@id":"https:\/\/stiroporcena.rs\/#website","url":"https:\/\/stiroporcena.rs\/","name":"Stiropor Cena","description":"Stiropor Cena","publisher":{"@id":"https:\/\/stiroporcena.rs\/#organization"},"potentialAction":[{"@type":"SearchAction","target":{"@type":"EntryPoint","urlTemplate":"https:\/\/stiroporcena.rs\/?s={search_term_string}"},"query-input":{"@type":"PropertyValueSpecification","valueRequired":true,"valueName":"search_term_string"}}],"inLanguage":"sr-RS"},{"@type":"Organization","@id":"https:\/\/stiroporcena.rs\/#organization","name":"Stiropor Cena","url":"https:\/\/stiroporcena.rs\/","logo":{"@type":"ImageObject","inLanguage":"sr-RS","@id":"https:\/\/stiroporcena.rs\/#\/schema\/logo\/image\/","url":"https:\/\/stiroporcena.rs\/wp-content\/uploads\/2026\/02\/cropped-LOGO-kontakt-300-novi.png","contentUrl":"https:\/\/stiroporcena.rs\/wp-content\/uploads\/2026\/02\/cropped-LOGO-kontakt-300-novi.png","width":300,"height":83,"caption":"Stiropor Cena"},"image":{"@id":"https:\/\/stiroporcena.rs\/#\/schema\/logo\/image\/"}}]}},"_links":{"self":[{"href":"https:\/\/stiroporcena.rs\/index.php?rest_route=\/wp\/v2\/product\/2208","targetHints":{"allow":["GET"]}}],"collection":[{"href":"https:\/\/stiroporcena.rs\/index.php?rest_route=\/wp\/v2\/product"}],"about":[{"href":"https:\/\/stiroporcena.rs\/index.php?rest_route=\/wp\/v2\/types\/product"}],"replies":[{"embeddable":true,"href":"https:\/\/stiroporcena.rs\/index.php?rest_route=%2Fwp%2Fv2%2Fcomments&post=2208"}],"wp:featuredmedia":[{"embeddable":true,"href":"https:\/\/stiroporcena.rs\/index.php?rest_route=\/wp\/v2\/media\/1333"}],"wp:attachment":[{"href":"https:\/\/stiroporcena.rs\/index.php?rest_route=%2Fwp%2Fv2%2Fmedia&parent=2208"}],"wp:term":[{"taxonomy":"product_brand","embeddable":true,"href":"https:\/\/stiroporcena.rs\/index.php?rest_route=%2Fwp%2Fv2%2Fproduct_brand&post=2208"},{"taxonomy":"product_cat","embeddable":true,"href":"https:\/\/stiroporcena.rs\/index.php?rest_route=%2Fwp%2Fv2%2Fproduct_cat&post=2208"},{"taxonomy":"product_tag","embeddable":true,"href":"https:\/\/stiroporcena.rs\/index.php?rest_route=%2Fwp%2Fv2%2Fproduct_tag&post=2208"}],"curies":[{"name":"wp","href":"https:\/\/api.w.org\/{rel}","templated":true}]}}